{"id":633135,"date":"2022-10-23T10:02:40","date_gmt":"2022-10-23T13:02:40","guid":{"rendered":"https:\/\/hillsong.com\/argentina\/?page_id=633135"},"modified":"2024-06-14T06:05:42","modified_gmt":"2024-06-14T09:05:42","slug":"kingdombuilders","status":"publish","type":"page","link":"https:\/\/hillsong.com\/argentina\/pt\/foundation\/kingdombuilders\/","title":{"rendered":"Hillsong Foundation Kindom Builders"},"content":{"rendered":"<p class=\"qtranxs-available-languages-message qtranxs-available-languages-message-pt\">Desculpe, este conte\u00fado s\u00f3 est\u00e1 dispon\u00edvel em <a href=\"https:\/\/hillsong.com\/argentina\/en\/wp-json\/wp\/v2\/pages\/633135\/\" class=\"qtranxs-available-language-link qtranxs-available-language-link-en\" title=\"English\">Ingl\u00eas (Eua)<\/a>.<\/p><p><\/p>\n<style>\n.hola {}\n.title-div {\n    font-family: goldenbook, serif !important;\n    font-size: 100px !important;\n    line-height: 85px !important;\n    font-weight: 300;\n    font-style: normal !important;\n    text-transform: uppercase !important;\n    color: #e9e0d9;\n}\n.hola {}\n@media (max-width: 500px) {\n    #title-header {\n    font-size: 68px!important;\n    line-height: 64px !important;\n  }\n}<\/p>\n<p>.builders { font-family: proxima-nova, sans-serif; font-weight: 100;}\n.site-nav, .site-nav-list { background-color: #e9e0d9;}\n.header .title .subtitle h2 {\n    font-family: proxima-nova, sans-serif;\n    font-size: 55px;\n    line-height: 50px;\n    letter-spacing: -.02em;\n    font-weight: 100;\n    font-style: normal;\n    color: #e9e0d9;\n}\n<\/style>\n<p><\/p>","protected":false},"excerpt":{"rendered":"<p>Desculpe, este conte\u00fado s\u00f3 est\u00e1 dispon\u00edvel em Ingl\u00eas (Eua).<\/p>\n","protected":false},"author":49345,"featured_media":0,"parent":633099,"menu_order":0,"comment_status":"closed","ping_status":"closed","template":"","meta":{"footnotes":""},"acf":[],"yoast_head":"<!-- This site is optimized with the Yoast SEO plugin v18.9 - https:\/\/yoast.com\/wordpress\/plugins\/seo\/ -->\n<title><\/title>\n<meta name=\"robots\" content=\"index, follow, max-snippet:-1, max-image-preview:large, max-video-preview:-1\" \/>\n<link rel=\"canonical\" href=\"https:\/\/hillsong.com\/argentina\/foundation\/kingdombuilders\/\" \/>\n<meta property=\"og:locale\" content=\"pt_PT\" \/>\n<meta property=\"og:type\" content=\"article\" \/>\n<meta property=\"og:title\" content=\"[:en]Hillsong Foundation Kindom Builders[:] - Argentina\" \/>\n<meta property=\"og:description\" content=\"Desculpe, este conte\u00fado s\u00f3 est\u00e1 dispon\u00edvel em Ingl\u00eas (Eua).\" \/>\n<meta property=\"og:url\" content=\"https:\/\/hillsong.com\/argentina\/foundation\/kingdombuilders\/\" \/>\n<meta property=\"og:site_name\" content=\"Argentina\" \/>\n<meta property=\"article:modified_time\" content=\"2024-06-14T09:05:42+00:00\" \/>\n<meta name=\"twitter:card\" content=\"summary_large_image\" \/>\n<script type=\"application\/ld+json\" class=\"yoast-schema-graph\">{\"@context\":\"https:\/\/schema.org\",\"@graph\":[{\"@type\":\"WebSite\",\"@id\":\"https:\/\/hillsong.com\/argentina\/es\/#website\",\"url\":\"https:\/\/hillsong.com\/argentina\/es\/\",\"name\":\"Argentina\",\"description\":\"\",\"potentialAction\":[{\"@type\":\"SearchAction\",\"target\":{\"@type\":\"EntryPoint\",\"urlTemplate\":\"https:\/\/hillsong.com\/argentina\/es\/?s={search_term_string}\"},\"query-input\":\"required name=search_term_string\"}],\"inLanguage\":\"pt-PT\"},{\"@type\":\"WebPage\",\"@id\":\"https:\/\/hillsong.com\/argentina\/foundation\/kingdombuilders\/#webpage\",\"url\":\"https:\/\/hillsong.com\/argentina\/foundation\/kingdombuilders\/\",\"name\":\"[:en]Hillsong Foundation Kindom Builders[:] - Argentina\",\"isPartOf\":{\"@id\":\"https:\/\/hillsong.com\/argentina\/es\/#website\"},\"datePublished\":\"2022-10-23T13:02:40+00:00\",\"dateModified\":\"2024-06-14T09:05:42+00:00\",\"breadcrumb\":{\"@id\":\"https:\/\/hillsong.com\/argentina\/foundation\/kingdombuilders\/#breadcrumb\"},\"inLanguage\":\"pt-PT\",\"potentialAction\":[{\"@type\":\"ReadAction\",\"target\":[\"https:\/\/hillsong.com\/argentina\/foundation\/kingdombuilders\/\"]}]},{\"@type\":\"BreadcrumbList\",\"@id\":\"https:\/\/hillsong.com\/argentina\/foundation\/kingdombuilders\/#breadcrumb\",\"itemListElement\":[{\"@type\":\"ListItem\",\"position\":1,\"name\":\"Home\",\"item\":\"https:\/\/hillsong.com\/argentina\/es\/\"},{\"@type\":\"ListItem\",\"position\":2,\"name\":\"Hillsong Foundation\",\"item\":\"https:\/\/hillsong.com\/argentina\/es\/foundation\/\"},{\"@type\":\"ListItem\",\"position\":3,\"name\":\"Hillsong Foundation Kindom Builders\"}]}]}<\/script>\n<!-- \/ Yoast SEO plugin. -->","yoast_head_json":{"title":"[:en]Hillsong Foundation Kindom Builders[:] - Argentina","robots":{"index":"index","follow":"follow","max-snippet":"max-snippet:-1","max-image-preview":"max-image-preview:large","max-video-preview":"max-video-preview:-1"},"canonical":"https:\/\/hillsong.com\/argentina\/foundation\/kingdombuilders\/","og_locale":"pt_PT","og_type":"article","og_title":"[:en]Hillsong Foundation Kindom Builders[:] - Argentina","og_description":"Desculpe, este conte\u00fado s\u00f3 est\u00e1 dispon\u00edvel em Ingl\u00eas (Eua).","og_url":"https:\/\/hillsong.com\/argentina\/foundation\/kingdombuilders\/","og_site_name":"Argentina","article_modified_time":"2024-06-14T09:05:42+00:00","twitter_card":"summary_large_image","schema":{"@context":"https:\/\/schema.org","@graph":[{"@type":"WebSite","@id":"https:\/\/hillsong.com\/argentina\/es\/#website","url":"https:\/\/hillsong.com\/argentina\/es\/","name":"Argentina","description":"","potentialAction":[{"@type":"SearchAction","target":{"@type":"EntryPoint","urlTemplate":"https:\/\/hillsong.com\/argentina\/es\/?s={search_term_string}"},"query-input":"required name=search_term_string"}],"inLanguage":"pt-PT"},{"@type":"WebPage","@id":"https:\/\/hillsong.com\/argentina\/foundation\/kingdombuilders\/#webpage","url":"https:\/\/hillsong.com\/argentina\/foundation\/kingdombuilders\/","name":"[:en]Hillsong Foundation Kindom Builders[:] - Argentina","isPartOf":{"@id":"https:\/\/hillsong.com\/argentina\/es\/#website"},"datePublished":"2022-10-23T13:02:40+00:00","dateModified":"2024-06-14T09:05:42+00:00","breadcrumb":{"@id":"https:\/\/hillsong.com\/argentina\/foundation\/kingdombuilders\/#breadcrumb"},"inLanguage":"pt-PT","potentialAction":[{"@type":"ReadAction","target":["https:\/\/hillsong.com\/argentina\/foundation\/kingdombuilders\/"]}]},{"@type":"BreadcrumbList","@id":"https:\/\/hillsong.com\/argentina\/foundation\/kingdombuilders\/#breadcrumb","itemListElement":[{"@type":"ListItem","position":1,"name":"Home","item":"https:\/\/hillsong.com\/argentina\/es\/"},{"@type":"ListItem","position":2,"name":"Hillsong Foundation","item":"https:\/\/hillsong.com\/argentina\/es\/foundation\/"},{"@type":"ListItem","position":3,"name":"Hillsong Foundation Kindom Builders"}]}]}},"_links":{"self":[{"href":"https:\/\/hillsong.com\/argentina\/pt\/wp-json\/wp\/v2\/pages\/633135"}],"collection":[{"href":"https:\/\/hillsong.com\/argentina\/pt\/wp-json\/wp\/v2\/pages"}],"about":[{"href":"https:\/\/hillsong.com\/argentina\/pt\/wp-json\/wp\/v2\/types\/page"}],"author":[{"embeddable":true,"href":"https:\/\/hillsong.com\/argentina\/pt\/wp-json\/wp\/v2\/users\/49345"}],"replies":[{"embeddable":true,"href":"https:\/\/hillsong.com\/argentina\/pt\/wp-json\/wp\/v2\/comments?post=633135"}],"version-history":[{"count":4,"href":"https:\/\/hillsong.com\/argentina\/pt\/wp-json\/wp\/v2\/pages\/633135\/revisions"}],"predecessor-version":[{"id":633923,"href":"https:\/\/hillsong.com\/argentina\/pt\/wp-json\/wp\/v2\/pages\/633135\/revisions\/633923"}],"up":[{"embeddable":true,"href":"https:\/\/hillsong.com\/argentina\/pt\/wp-json\/wp\/v2\/pages\/633099"}],"wp:attachment":[{"href":"https:\/\/hillsong.com\/argentina\/pt\/wp-json\/wp\/v2\/media?parent=633135"}],"curies":[{"name":"wp","href":"https:\/\/api.w.org\/{rel}","templated":true}]}}