{"id":548925,"date":"2019-07-17T00:00:00","date_gmt":"2019-07-17T00:00:00","guid":{"rendered":"https:\/\/hillsong.com\/?page_id=548925"},"modified":"2025-08-22T18:48:57","modified_gmt":"2025-08-22T21:48:57","slug":"jesus","status":"publish","type":"page","link":"https:\/\/hillsong.com\/argentina\/buenosaires\/jesus\/","title":{"rendered":"Jesus &#8211; \u00bfQui\u00e9n es Jes\u00fas y qu\u00e9 significa \u00c9l para m\u00ed?"},"content":{"rendered":"","protected":false},"excerpt":{"rendered":"","protected":false},"author":51281,"featured_media":0,"parent":175936,"menu_order":0,"comment_status":"open","ping_status":"closed","template":"","meta":{"footnotes":""},"acf":[],"yoast_head":"<!-- This site is optimized with the Yoast SEO plugin v18.9 - https:\/\/yoast.com\/wordpress\/plugins\/seo\/ -->\n<title>Jesus - \u00bfQui\u00e9n es Jes\u00fas y qu\u00e9 significa \u00c9l para m\u00ed? - Argentina<\/title>\n<meta name=\"robots\" content=\"index, follow, max-snippet:-1, max-image-preview:large, max-video-preview:-1\" \/>\n<link rel=\"canonical\" href=\"https:\/\/hillsong.com\/argentina\/buenosaires\/jesus\/\" \/>\n<meta property=\"og:locale\" content=\"en_US\" \/>\n<meta property=\"og:type\" content=\"article\" \/>\n<meta property=\"og:title\" content=\"[:en]Jesus - \u00bfQui\u00e9n es Jes\u00fas y qu\u00e9 significa \u00c9l para m\u00ed?[:de]Jesus - Wer ist Jesus und was bedeutet das f\u00fcr uns[:fr]Jesus - Qui est J\u00e9sus ?[:es]Jesus - \u00bfQui\u00e9n es Jes\u00fas y qu\u00e9 significa \u00c9l para m\u00ed?[:pt]Jesus - Quem \u00c9 Jesus?[:pb]Jesus - \u00bfQui\u00e9n es Jes\u00fas y qu\u00e9 significa \u00c9l para m\u00ed?[:ru]Jesus - \u0425\u0442\u043e \u0442\u0430\u043a\u0438\u0439 \u0406\u0441\u0443\u0441? [:sv]Jesus - Who Jesus Is and What That Means for Us[:id]Jesus - Who Jesus Is and What That Means for Us[:da]Jesus - Who Jesus Is and What That Means for Us[:no]Jesus - Who Jesus Is and What That Means for Us[:nl]Jesus - Who Jesus Is and What That Means for Us[:it]Jesus - Chi \u00e8 Ges\u00f9?[:] - Argentina\" \/>\n<meta property=\"og:url\" content=\"https:\/\/hillsong.com\/argentina\/buenosaires\/jesus\/\" \/>\n<meta property=\"og:site_name\" content=\"Argentina\" \/>\n<meta property=\"article:modified_time\" content=\"2025-08-22T21:48:57+00:00\" \/>\n<meta name=\"twitter:card\" content=\"summary_large_image\" \/>\n<script type=\"application\/ld+json\" class=\"yoast-schema-graph\">{\"@context\":\"https:\/\/schema.org\",\"@graph\":[{\"@type\":\"WebSite\",\"@id\":\"https:\/\/hillsong.com\/argentina\/es\/#website\",\"url\":\"https:\/\/hillsong.com\/argentina\/es\/\",\"name\":\"Argentina\",\"description\":\"\",\"potentialAction\":[{\"@type\":\"SearchAction\",\"target\":{\"@type\":\"EntryPoint\",\"urlTemplate\":\"https:\/\/hillsong.com\/argentina\/es\/?s={search_term_string}\"},\"query-input\":\"required name=search_term_string\"}],\"inLanguage\":\"en-US\"},{\"@type\":\"WebPage\",\"@id\":\"https:\/\/hillsong.com\/argentina\/buenosaires\/jesus\/#webpage\",\"url\":\"https:\/\/hillsong.com\/argentina\/buenosaires\/jesus\/\",\"name\":\"[:en]Jesus - \u00bfQui\u00e9n es Jes\u00fas y qu\u00e9 significa \u00c9l para m\u00ed?[:de]Jesus - Wer ist Jesus und was bedeutet das f\u00fcr uns[:fr]Jesus - Qui est J\u00e9sus ?[:es]Jesus - \u00bfQui\u00e9n es Jes\u00fas y qu\u00e9 significa \u00c9l para m\u00ed?[:pt]Jesus - Quem \u00c9 Jesus?[:pb]Jesus - \u00bfQui\u00e9n es Jes\u00fas y qu\u00e9 significa \u00c9l para m\u00ed?[:ru]Jesus - \u0425\u0442\u043e \u0442\u0430\u043a\u0438\u0439 \u0406\u0441\u0443\u0441? [:sv]Jesus - Who Jesus Is and What That Means for Us[:id]Jesus - Who Jesus Is and What That Means for Us[:da]Jesus - Who Jesus Is and What That Means for Us[:no]Jesus - Who Jesus Is and What That Means for Us[:nl]Jesus - Who Jesus Is and What That Means for Us[:it]Jesus - Chi \u00e8 Ges\u00f9?[:] - Argentina\",\"isPartOf\":{\"@id\":\"https:\/\/hillsong.com\/argentina\/es\/#website\"},\"datePublished\":\"2019-07-17T00:00:00+00:00\",\"dateModified\":\"2025-08-22T21:48:57+00:00\",\"breadcrumb\":{\"@id\":\"https:\/\/hillsong.com\/argentina\/buenosaires\/jesus\/#breadcrumb\"},\"inLanguage\":\"en-US\",\"potentialAction\":[{\"@type\":\"ReadAction\",\"target\":[\"https:\/\/hillsong.com\/argentina\/buenosaires\/jesus\/\"]}]},{\"@type\":\"BreadcrumbList\",\"@id\":\"https:\/\/hillsong.com\/argentina\/buenosaires\/jesus\/#breadcrumb\",\"itemListElement\":[{\"@type\":\"ListItem\",\"position\":1,\"name\":\"Home\",\"item\":\"https:\/\/hillsong.com\/argentina\/es\/\"},{\"@type\":\"ListItem\",\"position\":2,\"name\":\"Buenos Aires\",\"item\":\"https:\/\/hillsong.com\/argentina\/buenosaires\/\"},{\"@type\":\"ListItem\",\"position\":3,\"name\":\"Jesus &#8211; \u00bfQui\u00e9n es Jes\u00fas y qu\u00e9 significa \u00c9l para m\u00ed?\"}]}]}<\/script>\n<!-- \/ Yoast SEO plugin. -->","yoast_head_json":{"title":"[:en]Jesus - \u00bfQui\u00e9n es Jes\u00fas y qu\u00e9 significa \u00c9l para m\u00ed?[:de]Jesus - Wer ist Jesus und was bedeutet das f\u00fcr uns[:fr]Jesus - Qui est J\u00e9sus ?[:es]Jesus - \u00bfQui\u00e9n es Jes\u00fas y qu\u00e9 significa \u00c9l para m\u00ed?[:pt]Jesus - Quem \u00c9 Jesus?[:pb]Jesus - \u00bfQui\u00e9n es Jes\u00fas y qu\u00e9 significa \u00c9l para m\u00ed?[:ru]Jesus - \u0425\u0442\u043e \u0442\u0430\u043a\u0438\u0439 \u0406\u0441\u0443\u0441? [:sv]Jesus - Who Jesus Is and What That Means for Us[:id]Jesus - Who Jesus Is and What That Means for Us[:da]Jesus - Who Jesus Is and What That Means for Us[:no]Jesus - Who Jesus Is and What That Means for Us[:nl]Jesus - Who Jesus Is and What That Means for Us[:it]Jesus - Chi \u00e8 Ges\u00f9?[:] - Argentina","robots":{"index":"index","follow":"follow","max-snippet":"max-snippet:-1","max-image-preview":"max-image-preview:large","max-video-preview":"max-video-preview:-1"},"canonical":"https:\/\/hillsong.com\/argentina\/buenosaires\/jesus\/","og_locale":"en_US","og_type":"article","og_title":"[:en]Jesus - \u00bfQui\u00e9n es Jes\u00fas y qu\u00e9 significa \u00c9l para m\u00ed?[:de]Jesus - Wer ist Jesus und was bedeutet das f\u00fcr uns[:fr]Jesus - Qui est J\u00e9sus ?[:es]Jesus - \u00bfQui\u00e9n es Jes\u00fas y qu\u00e9 significa \u00c9l para m\u00ed?[:pt]Jesus - Quem \u00c9 Jesus?[:pb]Jesus - \u00bfQui\u00e9n es Jes\u00fas y qu\u00e9 significa \u00c9l para m\u00ed?[:ru]Jesus - \u0425\u0442\u043e \u0442\u0430\u043a\u0438\u0439 \u0406\u0441\u0443\u0441? [:sv]Jesus - Who Jesus Is and What That Means for Us[:id]Jesus - Who Jesus Is and What That Means for Us[:da]Jesus - Who Jesus Is and What That Means for Us[:no]Jesus - Who Jesus Is and What That Means for Us[:nl]Jesus - Who Jesus Is and What That Means for Us[:it]Jesus - Chi \u00e8 Ges\u00f9?[:] - Argentina","og_url":"https:\/\/hillsong.com\/argentina\/buenosaires\/jesus\/","og_site_name":"Argentina","article_modified_time":"2025-08-22T21:48:57+00:00","twitter_card":"summary_large_image","schema":{"@context":"https:\/\/schema.org","@graph":[{"@type":"WebSite","@id":"https:\/\/hillsong.com\/argentina\/es\/#website","url":"https:\/\/hillsong.com\/argentina\/es\/","name":"Argentina","description":"","potentialAction":[{"@type":"SearchAction","target":{"@type":"EntryPoint","urlTemplate":"https:\/\/hillsong.com\/argentina\/es\/?s={search_term_string}"},"query-input":"required name=search_term_string"}],"inLanguage":"en-US"},{"@type":"WebPage","@id":"https:\/\/hillsong.com\/argentina\/buenosaires\/jesus\/#webpage","url":"https:\/\/hillsong.com\/argentina\/buenosaires\/jesus\/","name":"[:en]Jesus - \u00bfQui\u00e9n es Jes\u00fas y qu\u00e9 significa \u00c9l para m\u00ed?[:de]Jesus - Wer ist Jesus und was bedeutet das f\u00fcr uns[:fr]Jesus - Qui est J\u00e9sus ?[:es]Jesus - \u00bfQui\u00e9n es Jes\u00fas y qu\u00e9 significa \u00c9l para m\u00ed?[:pt]Jesus - Quem \u00c9 Jesus?[:pb]Jesus - \u00bfQui\u00e9n es Jes\u00fas y qu\u00e9 significa \u00c9l para m\u00ed?[:ru]Jesus - \u0425\u0442\u043e \u0442\u0430\u043a\u0438\u0439 \u0406\u0441\u0443\u0441? [:sv]Jesus - Who Jesus Is and What That Means for Us[:id]Jesus - Who Jesus Is and What That Means for Us[:da]Jesus - Who Jesus Is and What That Means for Us[:no]Jesus - Who Jesus Is and What That Means for Us[:nl]Jesus - Who Jesus Is and What That Means for Us[:it]Jesus - Chi \u00e8 Ges\u00f9?[:] - Argentina","isPartOf":{"@id":"https:\/\/hillsong.com\/argentina\/es\/#website"},"datePublished":"2019-07-17T00:00:00+00:00","dateModified":"2025-08-22T21:48:57+00:00","breadcrumb":{"@id":"https:\/\/hillsong.com\/argentina\/buenosaires\/jesus\/#breadcrumb"},"inLanguage":"en-US","potentialAction":[{"@type":"ReadAction","target":["https:\/\/hillsong.com\/argentina\/buenosaires\/jesus\/"]}]},{"@type":"BreadcrumbList","@id":"https:\/\/hillsong.com\/argentina\/buenosaires\/jesus\/#breadcrumb","itemListElement":[{"@type":"ListItem","position":1,"name":"Home","item":"https:\/\/hillsong.com\/argentina\/es\/"},{"@type":"ListItem","position":2,"name":"Buenos Aires","item":"https:\/\/hillsong.com\/argentina\/buenosaires\/"},{"@type":"ListItem","position":3,"name":"Jesus &#8211; \u00bfQui\u00e9n es Jes\u00fas y qu\u00e9 significa \u00c9l para m\u00ed?"}]}]}},"_links":{"self":[{"href":"https:\/\/hillsong.com\/argentina\/wp-json\/wp\/v2\/pages\/548925"}],"collection":[{"href":"https:\/\/hillsong.com\/argentina\/wp-json\/wp\/v2\/pages"}],"about":[{"href":"https:\/\/hillsong.com\/argentina\/wp-json\/wp\/v2\/types\/page"}],"author":[{"embeddable":true,"href":"https:\/\/hillsong.com\/argentina\/wp-json\/wp\/v2\/users\/51281"}],"replies":[{"embeddable":true,"href":"https:\/\/hillsong.com\/argentina\/wp-json\/wp\/v2\/comments?post=548925"}],"version-history":[{"count":4,"href":"https:\/\/hillsong.com\/argentina\/wp-json\/wp\/v2\/pages\/548925\/revisions"}],"predecessor-version":[{"id":634369,"href":"https:\/\/hillsong.com\/argentina\/wp-json\/wp\/v2\/pages\/548925\/revisions\/634369"}],"up":[{"embeddable":true,"href":"https:\/\/hillsong.com\/argentina\/wp-json\/wp\/v2\/pages\/175936"}],"wp:attachment":[{"href":"https:\/\/hillsong.com\/argentina\/wp-json\/wp\/v2\/media?parent=548925"}],"curies":[{"name":"wp","href":"https:\/\/api.w.org\/{rel}","templated":true}]}}