{"id":640612,"date":"2025-11-26T22:59:34","date_gmt":"2025-11-27T01:59:34","guid":{"rendered":"https:\/\/hillsong.com\/brazil\/?page_id=640612"},"modified":"2025-11-27T08:19:57","modified_gmt":"2025-11-27T11:19:57","slug":"dia-18-pana-guevara","status":"publish","type":"page","link":"https:\/\/hillsong.com\/brazil\/de\/saopaulo\/coracaopelamissao\/dia-18-pana-guevara\/","title":{"rendered":"Dia 18 &#8211; Pana Guevara"},"content":{"rendered":"","protected":false},"excerpt":{"rendered":"","protected":false},"author":54117,"featured_media":0,"parent":640409,"menu_order":0,"comment_status":"closed","ping_status":"closed","template":"","meta":{"footnotes":""},"acf":[],"yoast_head":"<!-- This site is optimized with the Yoast SEO plugin v18.9 - https:\/\/yoast.com\/wordpress\/plugins\/seo\/ -->\n<title><\/title>\n<meta name=\"robots\" content=\"index, follow, max-snippet:-1, max-image-preview:large, max-video-preview:-1\" \/>\n<link rel=\"canonical\" href=\"https:\/\/hillsong.com\/brazil\/saopaulo\/coracaopelamissao\/dia-18-pana-guevara\/\" \/>\n<meta property=\"og:locale\" content=\"de_DE\" \/>\n<meta property=\"og:type\" content=\"article\" \/>\n<meta property=\"og:title\" content=\"[:en]Dia 18 - Pana Guevara[:] | Brazil\" \/>\n<meta property=\"og:url\" content=\"https:\/\/hillsong.com\/brazil\/saopaulo\/coracaopelamissao\/dia-18-pana-guevara\/\" \/>\n<meta property=\"og:site_name\" content=\"Brazil\" \/>\n<meta property=\"article:modified_time\" content=\"2025-11-27T11:19:57+00:00\" \/>\n<meta name=\"twitter:card\" content=\"summary_large_image\" \/>\n<script type=\"application\/ld+json\" class=\"yoast-schema-graph\">{\"@context\":\"https:\/\/schema.org\",\"@graph\":[{\"@type\":\"Organization\",\"@id\":\"https:\/\/hillsong.com\/brazil\/no\/#organization\",\"name\":\"Hillsong Church Brasil\",\"url\":\"https:\/\/hillsong.com\/brazil\/no\/\",\"sameAs\":[],\"logo\":{\"@type\":\"ImageObject\",\"inLanguage\":\"de-DE\",\"@id\":\"https:\/\/hillsong.com\/brazil\/no\/#\/schema\/logo\/image\/\",\"url\":\"https:\/\/cdn.hillsong.com\/wp-content\/uploads\/sites\/36\/2025\/08\/31011329\/hsp-logo-bk-outline.png\",\"contentUrl\":\"https:\/\/cdn.hillsong.com\/wp-content\/uploads\/sites\/36\/2025\/08\/31011329\/hsp-logo-bk-outline.png\",\"width\":600,\"height\":600,\"caption\":\"Hillsong Church Brasil\"},\"image\":{\"@id\":\"https:\/\/hillsong.com\/brazil\/no\/#\/schema\/logo\/image\/\"}},{\"@type\":\"WebSite\",\"@id\":\"https:\/\/hillsong.com\/brazil\/no\/#website\",\"url\":\"https:\/\/hillsong.com\/brazil\/no\/\",\"name\":\"Brazil\",\"description\":\"\",\"publisher\":{\"@id\":\"https:\/\/hillsong.com\/brazil\/no\/#organization\"},\"potentialAction\":[{\"@type\":\"SearchAction\",\"target\":{\"@type\":\"EntryPoint\",\"urlTemplate\":\"https:\/\/hillsong.com\/brazil\/no\/?s={search_term_string}\"},\"query-input\":\"required name=search_term_string\"}],\"inLanguage\":\"de-DE\"},{\"@type\":\"WebPage\",\"@id\":\"https:\/\/hillsong.com\/brazil\/saopaulo\/coracaopelamissao\/dia-18-pana-guevara\/#webpage\",\"url\":\"https:\/\/hillsong.com\/brazil\/saopaulo\/coracaopelamissao\/dia-18-pana-guevara\/\",\"name\":\"[:en]Dia 18 - Pana Guevara[:] | Brazil\",\"isPartOf\":{\"@id\":\"https:\/\/hillsong.com\/brazil\/no\/#website\"},\"datePublished\":\"2025-11-27T01:59:34+00:00\",\"dateModified\":\"2025-11-27T11:19:57+00:00\",\"breadcrumb\":{\"@id\":\"https:\/\/hillsong.com\/brazil\/saopaulo\/coracaopelamissao\/dia-18-pana-guevara\/#breadcrumb\"},\"inLanguage\":\"de-DE\",\"potentialAction\":[{\"@type\":\"ReadAction\",\"target\":[\"https:\/\/hillsong.com\/brazil\/saopaulo\/coracaopelamissao\/dia-18-pana-guevara\/\"]}]},{\"@type\":\"BreadcrumbList\",\"@id\":\"https:\/\/hillsong.com\/brazil\/saopaulo\/coracaopelamissao\/dia-18-pana-guevara\/#breadcrumb\",\"itemListElement\":[{\"@type\":\"ListItem\",\"position\":1,\"name\":\"Home\",\"item\":\"https:\/\/hillsong.com\/brazil\/no\/\"},{\"@type\":\"ListItem\",\"position\":2,\"name\":\"S\u00e3o Paulo\",\"item\":\"https:\/\/hillsong.com\/brazil\/saopaulo\/\"},{\"@type\":\"ListItem\",\"position\":3,\"name\":\"Cora\u00e7\u00e3o pela Miss\u00e3o 2025\",\"item\":\"https:\/\/hillsong.com\/brazil\/saopaulo\/coracaopelamissao\/\"},{\"@type\":\"ListItem\",\"position\":4,\"name\":\"Dia 18 &#8211; Pana Guevara\"}]}]}<\/script>\n<!-- \/ Yoast SEO plugin. -->","yoast_head_json":{"title":"[:en]Dia 18 - Pana Guevara[:] | Brazil","robots":{"index":"index","follow":"follow","max-snippet":"max-snippet:-1","max-image-preview":"max-image-preview:large","max-video-preview":"max-video-preview:-1"},"canonical":"https:\/\/hillsong.com\/brazil\/saopaulo\/coracaopelamissao\/dia-18-pana-guevara\/","og_locale":"de_DE","og_type":"article","og_title":"[:en]Dia 18 - Pana Guevara[:] | Brazil","og_url":"https:\/\/hillsong.com\/brazil\/saopaulo\/coracaopelamissao\/dia-18-pana-guevara\/","og_site_name":"Brazil","article_modified_time":"2025-11-27T11:19:57+00:00","twitter_card":"summary_large_image","schema":{"@context":"https:\/\/schema.org","@graph":[{"@type":"Organization","@id":"https:\/\/hillsong.com\/brazil\/no\/#organization","name":"Hillsong Church Brasil","url":"https:\/\/hillsong.com\/brazil\/no\/","sameAs":[],"logo":{"@type":"ImageObject","inLanguage":"de-DE","@id":"https:\/\/hillsong.com\/brazil\/no\/#\/schema\/logo\/image\/","url":"https:\/\/cdn.hillsong.com\/wp-content\/uploads\/sites\/36\/2025\/08\/31011329\/hsp-logo-bk-outline.png","contentUrl":"https:\/\/cdn.hillsong.com\/wp-content\/uploads\/sites\/36\/2025\/08\/31011329\/hsp-logo-bk-outline.png","width":600,"height":600,"caption":"Hillsong Church Brasil"},"image":{"@id":"https:\/\/hillsong.com\/brazil\/no\/#\/schema\/logo\/image\/"}},{"@type":"WebSite","@id":"https:\/\/hillsong.com\/brazil\/no\/#website","url":"https:\/\/hillsong.com\/brazil\/no\/","name":"Brazil","description":"","publisher":{"@id":"https:\/\/hillsong.com\/brazil\/no\/#organization"},"potentialAction":[{"@type":"SearchAction","target":{"@type":"EntryPoint","urlTemplate":"https:\/\/hillsong.com\/brazil\/no\/?s={search_term_string}"},"query-input":"required name=search_term_string"}],"inLanguage":"de-DE"},{"@type":"WebPage","@id":"https:\/\/hillsong.com\/brazil\/saopaulo\/coracaopelamissao\/dia-18-pana-guevara\/#webpage","url":"https:\/\/hillsong.com\/brazil\/saopaulo\/coracaopelamissao\/dia-18-pana-guevara\/","name":"[:en]Dia 18 - Pana Guevara[:] | Brazil","isPartOf":{"@id":"https:\/\/hillsong.com\/brazil\/no\/#website"},"datePublished":"2025-11-27T01:59:34+00:00","dateModified":"2025-11-27T11:19:57+00:00","breadcrumb":{"@id":"https:\/\/hillsong.com\/brazil\/saopaulo\/coracaopelamissao\/dia-18-pana-guevara\/#breadcrumb"},"inLanguage":"de-DE","potentialAction":[{"@type":"ReadAction","target":["https:\/\/hillsong.com\/brazil\/saopaulo\/coracaopelamissao\/dia-18-pana-guevara\/"]}]},{"@type":"BreadcrumbList","@id":"https:\/\/hillsong.com\/brazil\/saopaulo\/coracaopelamissao\/dia-18-pana-guevara\/#breadcrumb","itemListElement":[{"@type":"ListItem","position":1,"name":"Home","item":"https:\/\/hillsong.com\/brazil\/no\/"},{"@type":"ListItem","position":2,"name":"S\u00e3o Paulo","item":"https:\/\/hillsong.com\/brazil\/saopaulo\/"},{"@type":"ListItem","position":3,"name":"Cora\u00e7\u00e3o pela Miss\u00e3o 2025","item":"https:\/\/hillsong.com\/brazil\/saopaulo\/coracaopelamissao\/"},{"@type":"ListItem","position":4,"name":"Dia 18 &#8211; Pana Guevara"}]}]}},"_links":{"self":[{"href":"https:\/\/hillsong.com\/brazil\/de\/wp-json\/wp\/v2\/pages\/640612"}],"collection":[{"href":"https:\/\/hillsong.com\/brazil\/de\/wp-json\/wp\/v2\/pages"}],"about":[{"href":"https:\/\/hillsong.com\/brazil\/de\/wp-json\/wp\/v2\/types\/page"}],"author":[{"embeddable":true,"href":"https:\/\/hillsong.com\/brazil\/de\/wp-json\/wp\/v2\/users\/54117"}],"replies":[{"embeddable":true,"href":"https:\/\/hillsong.com\/brazil\/de\/wp-json\/wp\/v2\/comments?post=640612"}],"version-history":[{"count":2,"href":"https:\/\/hillsong.com\/brazil\/de\/wp-json\/wp\/v2\/pages\/640612\/revisions"}],"predecessor-version":[{"id":640615,"href":"https:\/\/hillsong.com\/brazil\/de\/wp-json\/wp\/v2\/pages\/640612\/revisions\/640615"}],"up":[{"embeddable":true,"href":"https:\/\/hillsong.com\/brazil\/de\/wp-json\/wp\/v2\/pages\/640409"}],"wp:attachment":[{"href":"https:\/\/hillsong.com\/brazil\/de\/wp-json\/wp\/v2\/media?parent=640612"}],"curies":[{"name":"wp","href":"https:\/\/api.w.org\/{rel}","templated":true}]}}