{"id":640409,"date":"2025-10-17T17:14:37","date_gmt":"2025-10-17T20:14:37","guid":{"rendered":"https:\/\/hillsong.com\/brazil\/?page_id=640409"},"modified":"2025-11-29T22:59:41","modified_gmt":"2025-11-30T01:59:41","slug":"coracaopelamissao","status":"publish","type":"page","link":"https:\/\/hillsong.com\/brazil\/no\/saopaulo\/coracaopelamissao\/","title":{"rendered":"Cora\u00e7\u00e3o pela Miss\u00e3o 2025"},"content":{"rendered":"","protected":false},"excerpt":{"rendered":"","protected":false},"author":54117,"featured_media":0,"parent":6229,"menu_order":0,"comment_status":"closed","ping_status":"closed","template":"","meta":{"footnotes":""},"acf":[],"yoast_head":"<!-- This site is optimized with the Yoast SEO plugin v18.9 - https:\/\/yoast.com\/wordpress\/plugins\/seo\/ -->\n<title><\/title>\n<meta name=\"description\" content=\"Uma oferta anual que vai al\u00e9m dos nossos d\u00edzimos e ofertas com a qual apontamos para continuar investindo na miss\u00e3o da nossa igreja.\" \/>\n<meta name=\"robots\" content=\"index, follow, max-snippet:-1, max-image-preview:large, max-video-preview:-1\" \/>\n<link rel=\"canonical\" href=\"https:\/\/hillsong.com\/brazil\/saopaulo\/coracaopelamissao\/\" \/>\n<meta property=\"og:locale\" content=\"en_US\" \/>\n<meta property=\"og:type\" content=\"article\" \/>\n<meta property=\"og:title\" content=\"[:en]Cora\u00e7\u00e3o pela Miss\u00e3o 2025[:pb]Cora\u00e7\u00e3o pela Miss\u00e3o 2025[:] | Hillsong S\u00e3o Paulo\" \/>\n<meta property=\"og:description\" content=\"Uma oferta anual que vai al\u00e9m dos nossos d\u00edzimos e ofertas com a qual apontamos para continuar investindo na miss\u00e3o da nossa igreja.\" \/>\n<meta property=\"og:url\" content=\"https:\/\/hillsong.com\/brazil\/saopaulo\/coracaopelamissao\/\" \/>\n<meta property=\"og:site_name\" content=\"Brazil\" \/>\n<meta property=\"article:modified_time\" content=\"2025-11-30T01:59:41+00:00\" \/>\n<meta name=\"twitter:card\" content=\"summary_large_image\" \/>\n<meta name=\"twitter:description\" content=\"Uma oferta anual que vai al\u00e9m dos nossos d\u00edzimos e ofertas com a qual apontamos para continuar investindo na miss\u00e3o da nossa igreja.\" \/>\n<script type=\"application\/ld+json\" class=\"yoast-schema-graph\">{\"@context\":\"https:\/\/schema.org\",\"@graph\":[{\"@type\":\"Organization\",\"@id\":\"https:\/\/hillsong.com\/brazil\/no\/#organization\",\"name\":\"Hillsong Church Brasil\",\"url\":\"https:\/\/hillsong.com\/brazil\/no\/\",\"sameAs\":[],\"logo\":{\"@type\":\"ImageObject\",\"inLanguage\":\"no-NO\",\"@id\":\"https:\/\/hillsong.com\/brazil\/no\/#\/schema\/logo\/image\/\",\"url\":\"https:\/\/cdn.hillsong.com\/wp-content\/uploads\/sites\/36\/2025\/08\/31011329\/hsp-logo-bk-outline.png\",\"contentUrl\":\"https:\/\/cdn.hillsong.com\/wp-content\/uploads\/sites\/36\/2025\/08\/31011329\/hsp-logo-bk-outline.png\",\"width\":600,\"height\":600,\"caption\":\"Hillsong Church Brasil\"},\"image\":{\"@id\":\"https:\/\/hillsong.com\/brazil\/no\/#\/schema\/logo\/image\/\"}},{\"@type\":\"WebSite\",\"@id\":\"https:\/\/hillsong.com\/brazil\/no\/#website\",\"url\":\"https:\/\/hillsong.com\/brazil\/no\/\",\"name\":\"Brazil\",\"description\":\"\",\"publisher\":{\"@id\":\"https:\/\/hillsong.com\/brazil\/no\/#organization\"},\"potentialAction\":[{\"@type\":\"SearchAction\",\"target\":{\"@type\":\"EntryPoint\",\"urlTemplate\":\"https:\/\/hillsong.com\/brazil\/no\/?s={search_term_string}\"},\"query-input\":\"required name=search_term_string\"}],\"inLanguage\":\"no-NO\"},{\"@type\":\"WebPage\",\"@id\":\"https:\/\/hillsong.com\/brazil\/saopaulo\/coracaopelamissao\/#webpage\",\"url\":\"https:\/\/hillsong.com\/brazil\/saopaulo\/coracaopelamissao\/\",\"name\":\"[:en]Cora\u00e7\u00e3o pela Miss\u00e3o 2025[:pb]Cora\u00e7\u00e3o pela Miss\u00e3o 2025[:] | Hillsong S\u00e3o Paulo\",\"isPartOf\":{\"@id\":\"https:\/\/hillsong.com\/brazil\/no\/#website\"},\"datePublished\":\"2025-10-17T20:14:37+00:00\",\"dateModified\":\"2025-11-30T01:59:41+00:00\",\"description\":\"Uma oferta anual que vai al\u00e9m dos nossos d\u00edzimos e ofertas com a qual apontamos para continuar investindo na miss\u00e3o da nossa igreja.\",\"breadcrumb\":{\"@id\":\"https:\/\/hillsong.com\/brazil\/saopaulo\/coracaopelamissao\/#breadcrumb\"},\"inLanguage\":\"no-NO\",\"potentialAction\":[{\"@type\":\"ReadAction\",\"target\":[\"https:\/\/hillsong.com\/brazil\/saopaulo\/coracaopelamissao\/\"]}]},{\"@type\":\"BreadcrumbList\",\"@id\":\"https:\/\/hillsong.com\/brazil\/saopaulo\/coracaopelamissao\/#breadcrumb\",\"itemListElement\":[{\"@type\":\"ListItem\",\"position\":1,\"name\":\"Home\",\"item\":\"https:\/\/hillsong.com\/brazil\/no\/\"},{\"@type\":\"ListItem\",\"position\":2,\"name\":\"S\u00e3o Paulo\",\"item\":\"https:\/\/hillsong.com\/brazil\/saopaulo\/\"},{\"@type\":\"ListItem\",\"position\":3,\"name\":\"Cora\u00e7\u00e3o pela Miss\u00e3o 2025\"}]}]}<\/script>\n<!-- \/ Yoast SEO plugin. -->","yoast_head_json":{"title":"[:en]Cora\u00e7\u00e3o pela Miss\u00e3o 2025[:pb]Cora\u00e7\u00e3o pela Miss\u00e3o 2025[:] | Hillsong S\u00e3o Paulo","description":"Uma oferta anual que vai al\u00e9m dos nossos d\u00edzimos e ofertas com a qual apontamos para continuar investindo na miss\u00e3o da nossa igreja.","robots":{"index":"index","follow":"follow","max-snippet":"max-snippet:-1","max-image-preview":"max-image-preview:large","max-video-preview":"max-video-preview:-1"},"canonical":"https:\/\/hillsong.com\/brazil\/saopaulo\/coracaopelamissao\/","og_locale":"en_US","og_type":"article","og_title":"[:en]Cora\u00e7\u00e3o pela Miss\u00e3o 2025[:pb]Cora\u00e7\u00e3o pela Miss\u00e3o 2025[:] | Hillsong S\u00e3o Paulo","og_description":"Uma oferta anual que vai al\u00e9m dos nossos d\u00edzimos e ofertas com a qual apontamos para continuar investindo na miss\u00e3o da nossa igreja.","og_url":"https:\/\/hillsong.com\/brazil\/saopaulo\/coracaopelamissao\/","og_site_name":"Brazil","article_modified_time":"2025-11-30T01:59:41+00:00","twitter_card":"summary_large_image","twitter_description":"Uma oferta anual que vai al\u00e9m dos nossos d\u00edzimos e ofertas com a qual apontamos para continuar investindo na miss\u00e3o da nossa igreja.","schema":{"@context":"https:\/\/schema.org","@graph":[{"@type":"Organization","@id":"https:\/\/hillsong.com\/brazil\/no\/#organization","name":"Hillsong Church Brasil","url":"https:\/\/hillsong.com\/brazil\/no\/","sameAs":[],"logo":{"@type":"ImageObject","inLanguage":"no-NO","@id":"https:\/\/hillsong.com\/brazil\/no\/#\/schema\/logo\/image\/","url":"https:\/\/cdn.hillsong.com\/wp-content\/uploads\/sites\/36\/2025\/08\/31011329\/hsp-logo-bk-outline.png","contentUrl":"https:\/\/cdn.hillsong.com\/wp-content\/uploads\/sites\/36\/2025\/08\/31011329\/hsp-logo-bk-outline.png","width":600,"height":600,"caption":"Hillsong Church Brasil"},"image":{"@id":"https:\/\/hillsong.com\/brazil\/no\/#\/schema\/logo\/image\/"}},{"@type":"WebSite","@id":"https:\/\/hillsong.com\/brazil\/no\/#website","url":"https:\/\/hillsong.com\/brazil\/no\/","name":"Brazil","description":"","publisher":{"@id":"https:\/\/hillsong.com\/brazil\/no\/#organization"},"potentialAction":[{"@type":"SearchAction","target":{"@type":"EntryPoint","urlTemplate":"https:\/\/hillsong.com\/brazil\/no\/?s={search_term_string}"},"query-input":"required name=search_term_string"}],"inLanguage":"no-NO"},{"@type":"WebPage","@id":"https:\/\/hillsong.com\/brazil\/saopaulo\/coracaopelamissao\/#webpage","url":"https:\/\/hillsong.com\/brazil\/saopaulo\/coracaopelamissao\/","name":"[:en]Cora\u00e7\u00e3o pela Miss\u00e3o 2025[:pb]Cora\u00e7\u00e3o pela Miss\u00e3o 2025[:] | Hillsong S\u00e3o Paulo","isPartOf":{"@id":"https:\/\/hillsong.com\/brazil\/no\/#website"},"datePublished":"2025-10-17T20:14:37+00:00","dateModified":"2025-11-30T01:59:41+00:00","description":"Uma oferta anual que vai al\u00e9m dos nossos d\u00edzimos e ofertas com a qual apontamos para continuar investindo na miss\u00e3o da nossa igreja.","breadcrumb":{"@id":"https:\/\/hillsong.com\/brazil\/saopaulo\/coracaopelamissao\/#breadcrumb"},"inLanguage":"no-NO","potentialAction":[{"@type":"ReadAction","target":["https:\/\/hillsong.com\/brazil\/saopaulo\/coracaopelamissao\/"]}]},{"@type":"BreadcrumbList","@id":"https:\/\/hillsong.com\/brazil\/saopaulo\/coracaopelamissao\/#breadcrumb","itemListElement":[{"@type":"ListItem","position":1,"name":"Home","item":"https:\/\/hillsong.com\/brazil\/no\/"},{"@type":"ListItem","position":2,"name":"S\u00e3o Paulo","item":"https:\/\/hillsong.com\/brazil\/saopaulo\/"},{"@type":"ListItem","position":3,"name":"Cora\u00e7\u00e3o pela Miss\u00e3o 2025"}]}]}},"_links":{"self":[{"href":"https:\/\/hillsong.com\/brazil\/no\/wp-json\/wp\/v2\/pages\/640409"}],"collection":[{"href":"https:\/\/hillsong.com\/brazil\/no\/wp-json\/wp\/v2\/pages"}],"about":[{"href":"https:\/\/hillsong.com\/brazil\/no\/wp-json\/wp\/v2\/types\/page"}],"author":[{"embeddable":true,"href":"https:\/\/hillsong.com\/brazil\/no\/wp-json\/wp\/v2\/users\/54117"}],"replies":[{"embeddable":true,"href":"https:\/\/hillsong.com\/brazil\/no\/wp-json\/wp\/v2\/comments?post=640409"}],"version-history":[{"count":4,"href":"https:\/\/hillsong.com\/brazil\/no\/wp-json\/wp\/v2\/pages\/640409\/revisions"}],"predecessor-version":[{"id":640641,"href":"https:\/\/hillsong.com\/brazil\/no\/wp-json\/wp\/v2\/pages\/640409\/revisions\/640641"}],"up":[{"embeddable":true,"href":"https:\/\/hillsong.com\/brazil\/no\/wp-json\/wp\/v2\/pages\/6229"}],"wp:attachment":[{"href":"https:\/\/hillsong.com\/brazil\/no\/wp-json\/wp\/v2\/media?parent=640409"}],"curies":[{"name":"wp","href":"https:\/\/api.w.org\/{rel}","templated":true}]}}