{"id":638045,"date":"2024-02-24T23:26:32","date_gmt":"2024-02-25T02:26:32","guid":{"rendered":"https:\/\/hillsong.com\/brazil\/?page_id=638045"},"modified":"2026-03-02T00:35:32","modified_gmt":"2026-03-02T03:35:32","slug":"zonaleste","status":"publish","type":"page","link":"https:\/\/hillsong.com\/brazil\/pb\/saopaulo\/dedicacao-de-bebes\/campus\/zonaleste\/","title":{"rendered":"Dedica\u00e7\u00e3o de Beb\u00eas | Campus Zona Leste"},"content":{"rendered":"","protected":false},"excerpt":{"rendered":"","protected":false},"author":54117,"featured_media":0,"parent":638019,"menu_order":0,"comment_status":"closed","ping_status":"closed","template":"","meta":{"footnotes":""},"acf":[],"yoast_head":"<!-- This site is optimized with the Yoast SEO plugin v18.9 - https:\/\/yoast.com\/wordpress\/plugins\/seo\/ -->\n<title><\/title>\n<meta name=\"robots\" content=\"index, follow, max-snippet:-1, max-image-preview:large, max-video-preview:-1\" \/>\n<link rel=\"canonical\" href=\"https:\/\/hillsong.com\/brazil\/saopaulo\/dedicacao-de-bebes\/campus\/zonaleste\/\" \/>\n<meta property=\"og:locale\" content=\"pt_BR\" \/>\n<meta property=\"og:type\" content=\"article\" \/>\n<meta property=\"og:title\" content=\"[:en]Dedica\u00e7\u00e3o de Beb\u00eas | Campus Zona Leste[:] | Brazil\" \/>\n<meta property=\"og:url\" content=\"https:\/\/hillsong.com\/brazil\/saopaulo\/dedicacao-de-bebes\/campus\/zonaleste\/\" \/>\n<meta property=\"og:site_name\" content=\"Brazil\" \/>\n<meta property=\"article:modified_time\" content=\"2026-03-02T03:35:32+00:00\" \/>\n<meta name=\"twitter:card\" content=\"summary_large_image\" \/>\n<script type=\"application\/ld+json\" class=\"yoast-schema-graph\">{\"@context\":\"https:\/\/schema.org\",\"@graph\":[{\"@type\":\"Organization\",\"@id\":\"https:\/\/hillsong.com\/brazil\/no\/#organization\",\"name\":\"Hillsong Church Brasil\",\"url\":\"https:\/\/hillsong.com\/brazil\/no\/\",\"sameAs\":[],\"logo\":{\"@type\":\"ImageObject\",\"inLanguage\":\"pt-BR\",\"@id\":\"https:\/\/hillsong.com\/brazil\/no\/#\/schema\/logo\/image\/\",\"url\":\"https:\/\/cdn.hillsong.com\/wp-content\/uploads\/sites\/36\/2025\/08\/31011329\/hsp-logo-bk-outline.png\",\"contentUrl\":\"https:\/\/cdn.hillsong.com\/wp-content\/uploads\/sites\/36\/2025\/08\/31011329\/hsp-logo-bk-outline.png\",\"width\":600,\"height\":600,\"caption\":\"Hillsong Church Brasil\"},\"image\":{\"@id\":\"https:\/\/hillsong.com\/brazil\/no\/#\/schema\/logo\/image\/\"}},{\"@type\":\"WebSite\",\"@id\":\"https:\/\/hillsong.com\/brazil\/no\/#website\",\"url\":\"https:\/\/hillsong.com\/brazil\/no\/\",\"name\":\"Brazil\",\"description\":\"\",\"publisher\":{\"@id\":\"https:\/\/hillsong.com\/brazil\/no\/#organization\"},\"potentialAction\":[{\"@type\":\"SearchAction\",\"target\":{\"@type\":\"EntryPoint\",\"urlTemplate\":\"https:\/\/hillsong.com\/brazil\/no\/?s={search_term_string}\"},\"query-input\":\"required name=search_term_string\"}],\"inLanguage\":\"pt-BR\"},{\"@type\":\"WebPage\",\"@id\":\"https:\/\/hillsong.com\/brazil\/saopaulo\/dedicacao-de-bebes\/campus\/zonaleste\/#webpage\",\"url\":\"https:\/\/hillsong.com\/brazil\/saopaulo\/dedicacao-de-bebes\/campus\/zonaleste\/\",\"name\":\"[:en]Dedica\u00e7\u00e3o de Beb\u00eas | Campus Zona Leste[:] | Brazil\",\"isPartOf\":{\"@id\":\"https:\/\/hillsong.com\/brazil\/no\/#website\"},\"datePublished\":\"2024-02-25T02:26:32+00:00\",\"dateModified\":\"2026-03-02T03:35:32+00:00\",\"breadcrumb\":{\"@id\":\"https:\/\/hillsong.com\/brazil\/saopaulo\/dedicacao-de-bebes\/campus\/zonaleste\/#breadcrumb\"},\"inLanguage\":\"pt-BR\",\"potentialAction\":[{\"@type\":\"ReadAction\",\"target\":[\"https:\/\/hillsong.com\/brazil\/saopaulo\/dedicacao-de-bebes\/campus\/zonaleste\/\"]}]},{\"@type\":\"BreadcrumbList\",\"@id\":\"https:\/\/hillsong.com\/brazil\/saopaulo\/dedicacao-de-bebes\/campus\/zonaleste\/#breadcrumb\",\"itemListElement\":[{\"@type\":\"ListItem\",\"position\":1,\"name\":\"Home\",\"item\":\"https:\/\/hillsong.com\/brazil\/no\/\"},{\"@type\":\"ListItem\",\"position\":2,\"name\":\"S\u00e3o Paulo\",\"item\":\"https:\/\/hillsong.com\/brazil\/saopaulo\/\"},{\"@type\":\"ListItem\",\"position\":3,\"name\":\"Dedica\u00e7\u00e3o de Beb\u00eas\",\"item\":\"https:\/\/hillsong.com\/brazil\/saopaulo\/dedicacao-de-bebes\/\"},{\"@type\":\"ListItem\",\"position\":4,\"name\":\"Dedica\u00e7\u00e3o de Beb\u00eas &#8211; Escolha o Campus\",\"item\":\"https:\/\/hillsong.com\/brazil\/saopaulo\/dedicacao-de-bebes\/campus\/\"},{\"@type\":\"ListItem\",\"position\":5,\"name\":\"Dedica\u00e7\u00e3o de Beb\u00eas | Campus Zona Leste\"}]}]}<\/script>\n<!-- \/ Yoast SEO plugin. -->","yoast_head_json":{"title":"[:en]Dedica\u00e7\u00e3o de Beb\u00eas | Campus Zona Leste[:] | Brazil","robots":{"index":"index","follow":"follow","max-snippet":"max-snippet:-1","max-image-preview":"max-image-preview:large","max-video-preview":"max-video-preview:-1"},"canonical":"https:\/\/hillsong.com\/brazil\/saopaulo\/dedicacao-de-bebes\/campus\/zonaleste\/","og_locale":"pt_BR","og_type":"article","og_title":"[:en]Dedica\u00e7\u00e3o de Beb\u00eas | Campus Zona Leste[:] | Brazil","og_url":"https:\/\/hillsong.com\/brazil\/saopaulo\/dedicacao-de-bebes\/campus\/zonaleste\/","og_site_name":"Brazil","article_modified_time":"2026-03-02T03:35:32+00:00","twitter_card":"summary_large_image","schema":{"@context":"https:\/\/schema.org","@graph":[{"@type":"Organization","@id":"https:\/\/hillsong.com\/brazil\/no\/#organization","name":"Hillsong Church Brasil","url":"https:\/\/hillsong.com\/brazil\/no\/","sameAs":[],"logo":{"@type":"ImageObject","inLanguage":"pt-BR","@id":"https:\/\/hillsong.com\/brazil\/no\/#\/schema\/logo\/image\/","url":"https:\/\/cdn.hillsong.com\/wp-content\/uploads\/sites\/36\/2025\/08\/31011329\/hsp-logo-bk-outline.png","contentUrl":"https:\/\/cdn.hillsong.com\/wp-content\/uploads\/sites\/36\/2025\/08\/31011329\/hsp-logo-bk-outline.png","width":600,"height":600,"caption":"Hillsong Church Brasil"},"image":{"@id":"https:\/\/hillsong.com\/brazil\/no\/#\/schema\/logo\/image\/"}},{"@type":"WebSite","@id":"https:\/\/hillsong.com\/brazil\/no\/#website","url":"https:\/\/hillsong.com\/brazil\/no\/","name":"Brazil","description":"","publisher":{"@id":"https:\/\/hillsong.com\/brazil\/no\/#organization"},"potentialAction":[{"@type":"SearchAction","target":{"@type":"EntryPoint","urlTemplate":"https:\/\/hillsong.com\/brazil\/no\/?s={search_term_string}"},"query-input":"required name=search_term_string"}],"inLanguage":"pt-BR"},{"@type":"WebPage","@id":"https:\/\/hillsong.com\/brazil\/saopaulo\/dedicacao-de-bebes\/campus\/zonaleste\/#webpage","url":"https:\/\/hillsong.com\/brazil\/saopaulo\/dedicacao-de-bebes\/campus\/zonaleste\/","name":"[:en]Dedica\u00e7\u00e3o de Beb\u00eas | Campus Zona Leste[:] | Brazil","isPartOf":{"@id":"https:\/\/hillsong.com\/brazil\/no\/#website"},"datePublished":"2024-02-25T02:26:32+00:00","dateModified":"2026-03-02T03:35:32+00:00","breadcrumb":{"@id":"https:\/\/hillsong.com\/brazil\/saopaulo\/dedicacao-de-bebes\/campus\/zonaleste\/#breadcrumb"},"inLanguage":"pt-BR","potentialAction":[{"@type":"ReadAction","target":["https:\/\/hillsong.com\/brazil\/saopaulo\/dedicacao-de-bebes\/campus\/zonaleste\/"]}]},{"@type":"BreadcrumbList","@id":"https:\/\/hillsong.com\/brazil\/saopaulo\/dedicacao-de-bebes\/campus\/zonaleste\/#breadcrumb","itemListElement":[{"@type":"ListItem","position":1,"name":"Home","item":"https:\/\/hillsong.com\/brazil\/no\/"},{"@type":"ListItem","position":2,"name":"S\u00e3o Paulo","item":"https:\/\/hillsong.com\/brazil\/saopaulo\/"},{"@type":"ListItem","position":3,"name":"Dedica\u00e7\u00e3o de Beb\u00eas","item":"https:\/\/hillsong.com\/brazil\/saopaulo\/dedicacao-de-bebes\/"},{"@type":"ListItem","position":4,"name":"Dedica\u00e7\u00e3o de Beb\u00eas &#8211; Escolha o Campus","item":"https:\/\/hillsong.com\/brazil\/saopaulo\/dedicacao-de-bebes\/campus\/"},{"@type":"ListItem","position":5,"name":"Dedica\u00e7\u00e3o de Beb\u00eas | Campus Zona Leste"}]}]}},"_links":{"self":[{"href":"https:\/\/hillsong.com\/brazil\/pb\/wp-json\/wp\/v2\/pages\/638045"}],"collection":[{"href":"https:\/\/hillsong.com\/brazil\/pb\/wp-json\/wp\/v2\/pages"}],"about":[{"href":"https:\/\/hillsong.com\/brazil\/pb\/wp-json\/wp\/v2\/types\/page"}],"author":[{"embeddable":true,"href":"https:\/\/hillsong.com\/brazil\/pb\/wp-json\/wp\/v2\/users\/54117"}],"replies":[{"embeddable":true,"href":"https:\/\/hillsong.com\/brazil\/pb\/wp-json\/wp\/v2\/comments?post=638045"}],"version-history":[{"count":4,"href":"https:\/\/hillsong.com\/brazil\/pb\/wp-json\/wp\/v2\/pages\/638045\/revisions"}],"predecessor-version":[{"id":640730,"href":"https:\/\/hillsong.com\/brazil\/pb\/wp-json\/wp\/v2\/pages\/638045\/revisions\/640730"}],"up":[{"embeddable":true,"href":"https:\/\/hillsong.com\/brazil\/pb\/wp-json\/wp\/v2\/pages\/638019"}],"wp:attachment":[{"href":"https:\/\/hillsong.com\/brazil\/pb\/wp-json\/wp\/v2\/media?parent=638045"}],"curies":[{"name":"wp","href":"https:\/\/api.w.org\/{rel}","templated":true}]}}