{"id":639156,"date":"2024-08-29T15:13:50","date_gmt":"2024-08-29T18:13:50","guid":{"rendered":"https:\/\/hillsong.com\/brazil\/?page_id=639156"},"modified":"2026-04-26T20:26:18","modified_gmt":"2026-04-26T23:26:18","slug":"leadershipacademy","status":"publish","type":"page","link":"https:\/\/hillsong.com\/brazil\/ua\/saopaulo\/leadershipacademy\/","title":{"rendered":"Hillsong Leadership Academy"},"content":{"rendered":"","protected":false},"excerpt":{"rendered":"","protected":false},"author":54117,"featured_media":0,"parent":6229,"menu_order":0,"comment_status":"closed","ping_status":"closed","template":"","meta":{"_acf_changed":false,"footnotes":""},"class_list":["post-639156","page","type-page","status-publish","hentry"],"acf":[],"yoast_head":"<!-- This site is optimized with the Yoast SEO plugin v27.2 - https:\/\/yoast.com\/product\/yoast-seo-wordpress\/ -->\n<title>Hillsong Leadership Academy | Hillsong S\u00e3o Paulo<\/title>\n<meta name=\"description\" content=\"Acelere o desenvolvimento do seu chamado e capacidade de lideran\u00e7a atrav\u00e9s de conte\u00fado acad\u00eamico e cultura de lideran\u00e7a. Inscri\u00e7\u00f5es aberta.\" \/>\n<meta name=\"robots\" content=\"index, follow, max-snippet:-1, max-image-preview:large, max-video-preview:-1\" \/>\n<link rel=\"canonical\" href=\"https:\/\/hillsong.com\/brazil\/saopaulo\/leadershipacademy\/\" \/>\n<meta property=\"og:locale\" content=\"uk_UA\" \/>\n<meta property=\"og:type\" content=\"article\" \/>\n<meta property=\"og:title\" content=\"Hillsong Leadership Academy | Hillsong S\u00e3o Paulo\" \/>\n<meta property=\"og:description\" content=\"Acelere o desenvolvimento do seu chamado e capacidade de lideran\u00e7a atrav\u00e9s de conte\u00fado acad\u00eamico e cultura de lideran\u00e7a. Inscri\u00e7\u00f5es aberta.\" \/>\n<meta property=\"og:url\" content=\"https:\/\/hillsong.com\/brazil\/saopaulo\/leadershipacademy\/\" \/>\n<meta property=\"og:site_name\" content=\"Brazil\" \/>\n<meta property=\"article:modified_time\" content=\"2026-04-26T23:26:18+00:00\" \/>\n<meta name=\"twitter:card\" content=\"summary_large_image\" \/>\n<script type=\"application\/ld+json\" class=\"yoast-schema-graph\">{\"@context\":\"https:\/\/schema.org\",\"@graph\":[{\"@type\":\"WebPage\",\"@id\":\"https:\/\/hillsong.com\/brazil\/saopaulo\/leadershipacademy\/\",\"url\":\"https:\/\/hillsong.com\/brazil\/saopaulo\/leadershipacademy\/\",\"name\":\"Hillsong Leadership Academy | Hillsong S\u00e3o Paulo\",\"isPartOf\":{\"@id\":\"https:\/\/hillsong.com\/brazil\/no\/#website\"},\"datePublished\":\"2024-08-29T18:13:50+00:00\",\"dateModified\":\"2026-04-26T23:26:18+00:00\",\"description\":\"Acelere o desenvolvimento do seu chamado e capacidade de lideran\u00e7a atrav\u00e9s de conte\u00fado acad\u00eamico e cultura de lideran\u00e7a. Inscri\u00e7\u00f5es aberta.\",\"breadcrumb\":{\"@id\":\"https:\/\/hillsong.com\/brazil\/saopaulo\/leadershipacademy\/#breadcrumb\"},\"inLanguage\":\"uk\",\"potentialAction\":[{\"@type\":\"ReadAction\",\"target\":[\"https:\/\/hillsong.com\/brazil\/saopaulo\/leadershipacademy\/\"]}]},{\"@type\":\"BreadcrumbList\",\"@id\":\"https:\/\/hillsong.com\/brazil\/saopaulo\/leadershipacademy\/#breadcrumb\",\"itemListElement\":[{\"@type\":\"ListItem\",\"position\":1,\"name\":\"Home\",\"item\":\"https:\/\/hillsong.com\/brazil\/no\/\"},{\"@type\":\"ListItem\",\"position\":2,\"name\":\"S\u00e3o Paulo\",\"item\":\"https:\/\/hillsong.com\/brazil\/saopaulo\/\"},{\"@type\":\"ListItem\",\"position\":3,\"name\":\"Hillsong Leadership Academy\"}]},{\"@type\":\"WebSite\",\"@id\":\"https:\/\/hillsong.com\/brazil\/no\/#website\",\"url\":\"https:\/\/hillsong.com\/brazil\/no\/\",\"name\":\"Brazil\",\"description\":\"\",\"publisher\":{\"@id\":\"https:\/\/hillsong.com\/brazil\/no\/#organization\"},\"potentialAction\":[{\"@type\":\"SearchAction\",\"target\":{\"@type\":\"EntryPoint\",\"urlTemplate\":\"https:\/\/hillsong.com\/brazil\/no\/?s={search_term_string}\"},\"query-input\":{\"@type\":\"PropertyValueSpecification\",\"valueRequired\":true,\"valueName\":\"search_term_string\"}}],\"inLanguage\":\"uk\"},{\"@type\":\"Organization\",\"@id\":\"https:\/\/hillsong.com\/brazil\/no\/#organization\",\"name\":\"Hillsong Church Brasil\",\"url\":\"https:\/\/hillsong.com\/brazil\/no\/\",\"logo\":{\"@type\":\"ImageObject\",\"inLanguage\":\"uk\",\"@id\":\"https:\/\/hillsong.com\/brazil\/no\/#\/schema\/logo\/image\/\",\"url\":\"https:\/\/cdn.hillsong.com\/wp-content\/uploads\/sites\/36\/2025\/08\/31011329\/hsp-logo-bk-outline.png\",\"contentUrl\":\"https:\/\/cdn.hillsong.com\/wp-content\/uploads\/sites\/36\/2025\/08\/31011329\/hsp-logo-bk-outline.png\",\"width\":600,\"height\":600,\"caption\":\"Hillsong Church Brasil\"},\"image\":{\"@id\":\"https:\/\/hillsong.com\/brazil\/no\/#\/schema\/logo\/image\/\"}}]}<\/script>\n<!-- \/ Yoast SEO plugin. -->","yoast_head_json":{"title":"Hillsong Leadership Academy | Hillsong S\u00e3o Paulo","description":"Acelere o desenvolvimento do seu chamado e capacidade de lideran\u00e7a atrav\u00e9s de conte\u00fado acad\u00eamico e cultura de lideran\u00e7a. Inscri\u00e7\u00f5es aberta.","robots":{"index":"index","follow":"follow","max-snippet":"max-snippet:-1","max-image-preview":"max-image-preview:large","max-video-preview":"max-video-preview:-1"},"canonical":"https:\/\/hillsong.com\/brazil\/saopaulo\/leadershipacademy\/","og_locale":"uk_UA","og_type":"article","og_title":"Hillsong Leadership Academy | Hillsong S\u00e3o Paulo","og_description":"Acelere o desenvolvimento do seu chamado e capacidade de lideran\u00e7a atrav\u00e9s de conte\u00fado acad\u00eamico e cultura de lideran\u00e7a. Inscri\u00e7\u00f5es aberta.","og_url":"https:\/\/hillsong.com\/brazil\/saopaulo\/leadershipacademy\/","og_site_name":"Brazil","article_modified_time":"2026-04-26T23:26:18+00:00","twitter_card":"summary_large_image","schema":{"@context":"https:\/\/schema.org","@graph":[{"@type":"WebPage","@id":"https:\/\/hillsong.com\/brazil\/saopaulo\/leadershipacademy\/","url":"https:\/\/hillsong.com\/brazil\/saopaulo\/leadershipacademy\/","name":"Hillsong Leadership Academy | Hillsong S\u00e3o Paulo","isPartOf":{"@id":"https:\/\/hillsong.com\/brazil\/no\/#website"},"datePublished":"2024-08-29T18:13:50+00:00","dateModified":"2026-04-26T23:26:18+00:00","description":"Acelere o desenvolvimento do seu chamado e capacidade de lideran\u00e7a atrav\u00e9s de conte\u00fado acad\u00eamico e cultura de lideran\u00e7a. Inscri\u00e7\u00f5es aberta.","breadcrumb":{"@id":"https:\/\/hillsong.com\/brazil\/saopaulo\/leadershipacademy\/#breadcrumb"},"inLanguage":"uk","potentialAction":[{"@type":"ReadAction","target":["https:\/\/hillsong.com\/brazil\/saopaulo\/leadershipacademy\/"]}]},{"@type":"BreadcrumbList","@id":"https:\/\/hillsong.com\/brazil\/saopaulo\/leadershipacademy\/#breadcrumb","itemListElement":[{"@type":"ListItem","position":1,"name":"Home","item":"https:\/\/hillsong.com\/brazil\/no\/"},{"@type":"ListItem","position":2,"name":"S\u00e3o Paulo","item":"https:\/\/hillsong.com\/brazil\/saopaulo\/"},{"@type":"ListItem","position":3,"name":"Hillsong Leadership Academy"}]},{"@type":"WebSite","@id":"https:\/\/hillsong.com\/brazil\/no\/#website","url":"https:\/\/hillsong.com\/brazil\/no\/","name":"Brazil","description":"","publisher":{"@id":"https:\/\/hillsong.com\/brazil\/no\/#organization"},"potentialAction":[{"@type":"SearchAction","target":{"@type":"EntryPoint","urlTemplate":"https:\/\/hillsong.com\/brazil\/no\/?s={search_term_string}"},"query-input":{"@type":"PropertyValueSpecification","valueRequired":true,"valueName":"search_term_string"}}],"inLanguage":"uk"},{"@type":"Organization","@id":"https:\/\/hillsong.com\/brazil\/no\/#organization","name":"Hillsong Church Brasil","url":"https:\/\/hillsong.com\/brazil\/no\/","logo":{"@type":"ImageObject","inLanguage":"uk","@id":"https:\/\/hillsong.com\/brazil\/no\/#\/schema\/logo\/image\/","url":"https:\/\/cdn.hillsong.com\/wp-content\/uploads\/sites\/36\/2025\/08\/31011329\/hsp-logo-bk-outline.png","contentUrl":"https:\/\/cdn.hillsong.com\/wp-content\/uploads\/sites\/36\/2025\/08\/31011329\/hsp-logo-bk-outline.png","width":600,"height":600,"caption":"Hillsong Church Brasil"},"image":{"@id":"https:\/\/hillsong.com\/brazil\/no\/#\/schema\/logo\/image\/"}}]}},"_links":{"self":[{"href":"https:\/\/hillsong.com\/brazil\/ua\/wp-json\/wp\/v2\/pages\/639156","targetHints":{"allow":["GET"]}}],"collection":[{"href":"https:\/\/hillsong.com\/brazil\/ua\/wp-json\/wp\/v2\/pages"}],"about":[{"href":"https:\/\/hillsong.com\/brazil\/ua\/wp-json\/wp\/v2\/types\/page"}],"author":[{"embeddable":true,"href":"https:\/\/hillsong.com\/brazil\/ua\/wp-json\/wp\/v2\/users\/54117"}],"replies":[{"embeddable":true,"href":"https:\/\/hillsong.com\/brazil\/ua\/wp-json\/wp\/v2\/comments?post=639156"}],"version-history":[{"count":4,"href":"https:\/\/hillsong.com\/brazil\/ua\/wp-json\/wp\/v2\/pages\/639156\/revisions"}],"predecessor-version":[{"id":640884,"href":"https:\/\/hillsong.com\/brazil\/ua\/wp-json\/wp\/v2\/pages\/639156\/revisions\/640884"}],"up":[{"embeddable":true,"href":"https:\/\/hillsong.com\/brazil\/ua\/wp-json\/wp\/v2\/pages\/6229"}],"wp:attachment":[{"href":"https:\/\/hillsong.com\/brazil\/ua\/wp-json\/wp\/v2\/media?parent=639156"}],"curies":[{"name":"wp","href":"https:\/\/api.w.org\/{rel}","templated":true}]}}