{"id":634863,"date":"2024-04-21T16:28:25","date_gmt":"2024-04-21T16:28:25","guid":{"rendered":"https:\/\/hillsong.com\/canada\/?page_id=634863"},"modified":"2024-05-25T15:28:18","modified_gmt":"2024-05-25T15:28:18","slug":"sisterhood","status":"publish","type":"page","link":"https:\/\/hillsong.com\/canada\/fr\/sisterhood\/","title":{"rendered":"SISTERHOOD 2024"},"content":{"rendered":"<p class=\"qtranxs-available-languages-message qtranxs-available-languages-message-fr\">D\u00e9sol\u00e9, cet article est seulement disponible en <a href=\"https:\/\/hillsong.com\/canada\/en\/wp-json\/wp\/v2\/pages\/634863\/\" class=\"qtranxs-available-language-link qtranxs-available-language-link-en\" title=\"English\">Anglais Am\u00e9ricain<\/a>.<\/p><p><\/p>\n<style>.orangeredbutton>div>div>a{color:#d64a4a !important ;border-color:#d64a4a!important;}body{background-color:#F6EBDC;}.sisterhood.rounded-corners{border-radius: 40px;}.sisterhood.margin-60 {margin: 60px;}.sisterhood.auto-width {width: auto;}.sisterhood.yellow-background { background-color: #f7f68f;}.sisterhood.rounded-corners .header.clearfix { margin: 0;}.section-wrap{background-color:#F6EBDC;}<br \/><\/style>\n<p><\/p>","protected":false},"excerpt":{"rendered":"<p>D\u00e9sol\u00e9, cet article est seulement disponible en Anglais Am\u00e9ricain.<\/p>\n","protected":false},"author":54231,"featured_media":0,"parent":0,"menu_order":0,"comment_status":"closed","ping_status":"closed","template":"","meta":{"footnotes":""},"acf":[],"yoast_head":"<!-- This site is optimized with the Yoast SEO plugin v18.9 - https:\/\/yoast.com\/wordpress\/plugins\/seo\/ -->\n<title><\/title>\n<meta name=\"robots\" content=\"index, follow, max-snippet:-1, max-image-preview:large, max-video-preview:-1\" \/>\n<link rel=\"canonical\" href=\"https:\/\/hillsong.com\/canada\/fr\/sisterhood\/\" \/>\n<meta property=\"og:locale\" content=\"fr_FR\" \/>\n<meta property=\"og:type\" content=\"article\" \/>\n<meta property=\"og:title\" content=\"[:en]SISTERHOOD 2024[:] - Canada\" \/>\n<meta property=\"og:description\" content=\"D\u00e9sol\u00e9, cet article est seulement disponible en Anglais Am\u00e9ricain.\" \/>\n<meta property=\"og:url\" content=\"https:\/\/hillsong.com\/canada\/fr\/sisterhood\/\" \/>\n<meta property=\"og:site_name\" content=\"Canada\" \/>\n<meta property=\"article:modified_time\" content=\"2024-05-25T15:28:18+00:00\" \/>\n<meta name=\"twitter:card\" content=\"summary_large_image\" \/>\n<script type=\"application\/ld+json\" class=\"yoast-schema-graph\">{\"@context\":\"https:\/\/schema.org\",\"@graph\":[{\"@type\":\"WebSite\",\"@id\":\"https:\/\/hillsong.com\/canada\/fr\/#website\",\"url\":\"https:\/\/hillsong.com\/canada\/fr\/\",\"name\":\"Canada\",\"description\":\"\",\"potentialAction\":[{\"@type\":\"SearchAction\",\"target\":{\"@type\":\"EntryPoint\",\"urlTemplate\":\"https:\/\/hillsong.com\/canada\/fr\/?s={search_term_string}\"},\"query-input\":\"required name=search_term_string\"}],\"inLanguage\":\"fr-FR\"},{\"@type\":\"WebPage\",\"@id\":\"https:\/\/hillsong.com\/canada\/fr\/sisterhood\/#webpage\",\"url\":\"https:\/\/hillsong.com\/canada\/fr\/sisterhood\/\",\"name\":\"[:en]SISTERHOOD 2024[:] - Canada\",\"isPartOf\":{\"@id\":\"https:\/\/hillsong.com\/canada\/fr\/#website\"},\"datePublished\":\"2024-04-21T16:28:25+00:00\",\"dateModified\":\"2024-05-25T15:28:18+00:00\",\"breadcrumb\":{\"@id\":\"https:\/\/hillsong.com\/canada\/fr\/sisterhood\/#breadcrumb\"},\"inLanguage\":\"fr-FR\",\"potentialAction\":[{\"@type\":\"ReadAction\",\"target\":[\"https:\/\/hillsong.com\/canada\/fr\/sisterhood\/\"]}]},{\"@type\":\"BreadcrumbList\",\"@id\":\"https:\/\/hillsong.com\/canada\/fr\/sisterhood\/#breadcrumb\",\"itemListElement\":[{\"@type\":\"ListItem\",\"position\":1,\"name\":\"Home\",\"item\":\"https:\/\/hillsong.com\/canada\/fr\/\"},{\"@type\":\"ListItem\",\"position\":2,\"name\":\"SISTERHOOD 2024\"}]}]}<\/script>\n<!-- \/ Yoast SEO plugin. -->","yoast_head_json":{"title":"[:en]SISTERHOOD 2024[:] - Canada","robots":{"index":"index","follow":"follow","max-snippet":"max-snippet:-1","max-image-preview":"max-image-preview:large","max-video-preview":"max-video-preview:-1"},"canonical":"https:\/\/hillsong.com\/canada\/fr\/sisterhood\/","og_locale":"fr_FR","og_type":"article","og_title":"[:en]SISTERHOOD 2024[:] - Canada","og_description":"D\u00e9sol\u00e9, cet article est seulement disponible en Anglais Am\u00e9ricain.","og_url":"https:\/\/hillsong.com\/canada\/fr\/sisterhood\/","og_site_name":"Canada","article_modified_time":"2024-05-25T15:28:18+00:00","twitter_card":"summary_large_image","schema":{"@context":"https:\/\/schema.org","@graph":[{"@type":"WebSite","@id":"https:\/\/hillsong.com\/canada\/fr\/#website","url":"https:\/\/hillsong.com\/canada\/fr\/","name":"Canada","description":"","potentialAction":[{"@type":"SearchAction","target":{"@type":"EntryPoint","urlTemplate":"https:\/\/hillsong.com\/canada\/fr\/?s={search_term_string}"},"query-input":"required name=search_term_string"}],"inLanguage":"fr-FR"},{"@type":"WebPage","@id":"https:\/\/hillsong.com\/canada\/fr\/sisterhood\/#webpage","url":"https:\/\/hillsong.com\/canada\/fr\/sisterhood\/","name":"[:en]SISTERHOOD 2024[:] - Canada","isPartOf":{"@id":"https:\/\/hillsong.com\/canada\/fr\/#website"},"datePublished":"2024-04-21T16:28:25+00:00","dateModified":"2024-05-25T15:28:18+00:00","breadcrumb":{"@id":"https:\/\/hillsong.com\/canada\/fr\/sisterhood\/#breadcrumb"},"inLanguage":"fr-FR","potentialAction":[{"@type":"ReadAction","target":["https:\/\/hillsong.com\/canada\/fr\/sisterhood\/"]}]},{"@type":"BreadcrumbList","@id":"https:\/\/hillsong.com\/canada\/fr\/sisterhood\/#breadcrumb","itemListElement":[{"@type":"ListItem","position":1,"name":"Home","item":"https:\/\/hillsong.com\/canada\/fr\/"},{"@type":"ListItem","position":2,"name":"SISTERHOOD 2024"}]}]}},"_links":{"self":[{"href":"https:\/\/hillsong.com\/canada\/fr\/wp-json\/wp\/v2\/pages\/634863"}],"collection":[{"href":"https:\/\/hillsong.com\/canada\/fr\/wp-json\/wp\/v2\/pages"}],"about":[{"href":"https:\/\/hillsong.com\/canada\/fr\/wp-json\/wp\/v2\/types\/page"}],"author":[{"embeddable":true,"href":"https:\/\/hillsong.com\/canada\/fr\/wp-json\/wp\/v2\/users\/54231"}],"replies":[{"embeddable":true,"href":"https:\/\/hillsong.com\/canada\/fr\/wp-json\/wp\/v2\/comments?post=634863"}],"version-history":[{"count":2,"href":"https:\/\/hillsong.com\/canada\/fr\/wp-json\/wp\/v2\/pages\/634863\/revisions"}],"predecessor-version":[{"id":635081,"href":"https:\/\/hillsong.com\/canada\/fr\/wp-json\/wp\/v2\/pages\/634863\/revisions\/635081"}],"wp:attachment":[{"href":"https:\/\/hillsong.com\/canada\/fr\/wp-json\/wp\/v2\/media?parent=634863"}],"curies":[{"name":"wp","href":"https:\/\/api.w.org\/{rel}","templated":true}]}}