{"id":205,"date":"2025-03-10T12:27:51","date_gmt":"2025-03-10T12:27:51","guid":{"rendered":"https:\/\/hillsong.com\/hungary\/?page_id=205"},"modified":"2025-04-10T09:54:47","modified_gmt":"2025-04-10T09:54:47","slug":"hitvallasunk","status":"publish","type":"page","link":"https:\/\/hillsong.com\/hungary\/hitvallasunk\/","title":{"rendered":"Hillsong Hungary | Hitvall\u00e1sunk"},"content":{"rendered":"<p style=\"text-align: center;\"><strong>Hitvall\u00e1sunk<\/strong><\/p>\n<ul>\n<li>Hisz\u00fcnk abban, hogy a Biblia Isten Ig\u00e9je. Pontos, hiteles \u00e9s alkalmazhat\u00f3 mindennapi \u00e9let\u00fcnkben.<\/li>\n<li>Hisz\u00fcnk egy \u00f6r\u00f6k Istenben, aki mindennek a Teremt\u0151je. H\u00e1rom szem\u00e9lyben l\u00e9tezik: Isten, az Atya, Isten a Fi\u00fa \u00e9s Isten a Szent Szellem. Mindenest\u0151l szeret\u0151 \u00e9s teljesen szent.<\/li>\n<li>Hissz\u00fck, hogy a b\u0171n mindannyiunkat elv\u00e1lasztotta Istent\u0151l \u00e9s az ir\u00e1nyt\u00f3l, amelyet nek\u00fcnk sz\u00e1nt.<\/li>\n<li>Hissz\u00fck, hogy az \u00dar J\u00e9zus Krisztus, Istenk\u00e9nt \u00e9s emberk\u00e9nt az egyetlen, aki megb\u00e9k\u00edthet minket Istennel. B\u0171ntelen \u00e9s p\u00e9ldamutat\u00f3 \u00e9letet \u00e9lt, helyett\u00fcnk halt meg a kereszten, felt\u00e1madt, hogy megmutassa gy\u0151zelm\u00e9t \u00e9s felhatalmazzon minket az \u00e9letre.<\/li>\n<li>Hissz\u00fck, hogy a b\u0171nbocs\u00e1nat \u00e9s az \u2019\u00fajj\u00e1sz\u00fclet\u00e9s\u2019 elnyer\u00e9s\u00e9hez meg kell b\u00e1nnunk a b\u0171neinket, hinn\u00fcnk kell az \u00dar J\u00e9zus Krisztusban, \u00e9s al\u00e1 vetn\u00fcnk \u00e9let\u00fcnket az \u0150 akarat\u00e1nak.<\/li>\n<li>Hissz\u00fck, hogy ahhoz, hogy az Isten \u00e1ltal nek\u00fcnk sz\u00e1nt, szent \u00e9s gy\u00fcm\u00f6lcs\u00f6z\u0151 \u00e9letet \u00e9lhess\u00fck, v\u00edzben kell megkeresztelkedn\u00fcnk, \u00e9s megteln\u00fcnk a Szent Szellem erej\u00e9vel. A Szent Szellem k\u00e9pess\u00e9 tesz minket arra, hogy szellemi aj\u00e1nd\u00e9kokat haszn\u00e1ljunk, bele\u00e9rtve a nyelveken sz\u00f3l\u00e1st is.<\/li>\n<li>Hisz\u00fcnk az Egyh\u00e1z erej\u00e9ben \u00e9s jelent\u0151s\u00e9g\u00e9ben, \u00e9s abban, hogy a h\u00edv\u0151knek sz\u00fcks\u00e9ges rendszeresen k\u00f6z\u00f6ss\u00e9gben lenni egym\u00e1ssal, egy\u00fctt im\u00e1dkozni \u00e9s \u00farvacsor\u00e1t venni.<\/li>\n<li>Hissz\u00fck, hogy Isten egy\u00e9nileg k\u00e9pess\u00e9 tett minket arra, hogy sikeresen bet\u00f6lts\u00fck az Isten \u00e1ltal r\u00e1nk szabott c\u00e9lt: Isten im\u00e1dat\u00e1t, a gy\u00fclekezeti szerep\u00fcnk bet\u00f6lt\u00e9s\u00e9t \u00e9s a k\u00f6rnyezet\u00fcnk szolg\u00e1lat\u00e1t.<\/li>\n<li>Hissz\u00fck, hogy Isten meg akar gy\u00f3gy\u00edtani \u00e9s \u00e1t akar alak\u00edtani minket, hogy eg\u00e9szs\u00e9ges \u00e9s \u00e1ldott \u00e9letet \u00e9lj\u00fcnk, hogy hat\u00e9konyabban seg\u00edthess\u00fcnk m\u00e1sokon.<\/li>\n<li>Hissz\u00fck, hogy \u00f6r\u00f6kk\u00e9val\u00f3 hely\u00fcnket a mennyorsz\u00e1gban vagy a pokolban az \u00dar J\u00e9zus Krisztusnak adott v\u00e1laszunk hat\u00e1rozza meg.<\/li>\n<li>Hissz\u00fck, hogy az \u00dar J\u00e9zus Krisztus \u00fajra elj\u00f6n, ahogy meg\u00edg\u00e9rte.<\/li>\n<\/ul>\n","protected":false},"excerpt":{"rendered":"<p>Hitvall\u00e1sunk Hisz\u00fcnk abban, hogy a Biblia Isten Ig\u00e9je. Pontos, hiteles \u00e9s alkalmazhat\u00f3 mindennapi \u00e9let\u00fcnkben. Hisz\u00fcnk egy \u00f6r\u00f6k Istenben, aki mindennek a Teremt\u0151je. H\u00e1rom szem\u00e9lyben l\u00e9tezik: Isten, az Atya, Isten a Fi\u00fa \u00e9s Isten a Szent Szellem. Mindenest\u0151l szeret\u0151 \u00e9s teljesen szent. Hissz\u00fck, hogy a b\u0171n mindannyiunkat elv\u00e1lasztotta Istent\u0151l \u00e9s az ir\u00e1nyt\u00f3l, amelyet nek\u00fcnk sz\u00e1nt. Hissz\u00fck, [&hellip;]<\/p>\n","protected":false},"author":54263,"featured_media":0,"parent":0,"menu_order":0,"comment_status":"closed","ping_status":"closed","template":"page-subpage.php","meta":{"_acf_changed":false,"footnotes":""},"class_list":["post-205","page","type-page","status-publish","hentry"],"acf":[],"yoast_head":"<!-- This site is optimized with the Yoast SEO plugin v27.2 - https:\/\/yoast.com\/product\/yoast-seo-wordpress\/ -->\n<title>Hillsong Hungary | Hitvall\u00e1sunk - Hungary<\/title>\n<meta name=\"robots\" content=\"index, follow, max-snippet:-1, max-image-preview:large, max-video-preview:-1\" \/>\n<link rel=\"canonical\" href=\"https:\/\/hillsong.com\/hungary\/en\/hitvallasunk\/\" \/>\n<meta property=\"og:locale\" content=\"hu_HU\" \/>\n<meta property=\"og:type\" content=\"article\" \/>\n<meta property=\"og:title\" content=\"[:en]Hillsong Hungary | What we belive[:hu]Hillsong Hungary | Hitvall\u00e1sunk[:] - Hungary\" \/>\n<meta property=\"og:description\" content=\"Hitvall\u00e1sunk Hisz\u00fcnk abban, hogy a Biblia Isten Ig\u00e9je. Pontos, hiteles \u00e9s alkalmazhat\u00f3 mindennapi \u00e9let\u00fcnkben. Hisz\u00fcnk egy \u00f6r\u00f6k Istenben, aki mindennek a Teremt\u0151je. H\u00e1rom szem\u00e9lyben l\u00e9tezik: Isten, az Atya, Isten a Fi\u00fa \u00e9s Isten a Szent Szellem. Mindenest\u0151l szeret\u0151 \u00e9s teljesen szent. Hissz\u00fck, hogy a b\u0171n mindannyiunkat elv\u00e1lasztotta Istent\u0151l \u00e9s az ir\u00e1nyt\u00f3l, amelyet nek\u00fcnk sz\u00e1nt. Hissz\u00fck, [&hellip;]\" \/>\n<meta property=\"og:url\" content=\"https:\/\/hillsong.com\/hungary\/en\/hitvallasunk\/\" \/>\n<meta property=\"og:site_name\" content=\"Hungary\" \/>\n<meta property=\"article:modified_time\" content=\"2025-04-10T09:54:47+00:00\" \/>\n<meta name=\"twitter:card\" content=\"summary_large_image\" \/>\n<meta name=\"twitter:label1\" content=\"Est. reading time\" \/>\n\t<meta name=\"twitter:data1\" content=\"2 minutes\" \/>\n<script type=\"application\/ld+json\" class=\"yoast-schema-graph\">{\"@context\":\"https:\/\/schema.org\",\"@graph\":[{\"@type\":\"WebPage\",\"@id\":\"https:\/\/hillsong.com\/hungary\/en\/hitvallasunk\/\",\"url\":\"https:\/\/hillsong.com\/hungary\/en\/hitvallasunk\/\",\"name\":\"[:en]Hillsong Hungary | What we belive[:hu]Hillsong Hungary | Hitvall\u00e1sunk[:] - Hungary\",\"isPartOf\":{\"@id\":\"https:\/\/hillsong.com\/hungary\/de\/#website\"},\"datePublished\":\"2025-03-10T12:27:51+00:00\",\"dateModified\":\"2025-04-10T09:54:47+00:00\",\"breadcrumb\":{\"@id\":\"https:\/\/hillsong.com\/hungary\/en\/hitvallasunk\/#breadcrumb\"},\"inLanguage\":\"hu-HU\",\"potentialAction\":[{\"@type\":\"ReadAction\",\"target\":[\"https:\/\/hillsong.com\/hungary\/en\/hitvallasunk\/\"]}]},{\"@type\":\"BreadcrumbList\",\"@id\":\"https:\/\/hillsong.com\/hungary\/en\/hitvallasunk\/#breadcrumb\",\"itemListElement\":[{\"@type\":\"ListItem\",\"position\":1,\"name\":\"Home\",\"item\":\"https:\/\/hillsong.com\/hungary\/\"},{\"@type\":\"ListItem\",\"position\":2,\"name\":\"Hillsong Hungary | What we belive\"}]},{\"@type\":\"WebSite\",\"@id\":\"https:\/\/hillsong.com\/hungary\/de\/#website\",\"url\":\"https:\/\/hillsong.com\/hungary\/de\/\",\"name\":\"Hungary\",\"description\":\"\",\"potentialAction\":[{\"@type\":\"SearchAction\",\"target\":{\"@type\":\"EntryPoint\",\"urlTemplate\":\"https:\/\/hillsong.com\/hungary\/de\/?s={search_term_string}\"},\"query-input\":{\"@type\":\"PropertyValueSpecification\",\"valueRequired\":true,\"valueName\":\"search_term_string\"}}],\"inLanguage\":\"hu-HU\"}]}<\/script>\n<!-- \/ Yoast SEO plugin. -->","yoast_head_json":{"title":"[:en]Hillsong Hungary | What we belive[:hu]Hillsong Hungary | Hitvall\u00e1sunk[:] - Hungary","robots":{"index":"index","follow":"follow","max-snippet":"max-snippet:-1","max-image-preview":"max-image-preview:large","max-video-preview":"max-video-preview:-1"},"canonical":"https:\/\/hillsong.com\/hungary\/en\/hitvallasunk\/","og_locale":"hu_HU","og_type":"article","og_title":"[:en]Hillsong Hungary | What we belive[:hu]Hillsong Hungary | Hitvall\u00e1sunk[:] - Hungary","og_description":"Hitvall\u00e1sunk Hisz\u00fcnk abban, hogy a Biblia Isten Ig\u00e9je. Pontos, hiteles \u00e9s alkalmazhat\u00f3 mindennapi \u00e9let\u00fcnkben. Hisz\u00fcnk egy \u00f6r\u00f6k Istenben, aki mindennek a Teremt\u0151je. H\u00e1rom szem\u00e9lyben l\u00e9tezik: Isten, az Atya, Isten a Fi\u00fa \u00e9s Isten a Szent Szellem. Mindenest\u0151l szeret\u0151 \u00e9s teljesen szent. Hissz\u00fck, hogy a b\u0171n mindannyiunkat elv\u00e1lasztotta Istent\u0151l \u00e9s az ir\u00e1nyt\u00f3l, amelyet nek\u00fcnk sz\u00e1nt. Hissz\u00fck, [&hellip;]","og_url":"https:\/\/hillsong.com\/hungary\/en\/hitvallasunk\/","og_site_name":"Hungary","article_modified_time":"2025-04-10T09:54:47+00:00","twitter_card":"summary_large_image","twitter_misc":{"Est. reading time":"2 minutes"},"schema":{"@context":"https:\/\/schema.org","@graph":[{"@type":"WebPage","@id":"https:\/\/hillsong.com\/hungary\/en\/hitvallasunk\/","url":"https:\/\/hillsong.com\/hungary\/en\/hitvallasunk\/","name":"[:en]Hillsong Hungary | What we belive[:hu]Hillsong Hungary | Hitvall\u00e1sunk[:] - Hungary","isPartOf":{"@id":"https:\/\/hillsong.com\/hungary\/de\/#website"},"datePublished":"2025-03-10T12:27:51+00:00","dateModified":"2025-04-10T09:54:47+00:00","breadcrumb":{"@id":"https:\/\/hillsong.com\/hungary\/en\/hitvallasunk\/#breadcrumb"},"inLanguage":"hu-HU","potentialAction":[{"@type":"ReadAction","target":["https:\/\/hillsong.com\/hungary\/en\/hitvallasunk\/"]}]},{"@type":"BreadcrumbList","@id":"https:\/\/hillsong.com\/hungary\/en\/hitvallasunk\/#breadcrumb","itemListElement":[{"@type":"ListItem","position":1,"name":"Home","item":"https:\/\/hillsong.com\/hungary\/"},{"@type":"ListItem","position":2,"name":"Hillsong Hungary | What we belive"}]},{"@type":"WebSite","@id":"https:\/\/hillsong.com\/hungary\/de\/#website","url":"https:\/\/hillsong.com\/hungary\/de\/","name":"Hungary","description":"","potentialAction":[{"@type":"SearchAction","target":{"@type":"EntryPoint","urlTemplate":"https:\/\/hillsong.com\/hungary\/de\/?s={search_term_string}"},"query-input":{"@type":"PropertyValueSpecification","valueRequired":true,"valueName":"search_term_string"}}],"inLanguage":"hu-HU"}]}},"_links":{"self":[{"href":"https:\/\/hillsong.com\/hungary\/wp-json\/wp\/v2\/pages\/205","targetHints":{"allow":["GET"]}}],"collection":[{"href":"https:\/\/hillsong.com\/hungary\/wp-json\/wp\/v2\/pages"}],"about":[{"href":"https:\/\/hillsong.com\/hungary\/wp-json\/wp\/v2\/types\/page"}],"author":[{"embeddable":true,"href":"https:\/\/hillsong.com\/hungary\/wp-json\/wp\/v2\/users\/54263"}],"replies":[{"embeddable":true,"href":"https:\/\/hillsong.com\/hungary\/wp-json\/wp\/v2\/comments?post=205"}],"version-history":[{"count":3,"href":"https:\/\/hillsong.com\/hungary\/wp-json\/wp\/v2\/pages\/205\/revisions"}],"predecessor-version":[{"id":229,"href":"https:\/\/hillsong.com\/hungary\/wp-json\/wp\/v2\/pages\/205\/revisions\/229"}],"wp:attachment":[{"href":"https:\/\/hillsong.com\/hungary\/wp-json\/wp\/v2\/media?parent=205"}],"curies":[{"name":"wp","href":"https:\/\/api.w.org\/{rel}","templated":true}]}}