{"id":589688,"date":"2020-03-14T00:00:00","date_gmt":"2020-03-14T00:00:00","guid":{"rendered":"https:\/\/hillsong.com\/?page_id=589688"},"modified":"2024-06-26T09:54:22","modified_gmt":"2024-06-26T15:54:22","slug":"jesus","status":"publish","type":"page","link":"https:\/\/hillsong.com\/mexico\/pb\/monterrey\/jesus\/","title":{"rendered":"Jesus &#8211; Who Jesus Is and What That Means for Us"},"content":{"rendered":"","protected":false},"excerpt":{"rendered":"","protected":false},"author":53250,"featured_media":0,"parent":454824,"menu_order":0,"comment_status":"open","ping_status":"closed","template":"","meta":{"footnotes":""},"acf":[],"yoast_head":"<!-- This site is optimized with the Yoast SEO plugin v18.9 - https:\/\/yoast.com\/wordpress\/plugins\/seo\/ -->\n<title>Jesus - Who Jesus Is and What That Means for Us - Mexico<\/title>\n<meta name=\"robots\" content=\"index, follow, max-snippet:-1, max-image-preview:large, max-video-preview:-1\" \/>\n<link rel=\"canonical\" href=\"https:\/\/hillsong.com\/mexico\/monterrey\/jesus\/\" \/>\n<meta property=\"og:locale\" content=\"pt_BR\" \/>\n<meta property=\"og:type\" content=\"article\" \/>\n<meta property=\"og:title\" content=\"[:en]Jesus - \u00bfQui\u00e9n es Jes\u00fas y qu\u00e9 significa \u00c9l para m\u00ed?[:de]Jesus - Wer ist Jesus und was bedeutet das f\u00fcr uns[:fr]Jesus - Qui est J\u00e9sus ?[:es]Jesus - \u00bfQui\u00e9n es Jes\u00fas y qu\u00e9 significa \u00c9l para m\u00ed?[:pt]Jesus - Quem \u00c9 Jesus?[:pb]Jesus - Who Jesus Is and What That Means for Us[:ru]Jesus - \u0425\u0442\u043e \u0442\u0430\u043a\u0438\u0439 \u0406\u0441\u0443\u0441? [:sv]Jesus - Who Jesus Is and What That Means for Us[:id]Jesus - Who Jesus Is and What That Means for Us[:da]Jesus - Who Jesus Is and What That Means for Us[:no]Jesus - Who Jesus Is and What That Means for Us[:nl]Jesus - Who Jesus Is and What That Means for Us[:it]Jesus - Chi \u00e8 Ges\u00f9?[:] - Mexico\" \/>\n<meta property=\"og:url\" content=\"https:\/\/hillsong.com\/mexico\/monterrey\/jesus\/\" \/>\n<meta property=\"og:site_name\" content=\"Mexico\" \/>\n<meta property=\"article:modified_time\" content=\"2024-06-26T15:54:22+00:00\" \/>\n<meta name=\"twitter:card\" content=\"summary_large_image\" \/>\n<script type=\"application\/ld+json\" class=\"yoast-schema-graph\">{\"@context\":\"https:\/\/schema.org\",\"@graph\":[{\"@type\":\"WebSite\",\"@id\":\"https:\/\/hillsong.com\/mexico\/da\/#website\",\"url\":\"https:\/\/hillsong.com\/mexico\/da\/\",\"name\":\"Mexico\",\"description\":\"\",\"potentialAction\":[{\"@type\":\"SearchAction\",\"target\":{\"@type\":\"EntryPoint\",\"urlTemplate\":\"https:\/\/hillsong.com\/mexico\/da\/?s={search_term_string}\"},\"query-input\":\"required name=search_term_string\"}],\"inLanguage\":\"pt-BR\"},{\"@type\":\"WebPage\",\"@id\":\"https:\/\/hillsong.com\/mexico\/monterrey\/jesus\/#webpage\",\"url\":\"https:\/\/hillsong.com\/mexico\/monterrey\/jesus\/\",\"name\":\"[:en]Jesus - \u00bfQui\u00e9n es Jes\u00fas y qu\u00e9 significa \u00c9l para m\u00ed?[:de]Jesus - Wer ist Jesus und was bedeutet das f\u00fcr uns[:fr]Jesus - Qui est J\u00e9sus ?[:es]Jesus - \u00bfQui\u00e9n es Jes\u00fas y qu\u00e9 significa \u00c9l para m\u00ed?[:pt]Jesus - Quem \u00c9 Jesus?[:pb]Jesus - Who Jesus Is and What That Means for Us[:ru]Jesus - \u0425\u0442\u043e \u0442\u0430\u043a\u0438\u0439 \u0406\u0441\u0443\u0441? [:sv]Jesus - Who Jesus Is and What That Means for Us[:id]Jesus - Who Jesus Is and What That Means for Us[:da]Jesus - Who Jesus Is and What That Means for Us[:no]Jesus - Who Jesus Is and What That Means for Us[:nl]Jesus - Who Jesus Is and What That Means for Us[:it]Jesus - Chi \u00e8 Ges\u00f9?[:] - Mexico\",\"isPartOf\":{\"@id\":\"https:\/\/hillsong.com\/mexico\/da\/#website\"},\"datePublished\":\"2020-03-14T00:00:00+00:00\",\"dateModified\":\"2024-06-26T15:54:22+00:00\",\"breadcrumb\":{\"@id\":\"https:\/\/hillsong.com\/mexico\/monterrey\/jesus\/#breadcrumb\"},\"inLanguage\":\"pt-BR\",\"potentialAction\":[{\"@type\":\"ReadAction\",\"target\":[\"https:\/\/hillsong.com\/mexico\/monterrey\/jesus\/\"]}]},{\"@type\":\"BreadcrumbList\",\"@id\":\"https:\/\/hillsong.com\/mexico\/monterrey\/jesus\/#breadcrumb\",\"itemListElement\":[{\"@type\":\"ListItem\",\"position\":1,\"name\":\"Home\",\"item\":\"https:\/\/hillsong.com\/mexico\/da\/\"},{\"@type\":\"ListItem\",\"position\":2,\"name\":\"Monterrey\",\"item\":\"https:\/\/hillsong.com\/mexico\/monterrey\/\"},{\"@type\":\"ListItem\",\"position\":3,\"name\":\"Jesus &#8211; \u00bfQui\u00e9n es Jes\u00fas y qu\u00e9 significa \u00c9l para m\u00ed?\"}]}]}<\/script>\n<!-- \/ Yoast SEO plugin. -->","yoast_head_json":{"title":"[:en]Jesus - \u00bfQui\u00e9n es Jes\u00fas y qu\u00e9 significa \u00c9l para m\u00ed?[:de]Jesus - Wer ist Jesus und was bedeutet das f\u00fcr uns[:fr]Jesus - Qui est J\u00e9sus ?[:es]Jesus - \u00bfQui\u00e9n es Jes\u00fas y qu\u00e9 significa \u00c9l para m\u00ed?[:pt]Jesus - Quem \u00c9 Jesus?[:pb]Jesus - Who Jesus Is and What That Means for Us[:ru]Jesus - \u0425\u0442\u043e \u0442\u0430\u043a\u0438\u0439 \u0406\u0441\u0443\u0441? [:sv]Jesus - Who Jesus Is and What That Means for Us[:id]Jesus - Who Jesus Is and What That Means for Us[:da]Jesus - Who Jesus Is and What That Means for Us[:no]Jesus - Who Jesus Is and What That Means for Us[:nl]Jesus - Who Jesus Is and What That Means for Us[:it]Jesus - Chi \u00e8 Ges\u00f9?[:] - Mexico","robots":{"index":"index","follow":"follow","max-snippet":"max-snippet:-1","max-image-preview":"max-image-preview:large","max-video-preview":"max-video-preview:-1"},"canonical":"https:\/\/hillsong.com\/mexico\/monterrey\/jesus\/","og_locale":"pt_BR","og_type":"article","og_title":"[:en]Jesus - \u00bfQui\u00e9n es Jes\u00fas y qu\u00e9 significa \u00c9l para m\u00ed?[:de]Jesus - Wer ist Jesus und was bedeutet das f\u00fcr uns[:fr]Jesus - Qui est J\u00e9sus ?[:es]Jesus - \u00bfQui\u00e9n es Jes\u00fas y qu\u00e9 significa \u00c9l para m\u00ed?[:pt]Jesus - Quem \u00c9 Jesus?[:pb]Jesus - Who Jesus Is and What That Means for Us[:ru]Jesus - \u0425\u0442\u043e \u0442\u0430\u043a\u0438\u0439 \u0406\u0441\u0443\u0441? [:sv]Jesus - Who Jesus Is and What That Means for Us[:id]Jesus - Who Jesus Is and What That Means for Us[:da]Jesus - Who Jesus Is and What That Means for Us[:no]Jesus - Who Jesus Is and What That Means for Us[:nl]Jesus - Who Jesus Is and What That Means for Us[:it]Jesus - Chi \u00e8 Ges\u00f9?[:] - Mexico","og_url":"https:\/\/hillsong.com\/mexico\/monterrey\/jesus\/","og_site_name":"Mexico","article_modified_time":"2024-06-26T15:54:22+00:00","twitter_card":"summary_large_image","schema":{"@context":"https:\/\/schema.org","@graph":[{"@type":"WebSite","@id":"https:\/\/hillsong.com\/mexico\/da\/#website","url":"https:\/\/hillsong.com\/mexico\/da\/","name":"Mexico","description":"","potentialAction":[{"@type":"SearchAction","target":{"@type":"EntryPoint","urlTemplate":"https:\/\/hillsong.com\/mexico\/da\/?s={search_term_string}"},"query-input":"required name=search_term_string"}],"inLanguage":"pt-BR"},{"@type":"WebPage","@id":"https:\/\/hillsong.com\/mexico\/monterrey\/jesus\/#webpage","url":"https:\/\/hillsong.com\/mexico\/monterrey\/jesus\/","name":"[:en]Jesus - \u00bfQui\u00e9n es Jes\u00fas y qu\u00e9 significa \u00c9l para m\u00ed?[:de]Jesus - Wer ist Jesus und was bedeutet das f\u00fcr uns[:fr]Jesus - Qui est J\u00e9sus ?[:es]Jesus - \u00bfQui\u00e9n es Jes\u00fas y qu\u00e9 significa \u00c9l para m\u00ed?[:pt]Jesus - Quem \u00c9 Jesus?[:pb]Jesus - Who Jesus Is and What That Means for Us[:ru]Jesus - \u0425\u0442\u043e \u0442\u0430\u043a\u0438\u0439 \u0406\u0441\u0443\u0441? [:sv]Jesus - Who Jesus Is and What That Means for Us[:id]Jesus - Who Jesus Is and What That Means for Us[:da]Jesus - Who Jesus Is and What That Means for Us[:no]Jesus - Who Jesus Is and What That Means for Us[:nl]Jesus - Who Jesus Is and What That Means for Us[:it]Jesus - Chi \u00e8 Ges\u00f9?[:] - Mexico","isPartOf":{"@id":"https:\/\/hillsong.com\/mexico\/da\/#website"},"datePublished":"2020-03-14T00:00:00+00:00","dateModified":"2024-06-26T15:54:22+00:00","breadcrumb":{"@id":"https:\/\/hillsong.com\/mexico\/monterrey\/jesus\/#breadcrumb"},"inLanguage":"pt-BR","potentialAction":[{"@type":"ReadAction","target":["https:\/\/hillsong.com\/mexico\/monterrey\/jesus\/"]}]},{"@type":"BreadcrumbList","@id":"https:\/\/hillsong.com\/mexico\/monterrey\/jesus\/#breadcrumb","itemListElement":[{"@type":"ListItem","position":1,"name":"Home","item":"https:\/\/hillsong.com\/mexico\/da\/"},{"@type":"ListItem","position":2,"name":"Monterrey","item":"https:\/\/hillsong.com\/mexico\/monterrey\/"},{"@type":"ListItem","position":3,"name":"Jesus &#8211; \u00bfQui\u00e9n es Jes\u00fas y qu\u00e9 significa \u00c9l para m\u00ed?"}]}]}},"_links":{"self":[{"href":"https:\/\/hillsong.com\/mexico\/pb\/wp-json\/wp\/v2\/pages\/589688"}],"collection":[{"href":"https:\/\/hillsong.com\/mexico\/pb\/wp-json\/wp\/v2\/pages"}],"about":[{"href":"https:\/\/hillsong.com\/mexico\/pb\/wp-json\/wp\/v2\/types\/page"}],"author":[{"embeddable":true,"href":"https:\/\/hillsong.com\/mexico\/pb\/wp-json\/wp\/v2\/users\/53250"}],"replies":[{"embeddable":true,"href":"https:\/\/hillsong.com\/mexico\/pb\/wp-json\/wp\/v2\/comments?post=589688"}],"version-history":[{"count":3,"href":"https:\/\/hillsong.com\/mexico\/pb\/wp-json\/wp\/v2\/pages\/589688\/revisions"}],"predecessor-version":[{"id":632367,"href":"https:\/\/hillsong.com\/mexico\/pb\/wp-json\/wp\/v2\/pages\/589688\/revisions\/632367"}],"up":[{"embeddable":true,"href":"https:\/\/hillsong.com\/mexico\/pb\/wp-json\/wp\/v2\/pages\/454824"}],"wp:attachment":[{"href":"https:\/\/hillsong.com\/mexico\/pb\/wp-json\/wp\/v2\/media?parent=589688"}],"curies":[{"name":"wp","href":"https:\/\/api.w.org\/{rel}","templated":true}]}}