{"id":634424,"date":"2021-11-23T17:56:12","date_gmt":"2021-11-23T17:56:12","guid":{"rendered":"https:\/\/hillsong.com\/netherlands\/?page_id=634424"},"modified":"2025-10-12T07:38:00","modified_gmt":"2025-10-12T07:38:00","slug":"jobs","status":"publish","type":"page","link":"https:\/\/hillsong.com\/netherlands\/pt\/jobs\/","title":{"rendered":"Job opening"},"content":{"rendered":"<p class=\"qtranxs-available-languages-message qtranxs-available-languages-message-pt\">Desculpe, este conte\u00fado s\u00f3 est\u00e1 dispon\u00edvel em <a href=\"https:\/\/hillsong.com\/netherlands\/en\/wp-json\/wp\/v2\/pages\/634424\/\" class=\"qtranxs-available-language-link qtranxs-available-language-link-en\" title=\"English\">English<\/a> e <a href=\"https:\/\/hillsong.com\/netherlands\/nl\/wp-json\/wp\/v2\/pages\/634424\/\" class=\"qtranxs-available-language-link qtranxs-available-language-link-nl\" title=\"Nederlands\">Nederlands<\/a>.<\/p><p><\/p>\n<h2 style=\"font-weight: 400;\"><strong>Kids &amp; Family Department Leader<br \/>\n<\/strong>Full \u2013 time, Netherlands, Amsterdam<\/h2>\n<p>&nbsp;<\/p>\n<p>Department: Kids &amp; Family<span lang=\"EN-US\"><br \/>\n<\/span>Employment Type: 32-40 hours<br \/>\nMinimum Experience: Experienced<\/p>\n<h3 style=\"font-weight: 400;\"><strong>Kids &amp; Family Department Leader \u2013 Job Summary<\/strong><\/h3>\n<p>Hillsong Church NL is seeking a visionary and strategic Kids &amp; Family Department Leader to lead one of the most significant areas of our church \u2014 investing in the next generation and strengthening families. This is more than a ministry role; it is a leadership position focused on building sustainable systems, shaping a healthy ministry culture, developing leaders, and ensuring both Kids and Family Ministries are aligned with the overall vision of Hillsong Church.<\/p>\n<h3 style=\"font-weight: 400;\"><strong>Description<\/strong><\/h3>\n<p style=\"font-weight: 400;\">In this role, you will provide day-to-day leadership, pastoral oversight, and strategic direction for the Kids &amp; Family Ministry on our Amsterdam campus, while also supporting and resourcing teams in Rotterdam and Brussels to ensure unity and shared vision across all locations. Through your leadership, you will build and steward a thriving ministry that helps children encounter Jesus, equips families to grow in faith, and raises strong future leaders.<\/p>\n<h3 class=\"p1\"><strong>\u00a0<\/strong><\/h3>\n<h3 style=\"font-weight: 400;\"><strong>Key Responsibilities<\/strong><\/h3>\n<p class=\"p1\"><em>Spiritual &amp; Strategic Leadership <\/em><\/p>\n<ul>\n<li class=\"p1\">Provide vision, leadership, and strategic direction for the Kids &amp; Family Department, aligning with the broader mission of Hillsong Church.<\/li>\n<li class=\"p1\">Champion a culture of discipleship, creativity, excellence, safety, and family support across all campuses.<\/li>\n<li class=\"p1\">Shape long-term strategies for growth, impact, and innovation in both children\u2019s and family ministries.<\/li>\n<li class=\"p1\">Ensure that both ministries contribute meaningfully to the church\u2019s mission and overall goals.<\/li>\n<li class=\"p1\">Growing the Kids &amp; Family department by raising and mentoring leaders within the Kids &amp; Family team, ensuring a culture of discipleship, excellence, and care.<\/li>\n<\/ul>\n<p class=\"p1\"><i><br \/>\nLeadership and Team Development &amp; Oversight<\/i><\/p>\n<ul>\n<li class=\"p1\">Provide direct leadership and oversight to the Amsterdam Kids &amp; Family Ministry team.<\/li>\n<li class=\"p1\">Lead and support leaders and key team members to grow in leadership capacity and influence.<\/li>\n<li class=\"p1\">Equip leaders to build and sustain healthy teams and volunteer development strategies.<\/li>\n<li class=\"p1\">Offer strategic support, coaching and guidance to the Rotterdam, Brussels and future locations Kids &amp; Family leaders, ensuring consistency and collaboration across all campuses.<i><br \/>\n<\/i><\/li>\n<\/ul>\n<p><em><br \/>\nKids Ministry<\/em><\/p>\n<ul>\n<li>Safeguard the wellbeing of children by ensuring that policies are developed, written, implemented, and reviewed annually. Creating ministry environments that are safe, welcoming and impactful for children and their families.<\/li>\n<li>Ensure team members adhere to child protection and Code of Conduct standards.<\/li>\n<li>Deliver excellent programmes, that are biblically sound and reflect Hillsong culture, camps, and events that integrate discipleship, worship, and creativity.<\/li>\n<li>Adapt global Hillsong Kids curriculum for local context, ensuring cultural relevance and impact.<\/li>\n<\/ul>\n<p><em><br \/>\nFamily Ministry<\/em><\/p>\n<ul>\n<li>Develop and implement initiatives that equip, connect, support and pastor families within the church community.<\/li>\n<li>Plan and oversee events such as parenting seminars, family workshops, Sunday and midweek gatherings designed to support and strengthen family life.<\/li>\n<li>Provide resources and pastoral care to parents and caregivers, helping them disciple their children at home.<\/li>\n<li>Foster a collaborative relationship between the church and families, building trust and support systems.<\/li>\n<\/ul>\n<p><em><br \/>\nStrategy, Planning &amp; Stewardship<\/em><\/p>\n<ul>\n<li>Work collaboratively with other department leaders to align strategies and achieve shared church objectives.<\/li>\n<li>Oversee and manage annual budgets for Amsterdam, Rotterdam, and Brussels. Ensuring wise stewardship and financial sustainability, while proposing future budget needs and effectively managing resources across multiple campuses.<\/li>\n<li>Lead major seasonal events such as Kids Camp.<\/li>\n<li>Provide clear reporting to leadership through monthly reports.<\/li>\n<li>Ensure policies and procedures are regularly updated and compliant with Dutch law.<\/li>\n<\/ul>\n<p><em><br \/>\nCollaboration &amp; Communication<\/em><\/p>\n<ul>\n<li>Build strong, trusting relationships with parents and families.<\/li>\n<li>Partner with Hillsong Global Kids Pastors and European teams, contributing to shared initiatives and conferences.<\/li>\n<li>Communicate effectively through parent groups, digital channels, and social media.<\/li>\n<\/ul>\n<p><em><br \/>\nProfile &amp; Qualifications<\/em><\/p>\n<ul>\n<li>Follower of Jesus and active member of Hillsong Church<\/li>\n<li>Proven leadership experience preferably in children\u2019s or family ministry.<\/li>\n<li>Strategic thinker with a passion for leadership development and the ability to disciple others.<\/li>\n<li>Strong leadership, organisational, administrative, and communication skills, capable of adapting communication style to engage children, parents, and team members effectively.<\/li>\n<li>Committed to safeguarding and child protection best practices.<\/li>\n<li>Bachelor\u2019s degree level of thinking and working (HBO or equivalent).<\/li>\n<li>Must hold (or be eligible for) Hillsong Pastors Credential.<\/li>\n<li>Valid VOG (renewed every 3 years).<\/li>\n<li>Fluent in Dutch and English (spoken and written).<\/li>\n<li>Holder of a valid EU work visa\/permit.<\/li>\n<\/ul>\n<p>&nbsp;<\/p>\n<p><strong>Application<br \/>\n<\/strong>If you are passionate about raising up the next generation and leading a thriving Kids &amp; Family ministry, we would love to hear from you.<br \/>\nPlease send your application letter and CV to <a href=\"mailto:jeannellis.vankleef@hillsong.nl\">jeannellis.vankleef@hillsong.nl<\/a> before <strong>Friday October 24, 2025. \u00a0<\/strong><\/p>","protected":false},"excerpt":{"rendered":"<p>Desculpe, este conte\u00fado s\u00f3 est\u00e1 dispon\u00edvel em English e Nederlands. Kids &amp; Family Department Leader Full \u2013 time, Netherlands, Amsterdam &nbsp; Department: Kids &amp; Family Employment Type: 32-40 hours Minimum Experience: Experienced Kids &amp; Family Department Leader \u2013 Job Summary Hillsong Church NL is seeking a visionary and strategic Kids &amp; Family Department Leader to [&hellip;]<\/p>\n","protected":false},"author":51785,"featured_media":0,"parent":0,"menu_order":0,"comment_status":"closed","ping_status":"closed","template":"page-trans-nav-white-logo.php","meta":{"_acf_changed":false,"footnotes":""},"class_list":["post-634424","page","type-page","status-publish","hentry"],"acf":[],"yoast_head":"<!-- This site is optimized with the Yoast SEO plugin v27.2 - https:\/\/yoast.com\/product\/yoast-seo-wordpress\/ -->\n<title><\/title>\n<meta name=\"robots\" content=\"index, follow, max-snippet:-1, max-image-preview:large, max-video-preview:-1\" \/>\n<link rel=\"canonical\" href=\"https:\/\/hillsong.com\/netherlands\/jobs\/\" \/>\n<meta property=\"og:locale\" content=\"pt_PT\" \/>\n<meta property=\"og:type\" content=\"article\" \/>\n<meta property=\"og:title\" content=\"[:en]Job opening[:nl]Job opening[:] - Netherlands\" \/>\n<meta property=\"og:description\" content=\"Desculpe, este conte\u00fado s\u00f3 est\u00e1 dispon\u00edvel em English e Nederlands. Kids &amp; Family Department Leader Full \u2013 time, Netherlands, Amsterdam &nbsp; Department: Kids &amp; Family Employment Type: 32-40 hours Minimum Experience: Experienced Kids &amp; Family Department Leader \u2013 Job Summary Hillsong Church NL is seeking a visionary and strategic Kids &amp; Family Department Leader to [&hellip;]\" \/>\n<meta property=\"og:url\" content=\"https:\/\/hillsong.com\/netherlands\/jobs\/\" \/>\n<meta property=\"og:site_name\" content=\"Netherlands\" \/>\n<meta property=\"article:modified_time\" content=\"2025-10-12T07:38:00+00:00\" \/>\n<meta name=\"twitter:card\" content=\"summary_large_image\" \/>\n<meta name=\"twitter:label1\" content=\"Est. reading time\" \/>\n\t<meta name=\"twitter:data1\" content=\"6 minutes\" \/>\n<script type=\"application\/ld+json\" class=\"yoast-schema-graph\">{\"@context\":\"https:\/\/schema.org\",\"@graph\":[{\"@type\":\"WebPage\",\"@id\":\"https:\/\/hillsong.com\/netherlands\/jobs\/\",\"url\":\"https:\/\/hillsong.com\/netherlands\/jobs\/\",\"name\":\"[:en]Job opening[:nl]Job opening[:] - Netherlands\",\"isPartOf\":{\"@id\":\"https:\/\/hillsong.com\/netherlands\/id\/#website\"},\"datePublished\":\"2021-11-23T17:56:12+00:00\",\"dateModified\":\"2025-10-12T07:38:00+00:00\",\"breadcrumb\":{\"@id\":\"https:\/\/hillsong.com\/netherlands\/jobs\/#breadcrumb\"},\"inLanguage\":\"pt-PT\",\"potentialAction\":[{\"@type\":\"ReadAction\",\"target\":[\"https:\/\/hillsong.com\/netherlands\/jobs\/\"]}]},{\"@type\":\"BreadcrumbList\",\"@id\":\"https:\/\/hillsong.com\/netherlands\/jobs\/#breadcrumb\",\"itemListElement\":[{\"@type\":\"ListItem\",\"position\":1,\"name\":\"Home\",\"item\":\"https:\/\/hillsong.com\/netherlands\/\"},{\"@type\":\"ListItem\",\"position\":2,\"name\":\"Job opening\"}]},{\"@type\":\"WebSite\",\"@id\":\"https:\/\/hillsong.com\/netherlands\/id\/#website\",\"url\":\"https:\/\/hillsong.com\/netherlands\/id\/\",\"name\":\"Netherlands\",\"description\":\"\",\"potentialAction\":[{\"@type\":\"SearchAction\",\"target\":{\"@type\":\"EntryPoint\",\"urlTemplate\":\"https:\/\/hillsong.com\/netherlands\/id\/?s={search_term_string}\"},\"query-input\":{\"@type\":\"PropertyValueSpecification\",\"valueRequired\":true,\"valueName\":\"search_term_string\"}}],\"inLanguage\":\"pt-PT\"}]}<\/script>\n<!-- \/ Yoast SEO plugin. -->","yoast_head_json":{"title":"[:en]Job opening[:nl]Job opening[:] - Netherlands","robots":{"index":"index","follow":"follow","max-snippet":"max-snippet:-1","max-image-preview":"max-image-preview:large","max-video-preview":"max-video-preview:-1"},"canonical":"https:\/\/hillsong.com\/netherlands\/jobs\/","og_locale":"pt_PT","og_type":"article","og_title":"[:en]Job opening[:nl]Job opening[:] - Netherlands","og_description":"Desculpe, este conte\u00fado s\u00f3 est\u00e1 dispon\u00edvel em English e Nederlands. Kids &amp; Family Department Leader Full \u2013 time, Netherlands, Amsterdam &nbsp; Department: Kids &amp; Family Employment Type: 32-40 hours Minimum Experience: Experienced Kids &amp; Family Department Leader \u2013 Job Summary Hillsong Church NL is seeking a visionary and strategic Kids &amp; Family Department Leader to [&hellip;]","og_url":"https:\/\/hillsong.com\/netherlands\/jobs\/","og_site_name":"Netherlands","article_modified_time":"2025-10-12T07:38:00+00:00","twitter_card":"summary_large_image","twitter_misc":{"Est. reading time":"6 minutes"},"schema":{"@context":"https:\/\/schema.org","@graph":[{"@type":"WebPage","@id":"https:\/\/hillsong.com\/netherlands\/jobs\/","url":"https:\/\/hillsong.com\/netherlands\/jobs\/","name":"[:en]Job opening[:nl]Job opening[:] - Netherlands","isPartOf":{"@id":"https:\/\/hillsong.com\/netherlands\/id\/#website"},"datePublished":"2021-11-23T17:56:12+00:00","dateModified":"2025-10-12T07:38:00+00:00","breadcrumb":{"@id":"https:\/\/hillsong.com\/netherlands\/jobs\/#breadcrumb"},"inLanguage":"pt-PT","potentialAction":[{"@type":"ReadAction","target":["https:\/\/hillsong.com\/netherlands\/jobs\/"]}]},{"@type":"BreadcrumbList","@id":"https:\/\/hillsong.com\/netherlands\/jobs\/#breadcrumb","itemListElement":[{"@type":"ListItem","position":1,"name":"Home","item":"https:\/\/hillsong.com\/netherlands\/"},{"@type":"ListItem","position":2,"name":"Job opening"}]},{"@type":"WebSite","@id":"https:\/\/hillsong.com\/netherlands\/id\/#website","url":"https:\/\/hillsong.com\/netherlands\/id\/","name":"Netherlands","description":"","potentialAction":[{"@type":"SearchAction","target":{"@type":"EntryPoint","urlTemplate":"https:\/\/hillsong.com\/netherlands\/id\/?s={search_term_string}"},"query-input":{"@type":"PropertyValueSpecification","valueRequired":true,"valueName":"search_term_string"}}],"inLanguage":"pt-PT"}]}},"_links":{"self":[{"href":"https:\/\/hillsong.com\/netherlands\/pt\/wp-json\/wp\/v2\/pages\/634424","targetHints":{"allow":["GET"]}}],"collection":[{"href":"https:\/\/hillsong.com\/netherlands\/pt\/wp-json\/wp\/v2\/pages"}],"about":[{"href":"https:\/\/hillsong.com\/netherlands\/pt\/wp-json\/wp\/v2\/types\/page"}],"author":[{"embeddable":true,"href":"https:\/\/hillsong.com\/netherlands\/pt\/wp-json\/wp\/v2\/users\/51785"}],"replies":[{"embeddable":true,"href":"https:\/\/hillsong.com\/netherlands\/pt\/wp-json\/wp\/v2\/comments?post=634424"}],"version-history":[{"count":4,"href":"https:\/\/hillsong.com\/netherlands\/pt\/wp-json\/wp\/v2\/pages\/634424\/revisions"}],"predecessor-version":[{"id":639800,"href":"https:\/\/hillsong.com\/netherlands\/pt\/wp-json\/wp\/v2\/pages\/634424\/revisions\/639800"}],"wp:attachment":[{"href":"https:\/\/hillsong.com\/netherlands\/pt\/wp-json\/wp\/v2\/media?parent=634424"}],"curies":[{"name":"wp","href":"https:\/\/api.w.org\/{rel}","templated":true}]}}