{"id":344720,"date":"2017-02-10T00:00:00","date_gmt":"2017-02-10T00:00:00","guid":{"rendered":"http:\/\/hillsong.com\/?page_id=344720"},"modified":"2025-01-22T16:34:58","modified_gmt":"2025-01-22T16:34:58","slug":"portugal","status":"publish","type":"page","link":"https:\/\/hillsong.com\/portugal\/da\/","title":{"rendered":"Hillsong Portugal &#8211; Localiza\u00e7\u00f5es e Hor\u00e1rios"},"content":{"rendered":"","protected":false},"excerpt":{"rendered":"","protected":false},"author":14609,"featured_media":0,"parent":0,"menu_order":0,"comment_status":"closed","ping_status":"closed","template":"","meta":{"footnotes":""},"acf":[],"yoast_head":"<!-- This site is optimized with the Yoast SEO plugin v18.9 - https:\/\/yoast.com\/wordpress\/plugins\/seo\/ -->\n<title><\/title>\n<meta name=\"robots\" content=\"index, follow, max-snippet:-1, max-image-preview:large, max-video-preview:-1\" \/>\n<link rel=\"canonical\" href=\"https:\/\/hillsong.com\/portugal\/\" \/>\n<meta property=\"og:locale\" content=\"en_US\" \/>\n<meta property=\"og:type\" content=\"article\" \/>\n<meta property=\"og:title\" content=\"[:en]Hillsong Portugal - Localiza\u00e7\u00f5es e Hor\u00e1rios[:pt]Hillsong Portugal - Localiza\u00e7\u00f5es e Hor\u00e1rios[:] - Portugal\" \/>\n<meta property=\"og:url\" content=\"https:\/\/hillsong.com\/portugal\/\" \/>\n<meta property=\"og:site_name\" content=\"Portugal\" \/>\n<meta property=\"article:modified_time\" content=\"2025-01-22T16:34:58+00:00\" \/>\n<meta name=\"twitter:card\" content=\"summary_large_image\" \/>\n<script type=\"application\/ld+json\" class=\"yoast-schema-graph\">{\"@context\":\"https:\/\/schema.org\",\"@graph\":[{\"@type\":\"WebSite\",\"@id\":\"https:\/\/hillsong.com\/portugal\/#website\",\"url\":\"https:\/\/hillsong.com\/portugal\/\",\"name\":\"Portugal\",\"description\":\"\",\"potentialAction\":[{\"@type\":\"SearchAction\",\"target\":{\"@type\":\"EntryPoint\",\"urlTemplate\":\"https:\/\/hillsong.com\/portugal\/?s={search_term_string}\"},\"query-input\":\"required name=search_term_string\"}],\"inLanguage\":\"da-DA\"},{\"@type\":\"WebPage\",\"@id\":\"https:\/\/hillsong.com\/portugal\/#webpage\",\"url\":\"https:\/\/hillsong.com\/portugal\/\",\"name\":\"[:en]Hillsong Portugal - Localiza\u00e7\u00f5es e Hor\u00e1rios[:pt]Hillsong Portugal - Localiza\u00e7\u00f5es e Hor\u00e1rios[:] - Portugal\",\"isPartOf\":{\"@id\":\"https:\/\/hillsong.com\/portugal\/#website\"},\"datePublished\":\"2017-02-10T00:00:00+00:00\",\"dateModified\":\"2025-01-22T16:34:58+00:00\",\"breadcrumb\":{\"@id\":\"https:\/\/hillsong.com\/portugal\/#breadcrumb\"},\"inLanguage\":\"da-DA\",\"potentialAction\":[{\"@type\":\"ReadAction\",\"target\":[\"https:\/\/hillsong.com\/portugal\/\"]}]},{\"@type\":\"BreadcrumbList\",\"@id\":\"https:\/\/hillsong.com\/portugal\/#breadcrumb\",\"itemListElement\":[{\"@type\":\"ListItem\",\"position\":1,\"name\":\"Home\",\"item\":\"https:\/\/hillsong.com\/portugal\/\"},{\"@type\":\"ListItem\",\"position\":2,\"name\":\"Hillsong Portugal &#8211; Localiza\u00e7\u00f5es e Hor\u00e1rios\"}]}]}<\/script>\n<!-- \/ Yoast SEO plugin. -->","yoast_head_json":{"title":"[:en]Hillsong Portugal - Localiza\u00e7\u00f5es e Hor\u00e1rios[:pt]Hillsong Portugal - Localiza\u00e7\u00f5es e Hor\u00e1rios[:] - Portugal","robots":{"index":"index","follow":"follow","max-snippet":"max-snippet:-1","max-image-preview":"max-image-preview:large","max-video-preview":"max-video-preview:-1"},"canonical":"https:\/\/hillsong.com\/portugal\/","og_locale":"en_US","og_type":"article","og_title":"[:en]Hillsong Portugal - Localiza\u00e7\u00f5es e Hor\u00e1rios[:pt]Hillsong Portugal - Localiza\u00e7\u00f5es e Hor\u00e1rios[:] - Portugal","og_url":"https:\/\/hillsong.com\/portugal\/","og_site_name":"Portugal","article_modified_time":"2025-01-22T16:34:58+00:00","twitter_card":"summary_large_image","schema":{"@context":"https:\/\/schema.org","@graph":[{"@type":"WebSite","@id":"https:\/\/hillsong.com\/portugal\/#website","url":"https:\/\/hillsong.com\/portugal\/","name":"Portugal","description":"","potentialAction":[{"@type":"SearchAction","target":{"@type":"EntryPoint","urlTemplate":"https:\/\/hillsong.com\/portugal\/?s={search_term_string}"},"query-input":"required name=search_term_string"}],"inLanguage":"da-DA"},{"@type":"WebPage","@id":"https:\/\/hillsong.com\/portugal\/#webpage","url":"https:\/\/hillsong.com\/portugal\/","name":"[:en]Hillsong Portugal - Localiza\u00e7\u00f5es e Hor\u00e1rios[:pt]Hillsong Portugal - Localiza\u00e7\u00f5es e Hor\u00e1rios[:] - Portugal","isPartOf":{"@id":"https:\/\/hillsong.com\/portugal\/#website"},"datePublished":"2017-02-10T00:00:00+00:00","dateModified":"2025-01-22T16:34:58+00:00","breadcrumb":{"@id":"https:\/\/hillsong.com\/portugal\/#breadcrumb"},"inLanguage":"da-DA","potentialAction":[{"@type":"ReadAction","target":["https:\/\/hillsong.com\/portugal\/"]}]},{"@type":"BreadcrumbList","@id":"https:\/\/hillsong.com\/portugal\/#breadcrumb","itemListElement":[{"@type":"ListItem","position":1,"name":"Home","item":"https:\/\/hillsong.com\/portugal\/"},{"@type":"ListItem","position":2,"name":"Hillsong Portugal &#8211; Localiza\u00e7\u00f5es e Hor\u00e1rios"}]}]}},"_links":{"self":[{"href":"https:\/\/hillsong.com\/portugal\/da\/wp-json\/wp\/v2\/pages\/344720"}],"collection":[{"href":"https:\/\/hillsong.com\/portugal\/da\/wp-json\/wp\/v2\/pages"}],"about":[{"href":"https:\/\/hillsong.com\/portugal\/da\/wp-json\/wp\/v2\/types\/page"}],"author":[{"embeddable":true,"href":"https:\/\/hillsong.com\/portugal\/da\/wp-json\/wp\/v2\/users\/14609"}],"replies":[{"embeddable":true,"href":"https:\/\/hillsong.com\/portugal\/da\/wp-json\/wp\/v2\/comments?post=344720"}],"version-history":[{"count":5,"href":"https:\/\/hillsong.com\/portugal\/da\/wp-json\/wp\/v2\/pages\/344720\/revisions"}],"predecessor-version":[{"id":636829,"href":"https:\/\/hillsong.com\/portugal\/da\/wp-json\/wp\/v2\/pages\/344720\/revisions\/636829"}],"wp:attachment":[{"href":"https:\/\/hillsong.com\/portugal\/da\/wp-json\/wp\/v2\/media?parent=344720"}],"curies":[{"name":"wp","href":"https:\/\/api.w.org\/{rel}","templated":true}]}}