{"id":632282,"date":"2021-08-03T07:18:47","date_gmt":"2021-08-03T07:18:47","guid":{"rendered":"https:\/\/hillsong.com\/portugal\/?page_id=632282"},"modified":"2021-10-02T12:05:05","modified_gmt":"2021-10-02T12:05:05","slug":"translation","status":"publish","type":"page","link":"https:\/\/hillsong.com\/portugal\/it\/lisboa\/translation\/","title":{"rendered":"Lisboa"},"content":{"rendered":"","protected":false},"excerpt":{"rendered":"","protected":false},"author":14609,"featured_media":0,"parent":345517,"menu_order":0,"comment_status":"closed","ping_status":"closed","template":"","meta":{"_acf_changed":false,"footnotes":""},"class_list":["post-632282","page","type-page","status-publish","hentry"],"acf":[],"yoast_head":"<!-- This site is optimized with the Yoast SEO plugin v27.2 - https:\/\/yoast.com\/product\/yoast-seo-wordpress\/ -->\n<title>Lisboa - Portugal<\/title>\n<meta name=\"robots\" content=\"index, follow, max-snippet:-1, max-image-preview:large, max-video-preview:-1\" \/>\n<link rel=\"canonical\" href=\"https:\/\/hillsong.com\/portugal\/lisboa\/translation\/\" \/>\n<meta property=\"og:locale\" content=\"it_IT\" \/>\n<meta property=\"og:type\" content=\"article\" \/>\n<meta property=\"og:title\" content=\"[:en]Hillsong Portugal - Lisboa Service Translation[:pt]Hillsong Portugal - Lisboa Servi\u00e7o de Tradu\u00e7\u00e3o[:de]Lisboa[:fr]Lisboa[:es]Lisboa[:ca]Lisboa[:pb]Lisboa[:ua]Lisboa[:ru]Lisboa[:sv]Lisboa[:id]Lisboa[:da]Lisboa[:no]Lisboa[:nl]Lisboa[:it]Lisboa[:ja]Lisboa[:] - Portugal\" \/>\n<meta property=\"og:url\" content=\"https:\/\/hillsong.com\/portugal\/lisboa\/translation\/\" \/>\n<meta property=\"og:site_name\" content=\"Portugal\" \/>\n<meta property=\"article:modified_time\" content=\"2021-10-02T12:05:05+00:00\" \/>\n<meta name=\"twitter:card\" content=\"summary_large_image\" \/>\n<script type=\"application\/ld+json\" class=\"yoast-schema-graph\">{\"@context\":\"https:\/\/schema.org\",\"@graph\":[{\"@type\":\"WebPage\",\"@id\":\"https:\/\/hillsong.com\/portugal\/lisboa\/translation\/\",\"url\":\"https:\/\/hillsong.com\/portugal\/lisboa\/translation\/\",\"name\":\"[:en]Hillsong Portugal - Lisboa Service Translation[:pt]Hillsong Portugal - Lisboa Servi\u00e7o de Tradu\u00e7\u00e3o[:de]Lisboa[:fr]Lisboa[:es]Lisboa[:ca]Lisboa[:pb]Lisboa[:ua]Lisboa[:ru]Lisboa[:sv]Lisboa[:id]Lisboa[:da]Lisboa[:no]Lisboa[:nl]Lisboa[:it]Lisboa[:ja]Lisboa[:] - Portugal\",\"isPartOf\":{\"@id\":\"https:\/\/hillsong.com\/portugal\/#website\"},\"datePublished\":\"2021-08-03T07:18:47+00:00\",\"dateModified\":\"2021-10-02T12:05:05+00:00\",\"breadcrumb\":{\"@id\":\"https:\/\/hillsong.com\/portugal\/lisboa\/translation\/#breadcrumb\"},\"inLanguage\":\"it-IT\",\"potentialAction\":[{\"@type\":\"ReadAction\",\"target\":[\"https:\/\/hillsong.com\/portugal\/lisboa\/translation\/\"]}]},{\"@type\":\"BreadcrumbList\",\"@id\":\"https:\/\/hillsong.com\/portugal\/lisboa\/translation\/#breadcrumb\",\"itemListElement\":[{\"@type\":\"ListItem\",\"position\":1,\"name\":\"Home\",\"item\":\"https:\/\/hillsong.com\/portugal\/\"},{\"@type\":\"ListItem\",\"position\":2,\"name\":\"Lisboa\",\"item\":\"https:\/\/hillsong.com\/portugal\/id\/lisboa\/\"},{\"@type\":\"ListItem\",\"position\":3,\"name\":\"Hillsong Portugal &#8211; Lisboa Service Translation\"}]},{\"@type\":\"WebSite\",\"@id\":\"https:\/\/hillsong.com\/portugal\/#website\",\"url\":\"https:\/\/hillsong.com\/portugal\/\",\"name\":\"Portugal\",\"description\":\"\",\"potentialAction\":[{\"@type\":\"SearchAction\",\"target\":{\"@type\":\"EntryPoint\",\"urlTemplate\":\"https:\/\/hillsong.com\/portugal\/?s={search_term_string}\"},\"query-input\":{\"@type\":\"PropertyValueSpecification\",\"valueRequired\":true,\"valueName\":\"search_term_string\"}}],\"inLanguage\":\"it-IT\"}]}<\/script>\n<!-- \/ Yoast SEO plugin. -->","yoast_head_json":{"title":"[:en]Hillsong Portugal - Lisboa Service Translation[:pt]Hillsong Portugal - Lisboa Servi\u00e7o de Tradu\u00e7\u00e3o[:de]Lisboa[:fr]Lisboa[:es]Lisboa[:ca]Lisboa[:pb]Lisboa[:ua]Lisboa[:ru]Lisboa[:sv]Lisboa[:id]Lisboa[:da]Lisboa[:no]Lisboa[:nl]Lisboa[:it]Lisboa[:ja]Lisboa[:] - Portugal","robots":{"index":"index","follow":"follow","max-snippet":"max-snippet:-1","max-image-preview":"max-image-preview:large","max-video-preview":"max-video-preview:-1"},"canonical":"https:\/\/hillsong.com\/portugal\/lisboa\/translation\/","og_locale":"it_IT","og_type":"article","og_title":"[:en]Hillsong Portugal - Lisboa Service Translation[:pt]Hillsong Portugal - Lisboa Servi\u00e7o de Tradu\u00e7\u00e3o[:de]Lisboa[:fr]Lisboa[:es]Lisboa[:ca]Lisboa[:pb]Lisboa[:ua]Lisboa[:ru]Lisboa[:sv]Lisboa[:id]Lisboa[:da]Lisboa[:no]Lisboa[:nl]Lisboa[:it]Lisboa[:ja]Lisboa[:] - Portugal","og_url":"https:\/\/hillsong.com\/portugal\/lisboa\/translation\/","og_site_name":"Portugal","article_modified_time":"2021-10-02T12:05:05+00:00","twitter_card":"summary_large_image","schema":{"@context":"https:\/\/schema.org","@graph":[{"@type":"WebPage","@id":"https:\/\/hillsong.com\/portugal\/lisboa\/translation\/","url":"https:\/\/hillsong.com\/portugal\/lisboa\/translation\/","name":"[:en]Hillsong Portugal - Lisboa Service Translation[:pt]Hillsong Portugal - Lisboa Servi\u00e7o de Tradu\u00e7\u00e3o[:de]Lisboa[:fr]Lisboa[:es]Lisboa[:ca]Lisboa[:pb]Lisboa[:ua]Lisboa[:ru]Lisboa[:sv]Lisboa[:id]Lisboa[:da]Lisboa[:no]Lisboa[:nl]Lisboa[:it]Lisboa[:ja]Lisboa[:] - Portugal","isPartOf":{"@id":"https:\/\/hillsong.com\/portugal\/#website"},"datePublished":"2021-08-03T07:18:47+00:00","dateModified":"2021-10-02T12:05:05+00:00","breadcrumb":{"@id":"https:\/\/hillsong.com\/portugal\/lisboa\/translation\/#breadcrumb"},"inLanguage":"it-IT","potentialAction":[{"@type":"ReadAction","target":["https:\/\/hillsong.com\/portugal\/lisboa\/translation\/"]}]},{"@type":"BreadcrumbList","@id":"https:\/\/hillsong.com\/portugal\/lisboa\/translation\/#breadcrumb","itemListElement":[{"@type":"ListItem","position":1,"name":"Home","item":"https:\/\/hillsong.com\/portugal\/"},{"@type":"ListItem","position":2,"name":"Lisboa","item":"https:\/\/hillsong.com\/portugal\/id\/lisboa\/"},{"@type":"ListItem","position":3,"name":"Hillsong Portugal &#8211; Lisboa Service Translation"}]},{"@type":"WebSite","@id":"https:\/\/hillsong.com\/portugal\/#website","url":"https:\/\/hillsong.com\/portugal\/","name":"Portugal","description":"","potentialAction":[{"@type":"SearchAction","target":{"@type":"EntryPoint","urlTemplate":"https:\/\/hillsong.com\/portugal\/?s={search_term_string}"},"query-input":{"@type":"PropertyValueSpecification","valueRequired":true,"valueName":"search_term_string"}}],"inLanguage":"it-IT"}]}},"_links":{"self":[{"href":"https:\/\/hillsong.com\/portugal\/it\/wp-json\/wp\/v2\/pages\/632282","targetHints":{"allow":["GET"]}}],"collection":[{"href":"https:\/\/hillsong.com\/portugal\/it\/wp-json\/wp\/v2\/pages"}],"about":[{"href":"https:\/\/hillsong.com\/portugal\/it\/wp-json\/wp\/v2\/types\/page"}],"author":[{"embeddable":true,"href":"https:\/\/hillsong.com\/portugal\/it\/wp-json\/wp\/v2\/users\/14609"}],"replies":[{"embeddable":true,"href":"https:\/\/hillsong.com\/portugal\/it\/wp-json\/wp\/v2\/comments?post=632282"}],"version-history":[{"count":4,"href":"https:\/\/hillsong.com\/portugal\/it\/wp-json\/wp\/v2\/pages\/632282\/revisions"}],"predecessor-version":[{"id":632549,"href":"https:\/\/hillsong.com\/portugal\/it\/wp-json\/wp\/v2\/pages\/632282\/revisions\/632549"}],"up":[{"embeddable":true,"href":"https:\/\/hillsong.com\/portugal\/it\/wp-json\/wp\/v2\/pages\/345517"}],"wp:attachment":[{"href":"https:\/\/hillsong.com\/portugal\/it\/wp-json\/wp\/v2\/media?parent=632282"}],"curies":[{"name":"wp","href":"https:\/\/api.w.org\/{rel}","templated":true}]}}