{"id":10841,"date":"2015-04-17T00:00:00","date_gmt":"2015-04-17T00:00:00","guid":{"rendered":"http:\/\/hillsong.com\/?page_id=10841"},"modified":"2024-04-21T14:52:27","modified_gmt":"2024-04-21T14:52:27","slug":"citycare","status":"publish","type":"page","link":"https:\/\/hillsong.com\/spain\/ca\/citycare\/","title":{"rendered":"City Care"},"content":{"rendered":"<p class=\"qtranxs-available-languages-message qtranxs-available-languages-message-ca\">Ho sentim, aquesta entrada es troba disponible \u00fanicament en <a href=\"https:\/\/hillsong.com\/spain\/en\/wp-json\/wp\/v2\/pages\/10841\/\" class=\"qtranxs-available-language-link qtranxs-available-language-link-en\" title=\"English\">Angl\u00e8s Americ\u00e0<\/a>.<\/p><p><!-- STYLES --><\/p>\n<style>\n#center {\nposition: relative;\ntop:0;\nleft:0;\nright:0;\nbottom:0;\nmargin: auto;\nbackground: #FFFFFF;\nheight: 200px;\nwidth: 240px;\n}\n.darkgrey .button {\ncolor: white;\nborder-color: #2033EA;\n}\n.darkgrey .button:hover {\ncolor:black;\nborder-color: #2033EA;\nbackground-color: #2033EA;\n}<\/p>\n<\/style>\n<p><!-- SCRIPTS --><br \/>\n<!-- Hide this entire section --><br \/>\n<script>\n  const collection = document.getElementsByClassName(\"section-wrap white content\");\n  collection[collection.length - 1].style.display = \"none\";\n<\/script><\/p>","protected":false},"excerpt":{"rendered":"<p>Ho sentim, aquesta entrada es troba disponible \u00fanicament en Angl\u00e8s Americ\u00e0.<\/p>\n","protected":false},"author":1,"featured_media":0,"parent":0,"menu_order":0,"comment_status":"open","ping_status":"closed","template":"","meta":{"footnotes":""},"acf":[],"yoast_head":"<!-- This site is optimized with the Yoast SEO plugin v18.9 - https:\/\/yoast.com\/wordpress\/plugins\/seo\/ -->\n<title><\/title>\n<meta name=\"robots\" content=\"index, follow, max-snippet:-1, max-image-preview:large, max-video-preview:-1\" \/>\n<link rel=\"canonical\" href=\"https:\/\/hillsong.com\/spain\/es\/citycare\/\" \/>\n<meta property=\"og:locale\" content=\"ca_ES\" \/>\n<meta property=\"og:type\" content=\"article\" \/>\n<meta property=\"og:title\" content=\"[:en]City Care[:es]City Care[:] - Spain\" \/>\n<meta property=\"og:description\" content=\"Ho sentim, aquesta entrada es troba disponible \u00fanicament en Angl\u00e8s Americ\u00e0.\" \/>\n<meta property=\"og:url\" content=\"https:\/\/hillsong.com\/spain\/es\/citycare\/\" \/>\n<meta property=\"og:site_name\" content=\"Spain\" \/>\n<meta property=\"article:modified_time\" content=\"2024-04-21T14:52:27+00:00\" \/>\n<meta name=\"twitter:card\" content=\"summary_large_image\" \/>\n<script type=\"application\/ld+json\" class=\"yoast-schema-graph\">{\"@context\":\"https:\/\/schema.org\",\"@graph\":[{\"@type\":\"WebSite\",\"@id\":\"https:\/\/hillsong.com\/spain\/da\/#website\",\"url\":\"https:\/\/hillsong.com\/spain\/da\/\",\"name\":\"Spain\",\"description\":\"\",\"potentialAction\":[{\"@type\":\"SearchAction\",\"target\":{\"@type\":\"EntryPoint\",\"urlTemplate\":\"https:\/\/hillsong.com\/spain\/da\/?s={search_term_string}\"},\"query-input\":\"required name=search_term_string\"}],\"inLanguage\":\"ca\"},{\"@type\":\"WebPage\",\"@id\":\"https:\/\/hillsong.com\/spain\/es\/citycare\/#webpage\",\"url\":\"https:\/\/hillsong.com\/spain\/es\/citycare\/\",\"name\":\"[:en]City Care[:es]City Care[:] - Spain\",\"isPartOf\":{\"@id\":\"https:\/\/hillsong.com\/spain\/da\/#website\"},\"datePublished\":\"2015-04-17T00:00:00+00:00\",\"dateModified\":\"2024-04-21T14:52:27+00:00\",\"breadcrumb\":{\"@id\":\"https:\/\/hillsong.com\/spain\/es\/citycare\/#breadcrumb\"},\"inLanguage\":\"ca\",\"potentialAction\":[{\"@type\":\"ReadAction\",\"target\":[\"https:\/\/hillsong.com\/spain\/es\/citycare\/\"]}]},{\"@type\":\"BreadcrumbList\",\"@id\":\"https:\/\/hillsong.com\/spain\/es\/citycare\/#breadcrumb\",\"itemListElement\":[{\"@type\":\"ListItem\",\"position\":1,\"name\":\"Home\",\"item\":\"https:\/\/hillsong.com\/spain\/da\/\"},{\"@type\":\"ListItem\",\"position\":2,\"name\":\"City Care\"}]}]}<\/script>\n<!-- \/ Yoast SEO plugin. -->","yoast_head_json":{"title":"[:en]City Care[:es]City Care[:] - Spain","robots":{"index":"index","follow":"follow","max-snippet":"max-snippet:-1","max-image-preview":"max-image-preview:large","max-video-preview":"max-video-preview:-1"},"canonical":"https:\/\/hillsong.com\/spain\/es\/citycare\/","og_locale":"ca_ES","og_type":"article","og_title":"[:en]City Care[:es]City Care[:] - Spain","og_description":"Ho sentim, aquesta entrada es troba disponible \u00fanicament en Angl\u00e8s Americ\u00e0.","og_url":"https:\/\/hillsong.com\/spain\/es\/citycare\/","og_site_name":"Spain","article_modified_time":"2024-04-21T14:52:27+00:00","twitter_card":"summary_large_image","schema":{"@context":"https:\/\/schema.org","@graph":[{"@type":"WebSite","@id":"https:\/\/hillsong.com\/spain\/da\/#website","url":"https:\/\/hillsong.com\/spain\/da\/","name":"Spain","description":"","potentialAction":[{"@type":"SearchAction","target":{"@type":"EntryPoint","urlTemplate":"https:\/\/hillsong.com\/spain\/da\/?s={search_term_string}"},"query-input":"required name=search_term_string"}],"inLanguage":"ca"},{"@type":"WebPage","@id":"https:\/\/hillsong.com\/spain\/es\/citycare\/#webpage","url":"https:\/\/hillsong.com\/spain\/es\/citycare\/","name":"[:en]City Care[:es]City Care[:] - Spain","isPartOf":{"@id":"https:\/\/hillsong.com\/spain\/da\/#website"},"datePublished":"2015-04-17T00:00:00+00:00","dateModified":"2024-04-21T14:52:27+00:00","breadcrumb":{"@id":"https:\/\/hillsong.com\/spain\/es\/citycare\/#breadcrumb"},"inLanguage":"ca","potentialAction":[{"@type":"ReadAction","target":["https:\/\/hillsong.com\/spain\/es\/citycare\/"]}]},{"@type":"BreadcrumbList","@id":"https:\/\/hillsong.com\/spain\/es\/citycare\/#breadcrumb","itemListElement":[{"@type":"ListItem","position":1,"name":"Home","item":"https:\/\/hillsong.com\/spain\/da\/"},{"@type":"ListItem","position":2,"name":"City Care"}]}]}},"_links":{"self":[{"href":"https:\/\/hillsong.com\/spain\/ca\/wp-json\/wp\/v2\/pages\/10841"}],"collection":[{"href":"https:\/\/hillsong.com\/spain\/ca\/wp-json\/wp\/v2\/pages"}],"about":[{"href":"https:\/\/hillsong.com\/spain\/ca\/wp-json\/wp\/v2\/types\/page"}],"author":[{"embeddable":true,"href":"https:\/\/hillsong.com\/spain\/ca\/wp-json\/wp\/v2\/users\/1"}],"replies":[{"embeddable":true,"href":"https:\/\/hillsong.com\/spain\/ca\/wp-json\/wp\/v2\/comments?post=10841"}],"version-history":[{"count":4,"href":"https:\/\/hillsong.com\/spain\/ca\/wp-json\/wp\/v2\/pages\/10841\/revisions"}],"predecessor-version":[{"id":638510,"href":"https:\/\/hillsong.com\/spain\/ca\/wp-json\/wp\/v2\/pages\/10841\/revisions\/638510"}],"wp:attachment":[{"href":"https:\/\/hillsong.com\/spain\/ca\/wp-json\/wp\/v2\/media?parent=10841"}],"curies":[{"name":"wp","href":"https:\/\/api.w.org\/{rel}","templated":true}]}}