{"id":257925,"date":"2016-08-23T00:00:00","date_gmt":"2016-08-23T00:00:00","guid":{"rendered":"http:\/\/hillsong.com\/?page_id=257925"},"modified":"2025-06-27T15:03:29","modified_gmt":"2025-06-27T15:03:29","slug":"spain","status":"publish","type":"page","link":"https:\/\/hillsong.com\/spain\/es\/","title":{"rendered":"Spain | Hillsong Church"},"content":{"rendered":"<p class=\"qtranxs-available-languages-message qtranxs-available-languages-message-es\">Disculpa, pero esta entrada est\u00e1 disponible s\u00f3lo en <a href=\"https:\/\/hillsong.com\/spain\/en\/wp-json\/wp\/v2\/pages\/257925\/\" class=\"qtranxs-available-language-link qtranxs-available-language-link-en\" title=\"English\">Ingl\u00e9s Estadounidense<\/a>.<\/p><p><!-- STYLES --><\/p>\n<style>\n.imgbg .button {<br \/>    color: #ffffff;<br \/>    color: #ffffff!important;<br \/>    background-color: #000000!important;<br \/>    border-radius: 5px;<br \/>    width: 300px;<br \/>}<br \/><\/style>\n<p><!-- SCRIPTS --><br \/>\n<!-- Global site tag (gtag.js) - Google Analytics --><br \/>\n<script async src=\"https:\/\/www.googletagmanager.com\/gtag\/js?id=UA-160724172-1\"><\/script><br \/>\n<script>\n  window.dataLayer = window.dataLayer || [];\n  function gtag(){dataLayer.push(arguments);}\n  gtag('js', new Date());\n  gtag('config', 'UA-160724172-1');\n<\/script><br \/>\n<!-- Hide this entire section --><br \/>\n<script>\n  const collection = document.getElementsByClassName(\"section-wrap white content\");\n  collection[collection.length - 1].style.display = \"none\";\n<\/script><span data-mce-type=\"bookmark\" style=\"display: inline-block; width: 0px; overflow: hidden; line-height: 0;\" class=\"mce_SELRES_start\">\ufeff<\/span><\/p>","protected":false},"excerpt":{"rendered":"<p>Disculpa, pero esta entrada est\u00e1 disponible s\u00f3lo en Ingl\u00e9s Estadounidense. \ufeff<\/p>\n","protected":false},"author":14609,"featured_media":0,"parent":0,"menu_order":0,"comment_status":"closed","ping_status":"closed","template":"","meta":{"footnotes":""},"acf":[],"yoast_head":"<!-- This site is optimized with the Yoast SEO plugin v18.9 - https:\/\/yoast.com\/wordpress\/plugins\/seo\/ -->\n<title>Spain | Hillsong Church - Spain<\/title>\n<meta name=\"robots\" content=\"index, follow, max-snippet:-1, max-image-preview:large, max-video-preview:-1\" \/>\n<link rel=\"canonical\" href=\"https:\/\/hillsong.com\/spain\/da\/\" \/>\n<meta property=\"og:locale\" content=\"es_ES\" \/>\n<meta property=\"og:type\" content=\"article\" \/>\n<meta property=\"og:title\" content=\"[:en]Espa\u00f1a | Iglesia Hillsong[:de]Spain | Hillsong Church[:fr]Spain | Hillsong Church[:es]Spain | Hillsong Church[:ca]Spain | Hillsong Church[:pt]Spain | Hillsong Church[:pb]Spain | Hillsong Church[:ua]Spain | Hillsong Church[:ru]Spain | Hillsong Church[:sv]Spain | Hillsong Church[:id]Spain | Hillsong Church[:da]Spain | Hillsong Church[:no]Spain | Hillsong Church[:nl]Spain | Hillsong Church[:it]Spain | Hillsong Church[:ja]Spain | Hillsong Church[:] - Spain\" \/>\n<meta property=\"og:description\" content=\"Disculpa, pero esta entrada est\u00e1 disponible s\u00f3lo en Ingl\u00e9s Estadounidense. \ufeff\" \/>\n<meta property=\"og:url\" content=\"https:\/\/hillsong.com\/spain\/da\/\" \/>\n<meta property=\"og:site_name\" content=\"Spain\" \/>\n<meta property=\"article:modified_time\" content=\"2025-06-27T15:03:29+00:00\" \/>\n<meta name=\"twitter:card\" content=\"summary_large_image\" \/>\n<script type=\"application\/ld+json\" class=\"yoast-schema-graph\">{\"@context\":\"https:\/\/schema.org\",\"@graph\":[{\"@type\":\"WebSite\",\"@id\":\"https:\/\/hillsong.com\/spain\/da\/#website\",\"url\":\"https:\/\/hillsong.com\/spain\/da\/\",\"name\":\"Spain\",\"description\":\"\",\"potentialAction\":[{\"@type\":\"SearchAction\",\"target\":{\"@type\":\"EntryPoint\",\"urlTemplate\":\"https:\/\/hillsong.com\/spain\/da\/?s={search_term_string}\"},\"query-input\":\"required name=search_term_string\"}],\"inLanguage\":\"es-ES\"},{\"@type\":\"WebPage\",\"@id\":\"https:\/\/hillsong.com\/spain\/da\/#webpage\",\"url\":\"https:\/\/hillsong.com\/spain\/da\/\",\"name\":\"[:en]Espa\u00f1a | Iglesia Hillsong[:de]Spain | Hillsong Church[:fr]Spain | Hillsong Church[:es]Spain | Hillsong Church[:ca]Spain | Hillsong Church[:pt]Spain | Hillsong Church[:pb]Spain | Hillsong Church[:ua]Spain | Hillsong Church[:ru]Spain | Hillsong Church[:sv]Spain | Hillsong Church[:id]Spain | Hillsong Church[:da]Spain | Hillsong Church[:no]Spain | Hillsong Church[:nl]Spain | Hillsong Church[:it]Spain | Hillsong Church[:ja]Spain | Hillsong Church[:] - Spain\",\"isPartOf\":{\"@id\":\"https:\/\/hillsong.com\/spain\/da\/#website\"},\"datePublished\":\"2016-08-23T00:00:00+00:00\",\"dateModified\":\"2025-06-27T15:03:29+00:00\",\"breadcrumb\":{\"@id\":\"https:\/\/hillsong.com\/spain\/da\/#breadcrumb\"},\"inLanguage\":\"es-ES\",\"potentialAction\":[{\"@type\":\"ReadAction\",\"target\":[\"https:\/\/hillsong.com\/spain\/da\/\"]}]},{\"@type\":\"BreadcrumbList\",\"@id\":\"https:\/\/hillsong.com\/spain\/da\/#breadcrumb\",\"itemListElement\":[{\"@type\":\"ListItem\",\"position\":1,\"name\":\"Home\",\"item\":\"https:\/\/hillsong.com\/spain\/da\/\"},{\"@type\":\"ListItem\",\"position\":2,\"name\":\"Spain | Hillsong Church\"}]}]}<\/script>\n<!-- \/ Yoast SEO plugin. -->","yoast_head_json":{"title":"[:en]Espa\u00f1a | Iglesia Hillsong[:de]Spain | Hillsong Church[:fr]Spain | Hillsong Church[:es]Spain | Hillsong Church[:ca]Spain | Hillsong Church[:pt]Spain | Hillsong Church[:pb]Spain | Hillsong Church[:ua]Spain | Hillsong Church[:ru]Spain | Hillsong Church[:sv]Spain | Hillsong Church[:id]Spain | Hillsong Church[:da]Spain | Hillsong Church[:no]Spain | Hillsong Church[:nl]Spain | Hillsong Church[:it]Spain | Hillsong Church[:ja]Spain | Hillsong Church[:] - Spain","robots":{"index":"index","follow":"follow","max-snippet":"max-snippet:-1","max-image-preview":"max-image-preview:large","max-video-preview":"max-video-preview:-1"},"canonical":"https:\/\/hillsong.com\/spain\/da\/","og_locale":"es_ES","og_type":"article","og_title":"[:en]Espa\u00f1a | Iglesia Hillsong[:de]Spain | Hillsong Church[:fr]Spain | Hillsong Church[:es]Spain | Hillsong Church[:ca]Spain | Hillsong Church[:pt]Spain | Hillsong Church[:pb]Spain | Hillsong Church[:ua]Spain | Hillsong Church[:ru]Spain | Hillsong Church[:sv]Spain | Hillsong Church[:id]Spain | Hillsong Church[:da]Spain | Hillsong Church[:no]Spain | Hillsong Church[:nl]Spain | Hillsong Church[:it]Spain | Hillsong Church[:ja]Spain | Hillsong Church[:] - Spain","og_description":"Disculpa, pero esta entrada est\u00e1 disponible s\u00f3lo en Ingl\u00e9s Estadounidense. \ufeff","og_url":"https:\/\/hillsong.com\/spain\/da\/","og_site_name":"Spain","article_modified_time":"2025-06-27T15:03:29+00:00","twitter_card":"summary_large_image","schema":{"@context":"https:\/\/schema.org","@graph":[{"@type":"WebSite","@id":"https:\/\/hillsong.com\/spain\/da\/#website","url":"https:\/\/hillsong.com\/spain\/da\/","name":"Spain","description":"","potentialAction":[{"@type":"SearchAction","target":{"@type":"EntryPoint","urlTemplate":"https:\/\/hillsong.com\/spain\/da\/?s={search_term_string}"},"query-input":"required name=search_term_string"}],"inLanguage":"es-ES"},{"@type":"WebPage","@id":"https:\/\/hillsong.com\/spain\/da\/#webpage","url":"https:\/\/hillsong.com\/spain\/da\/","name":"[:en]Espa\u00f1a | Iglesia Hillsong[:de]Spain | Hillsong Church[:fr]Spain | Hillsong Church[:es]Spain | Hillsong Church[:ca]Spain | Hillsong Church[:pt]Spain | Hillsong Church[:pb]Spain | Hillsong Church[:ua]Spain | Hillsong Church[:ru]Spain | Hillsong Church[:sv]Spain | Hillsong Church[:id]Spain | Hillsong Church[:da]Spain | Hillsong Church[:no]Spain | Hillsong Church[:nl]Spain | Hillsong Church[:it]Spain | Hillsong Church[:ja]Spain | Hillsong Church[:] - Spain","isPartOf":{"@id":"https:\/\/hillsong.com\/spain\/da\/#website"},"datePublished":"2016-08-23T00:00:00+00:00","dateModified":"2025-06-27T15:03:29+00:00","breadcrumb":{"@id":"https:\/\/hillsong.com\/spain\/da\/#breadcrumb"},"inLanguage":"es-ES","potentialAction":[{"@type":"ReadAction","target":["https:\/\/hillsong.com\/spain\/da\/"]}]},{"@type":"BreadcrumbList","@id":"https:\/\/hillsong.com\/spain\/da\/#breadcrumb","itemListElement":[{"@type":"ListItem","position":1,"name":"Home","item":"https:\/\/hillsong.com\/spain\/da\/"},{"@type":"ListItem","position":2,"name":"Spain | Hillsong Church"}]}]}},"_links":{"self":[{"href":"https:\/\/hillsong.com\/spain\/es\/wp-json\/wp\/v2\/pages\/257925"}],"collection":[{"href":"https:\/\/hillsong.com\/spain\/es\/wp-json\/wp\/v2\/pages"}],"about":[{"href":"https:\/\/hillsong.com\/spain\/es\/wp-json\/wp\/v2\/types\/page"}],"author":[{"embeddable":true,"href":"https:\/\/hillsong.com\/spain\/es\/wp-json\/wp\/v2\/users\/14609"}],"replies":[{"embeddable":true,"href":"https:\/\/hillsong.com\/spain\/es\/wp-json\/wp\/v2\/comments?post=257925"}],"version-history":[{"count":6,"href":"https:\/\/hillsong.com\/spain\/es\/wp-json\/wp\/v2\/pages\/257925\/revisions"}],"predecessor-version":[{"id":640465,"href":"https:\/\/hillsong.com\/spain\/es\/wp-json\/wp\/v2\/pages\/257925\/revisions\/640465"}],"wp:attachment":[{"href":"https:\/\/hillsong.com\/spain\/es\/wp-json\/wp\/v2\/media?parent=257925"}],"curies":[{"name":"wp","href":"https:\/\/api.w.org\/{rel}","templated":true}]}}