{"id":637219,"date":"2023-07-18T12:37:36","date_gmt":"2023-07-18T12:37:36","guid":{"rendered":"https:\/\/hillsong.com\/spain\/?page_id=637219"},"modified":"2024-07-30T11:35:57","modified_gmt":"2024-07-30T11:35:57","slug":"enlinea-new","status":"publish","type":"page","link":"https:\/\/hillsong.com\/spain\/it\/enlinea-new\/","title":{"rendered":"Hillsong En L\u00ednea NEW"},"content":{"rendered":"<p class=\"qtranxs-available-languages-message qtranxs-available-languages-message-it\">Ci spiace, ma questo articolo \u00e8 disponibile soltanto in <a href=\"https:\/\/hillsong.com\/spain\/en\/wp-json\/wp\/v2\/pages\/637219\/\" class=\"qtranxs-available-language-link qtranxs-available-language-link-en\" title=\"English\">Inglese Americano<\/a>.<\/p><p><!-- STYLES --><\/p>\n<style>\n\/* GENERAL *\/\nbody, .darkgrey {\n  background-color: #303030;\n}\n.header-container, div.special-format-card {\n  background-attachment: inherit;\n  background-position: center;\n  max-width: 1200px;\n  max-height: 550px;\n  margin-left: auto;\n  margin-right: auto;\n  padding-left: 4em;\n}\n.header-container {\n  border-radius: 10px 10px 0 0;\n}\ndiv.special-format-card {\n  border-radius: 10px;\n}\n\/* HEADER *\/\n.header-container {\n  background-image: url(https:\/\/cdn.hillsong.com\/wp-content\/uploads\/sites\/32\/2022\/10\/11040238\/hco-mobile-header-watchlive.gif);\n  background-size: cover;\n  margin-top: 200px;\n}\n.header-content {\n  position: absolute !important;\n  top: 54% !important;\n}\n\/* CONTENT *\/\n.rowtitles, .rowtext {\n  margin-left: 0;\n  margin-right: 0;\n}\n.rowtitles > p, div.rowtext > p {\n  text-align: left !important;\n}\n\/* CARDS *\/\n.special-format-card .rowtitle {\n  font-size: 3em;\n  line-height: 1em;\n}\n.special-format-card .rowtext {\n  margin-bottom: 0;\n}\n.special-format-card-column-row {\n  background-attachment: inherit;\n  background-position: center;\n  max-width: 1200px;\n  margin-left: auto;\n  margin-right: auto;\n  border-radius: 10px;\n}\n\/* EMAIL CAPTURE *\/\ndiv.email-capture, .email-capture .fsBody, .email-capture .fsForm {\n  background-color: #57B976;\n  color: white;\n}\ndiv.email-capture > div > p {\n  text-align: left;\n}\n.email-capture .section-row {\n  padding: 0 5em;\n}\n.email-capture-title {\n  margin-top: 17em;\n}\n.email-capture-title p {\n  font-weight: 400;\n  font-size: 18px;\n}\n.fsBody {\n  padding-top: 0;\n  padding-bottom: 0;\n}\n.fsLabel, .fsSupporting, .fsOptionLabel, .fsRequiredMarker {\n  color: white !important;\n  text-align: left !important;\n}\n.fsRowBody input[type=text], .fsRowBody input[type=email], .fsForm select {\n  height: 30px !important;\n}\n.fsRowBody input[type=text].fsRequired, .fsRowBody input[type=email].fsRequired, .fsForm select {\n  background-color: #F5F5F5 !important;\n  border-radius: 10px !important;\n  border: 0 !important;\n}\n\/* BUTTONS *\/\n.button, .fsSubmitButton {\n  background-color: #3E4D94 !important;\n  border-color: #3E4D94 !important;\n  border-radius: 1px !important;\n  font-size: 16px !important;\n  line-height: 16px !important;\n  letter-spacing: .1em !important;\n}\n.button:hover .fsSubmitButton:hover {\n  opacity: 1 !important;\n}\n.button:hover {\n  background-color: #57B976 !important;\n  border-color: #57B976 !important;\n}\n.header-content .button {\n  margin-top: 0 !important;\n}\n.header-content .button, .margin-left-mobile .button, .special-format-card .button {\n  float: left;\n}\n.fsSubmitButton:hover {\n  background-color: #F5f5f5!important;\n  border-color: #F5f5f5!important;\n  color: #57B976 !important;\n}\n\/* OTHERS *\/\n.separate-section {\n  margin-bottom: 5%;\n}\n\/* MEDIA QUERIES *\/\n@media only screen and (max-width: 768px) {\n  \/* GENERAL *\/\n  .title h1 {\n    text-align: left !important;\n  }\n  .separate-section {\n    margin-bottom: 15%;\n  }\n  \/* HEADER *\/\n  .header-container {\n    margin-top: 75px;\n    max-height: 420px;\n    width: 90%;\n  }\n  .header-content {\n    top: 42% !important;\n    right: 34%;\n  }\n  \/* CARDS *\/\n  .special-format-card .rowtitle {\n    font-size: 2em;\n  }\n  div.special-format-card {\n    padding-left: 1.65em;\n  }\n  div.special-format-card, div.special-format-card-column-row {\n    width: 90%;\n  }\n  \/* EMAIL CAPTURE *\/\n  .email-capture .section-row {\n    padding-left: 1.75em;\n    padding-right: 1.75em;\n  }\n  .email-capture-title .college-text, .email-capture-content .college-text {\n    max-width: 100%;\n  }\n  div.email-capture > div > p {\n    text-align: center;\n  }\n  .email-capture-title {\n    margin-top: 10%;\n    margin-bottom: 0;\n  }\n  .email-capture-title p {\n    font-size: 16px;\n  }\n  .fsForm {\n    margin-top: 0;\n  }\n  .fsOptionLabel {\n    background-color: #57B976 !important;\n    border-color: #57B976 !important;\n  }\n  \/* OTHERS *\/\n  .margin-left-mobile {\n    margin-left: .8em;\n  }\n}\n<\/style>\n<p><!-- SCRIPTS --><br \/>\n<!-- Hide this entire section --><br \/>\n<script>\n  const collection = document.getElementsByClassName(\"section-wrap white content\");\n  collection[collection.length - 1].style.display = \"none\";\n<\/script><\/p>","protected":false},"excerpt":{"rendered":"<p>Ci spiace, ma questo articolo \u00e8 disponibile soltanto in Inglese Americano.<\/p>\n","protected":false},"author":53969,"featured_media":0,"parent":0,"menu_order":0,"comment_status":"closed","ping_status":"closed","template":"","meta":{"footnotes":""},"acf":[],"yoast_head":"<!-- This site is optimized with the Yoast SEO plugin v18.9 - https:\/\/yoast.com\/wordpress\/plugins\/seo\/ -->\n<title><\/title>\n<meta name=\"robots\" content=\"index, follow, max-snippet:-1, max-image-preview:large, max-video-preview:-1\" \/>\n<link rel=\"canonical\" href=\"https:\/\/hillsong.com\/spain\/id\/enlinea-new\/\" \/>\n<meta property=\"og:locale\" content=\"it_IT\" \/>\n<meta property=\"og:type\" content=\"article\" \/>\n<meta property=\"og:title\" content=\"[:en]Hillsong En L\u00ednea NEW[:es]Hillsong En L\u00ednea NEW[:] - Spain\" \/>\n<meta property=\"og:description\" content=\"Ci spiace, ma questo articolo \u00e8 disponibile soltanto in Inglese Americano.\" \/>\n<meta property=\"og:url\" content=\"https:\/\/hillsong.com\/spain\/id\/enlinea-new\/\" \/>\n<meta property=\"og:site_name\" content=\"Spain\" \/>\n<meta property=\"article:modified_time\" content=\"2024-07-30T11:35:57+00:00\" \/>\n<meta name=\"twitter:card\" content=\"summary_large_image\" \/>\n<script type=\"application\/ld+json\" class=\"yoast-schema-graph\">{\"@context\":\"https:\/\/schema.org\",\"@graph\":[{\"@type\":\"WebSite\",\"@id\":\"https:\/\/hillsong.com\/spain\/da\/#website\",\"url\":\"https:\/\/hillsong.com\/spain\/da\/\",\"name\":\"Spain\",\"description\":\"\",\"potentialAction\":[{\"@type\":\"SearchAction\",\"target\":{\"@type\":\"EntryPoint\",\"urlTemplate\":\"https:\/\/hillsong.com\/spain\/da\/?s={search_term_string}\"},\"query-input\":\"required name=search_term_string\"}],\"inLanguage\":\"it-IT\"},{\"@type\":\"WebPage\",\"@id\":\"https:\/\/hillsong.com\/spain\/id\/enlinea-new\/#webpage\",\"url\":\"https:\/\/hillsong.com\/spain\/id\/enlinea-new\/\",\"name\":\"[:en]Hillsong En L\u00ednea NEW[:es]Hillsong En L\u00ednea NEW[:] - Spain\",\"isPartOf\":{\"@id\":\"https:\/\/hillsong.com\/spain\/da\/#website\"},\"datePublished\":\"2023-07-18T12:37:36+00:00\",\"dateModified\":\"2024-07-30T11:35:57+00:00\",\"breadcrumb\":{\"@id\":\"https:\/\/hillsong.com\/spain\/id\/enlinea-new\/#breadcrumb\"},\"inLanguage\":\"it-IT\",\"potentialAction\":[{\"@type\":\"ReadAction\",\"target\":[\"https:\/\/hillsong.com\/spain\/id\/enlinea-new\/\"]}]},{\"@type\":\"BreadcrumbList\",\"@id\":\"https:\/\/hillsong.com\/spain\/id\/enlinea-new\/#breadcrumb\",\"itemListElement\":[{\"@type\":\"ListItem\",\"position\":1,\"name\":\"Home\",\"item\":\"https:\/\/hillsong.com\/spain\/da\/\"},{\"@type\":\"ListItem\",\"position\":2,\"name\":\"Hillsong En L\u00ednea NEW\"}]}]}<\/script>\n<!-- \/ Yoast SEO plugin. -->","yoast_head_json":{"title":"[:en]Hillsong En L\u00ednea NEW[:es]Hillsong En L\u00ednea NEW[:] - Spain","robots":{"index":"index","follow":"follow","max-snippet":"max-snippet:-1","max-image-preview":"max-image-preview:large","max-video-preview":"max-video-preview:-1"},"canonical":"https:\/\/hillsong.com\/spain\/id\/enlinea-new\/","og_locale":"it_IT","og_type":"article","og_title":"[:en]Hillsong En L\u00ednea NEW[:es]Hillsong En L\u00ednea NEW[:] - Spain","og_description":"Ci spiace, ma questo articolo \u00e8 disponibile soltanto in Inglese Americano.","og_url":"https:\/\/hillsong.com\/spain\/id\/enlinea-new\/","og_site_name":"Spain","article_modified_time":"2024-07-30T11:35:57+00:00","twitter_card":"summary_large_image","schema":{"@context":"https:\/\/schema.org","@graph":[{"@type":"WebSite","@id":"https:\/\/hillsong.com\/spain\/da\/#website","url":"https:\/\/hillsong.com\/spain\/da\/","name":"Spain","description":"","potentialAction":[{"@type":"SearchAction","target":{"@type":"EntryPoint","urlTemplate":"https:\/\/hillsong.com\/spain\/da\/?s={search_term_string}"},"query-input":"required name=search_term_string"}],"inLanguage":"it-IT"},{"@type":"WebPage","@id":"https:\/\/hillsong.com\/spain\/id\/enlinea-new\/#webpage","url":"https:\/\/hillsong.com\/spain\/id\/enlinea-new\/","name":"[:en]Hillsong En L\u00ednea NEW[:es]Hillsong En L\u00ednea NEW[:] - Spain","isPartOf":{"@id":"https:\/\/hillsong.com\/spain\/da\/#website"},"datePublished":"2023-07-18T12:37:36+00:00","dateModified":"2024-07-30T11:35:57+00:00","breadcrumb":{"@id":"https:\/\/hillsong.com\/spain\/id\/enlinea-new\/#breadcrumb"},"inLanguage":"it-IT","potentialAction":[{"@type":"ReadAction","target":["https:\/\/hillsong.com\/spain\/id\/enlinea-new\/"]}]},{"@type":"BreadcrumbList","@id":"https:\/\/hillsong.com\/spain\/id\/enlinea-new\/#breadcrumb","itemListElement":[{"@type":"ListItem","position":1,"name":"Home","item":"https:\/\/hillsong.com\/spain\/da\/"},{"@type":"ListItem","position":2,"name":"Hillsong En L\u00ednea NEW"}]}]}},"_links":{"self":[{"href":"https:\/\/hillsong.com\/spain\/it\/wp-json\/wp\/v2\/pages\/637219"}],"collection":[{"href":"https:\/\/hillsong.com\/spain\/it\/wp-json\/wp\/v2\/pages"}],"about":[{"href":"https:\/\/hillsong.com\/spain\/it\/wp-json\/wp\/v2\/types\/page"}],"author":[{"embeddable":true,"href":"https:\/\/hillsong.com\/spain\/it\/wp-json\/wp\/v2\/users\/53969"}],"replies":[{"embeddable":true,"href":"https:\/\/hillsong.com\/spain\/it\/wp-json\/wp\/v2\/comments?post=637219"}],"version-history":[{"count":3,"href":"https:\/\/hillsong.com\/spain\/it\/wp-json\/wp\/v2\/pages\/637219\/revisions"}],"predecessor-version":[{"id":638649,"href":"https:\/\/hillsong.com\/spain\/it\/wp-json\/wp\/v2\/pages\/637219\/revisions\/638649"}],"wp:attachment":[{"href":"https:\/\/hillsong.com\/spain\/it\/wp-json\/wp\/v2\/media?parent=637219"}],"curies":[{"name":"wp","href":"https:\/\/api.w.org\/{rel}","templated":true}]}}