{"id":441690,"date":"2017-11-30T00:00:00","date_gmt":"2017-11-30T00:00:00","guid":{"rendered":"https:\/\/hillsong.com\/?page_id=441690"},"modified":"2025-05-07T11:29:55","modified_gmt":"2025-05-07T11:29:55","slug":"reddeliderazgo","status":"publish","type":"page","link":"https:\/\/hillsong.com\/spain\/sv\/reddeliderazgo\/","title":{"rendered":"Red de Liderazgo"},"content":{"rendered":"<p class=\"qtranxs-available-languages-message qtranxs-available-languages-message-sv\">Tyv\u00e4rr \u00e4r denna artikel enbart tillg\u00e4nglig p\u00e5 <a href=\"https:\/\/hillsong.com\/spain\/en\/wp-json\/wp\/v2\/pages\/441690\/\" class=\"qtranxs-available-language-link qtranxs-available-language-link-en\" title=\"English\">Amerikansk Engelska<\/a>.<\/p><p><!-- STYLES --><\/p>\n<style>\n  .button {\n    background-color: #e9be3e !important;\n    font-size: 16px;\n  }\n  .img-b-and-w img {\n    filter: grayscale(100%);\n  }\n  .benefits, .college-image-header {\n    color: #e9be3e;\n  }\n  .long-button {\n    padding-left: 85px;\n    padding-right: 85px;\n  }\n<\/style>\n<p><!-- SCRIPTS --><br \/>\n<!-- Hide this entire section --><br \/>\n<script>\n  const collection = document.getElementsByClassName(\"section-wrap white content\");\n  collection[collection.length - 1].style.display = \"none\";\n<\/script><\/p>","protected":false},"excerpt":{"rendered":"<p>Tyv\u00e4rr \u00e4r denna artikel enbart tillg\u00e4nglig p\u00e5 Amerikansk Engelska.<\/p>\n","protected":false},"author":1,"featured_media":0,"parent":0,"menu_order":0,"comment_status":"open","ping_status":"closed","template":"","meta":{"footnotes":""},"acf":[],"yoast_head":"<!-- This site is optimized with the Yoast SEO plugin v18.9 - https:\/\/yoast.com\/wordpress\/plugins\/seo\/ -->\n<title><\/title>\n<meta name=\"robots\" content=\"index, follow, max-snippet:-1, max-image-preview:large, max-video-preview:-1\" \/>\n<link rel=\"canonical\" href=\"https:\/\/hillsong.com\/spain\/reddeliderazgo\/\" \/>\n<meta property=\"og:locale\" content=\"sv_SE\" \/>\n<meta property=\"og:type\" content=\"article\" \/>\n<meta property=\"og:title\" content=\"[:en]Red de Liderazgo[:es]Red de Liderazgo[:] - Spain\" \/>\n<meta property=\"og:description\" content=\"Tyv\u00e4rr \u00e4r denna artikel enbart tillg\u00e4nglig p\u00e5 Amerikansk Engelska.\" \/>\n<meta property=\"og:url\" content=\"https:\/\/hillsong.com\/spain\/reddeliderazgo\/\" \/>\n<meta property=\"og:site_name\" content=\"Spain\" \/>\n<meta property=\"article:modified_time\" content=\"2025-05-07T11:29:55+00:00\" \/>\n<meta name=\"twitter:card\" content=\"summary_large_image\" \/>\n<script type=\"application\/ld+json\" class=\"yoast-schema-graph\">{\"@context\":\"https:\/\/schema.org\",\"@graph\":[{\"@type\":\"WebSite\",\"@id\":\"https:\/\/hillsong.com\/spain\/da\/#website\",\"url\":\"https:\/\/hillsong.com\/spain\/da\/\",\"name\":\"Spain\",\"description\":\"\",\"potentialAction\":[{\"@type\":\"SearchAction\",\"target\":{\"@type\":\"EntryPoint\",\"urlTemplate\":\"https:\/\/hillsong.com\/spain\/da\/?s={search_term_string}\"},\"query-input\":\"required name=search_term_string\"}],\"inLanguage\":\"sv-SE\"},{\"@type\":\"WebPage\",\"@id\":\"https:\/\/hillsong.com\/spain\/reddeliderazgo\/#webpage\",\"url\":\"https:\/\/hillsong.com\/spain\/reddeliderazgo\/\",\"name\":\"[:en]Red de Liderazgo[:es]Red de Liderazgo[:] - Spain\",\"isPartOf\":{\"@id\":\"https:\/\/hillsong.com\/spain\/da\/#website\"},\"datePublished\":\"2017-11-30T00:00:00+00:00\",\"dateModified\":\"2025-05-07T11:29:55+00:00\",\"breadcrumb\":{\"@id\":\"https:\/\/hillsong.com\/spain\/reddeliderazgo\/#breadcrumb\"},\"inLanguage\":\"sv-SE\",\"potentialAction\":[{\"@type\":\"ReadAction\",\"target\":[\"https:\/\/hillsong.com\/spain\/reddeliderazgo\/\"]}]},{\"@type\":\"BreadcrumbList\",\"@id\":\"https:\/\/hillsong.com\/spain\/reddeliderazgo\/#breadcrumb\",\"itemListElement\":[{\"@type\":\"ListItem\",\"position\":1,\"name\":\"Home\",\"item\":\"https:\/\/hillsong.com\/spain\/da\/\"},{\"@type\":\"ListItem\",\"position\":2,\"name\":\"Red de Liderazgo\"}]}]}<\/script>\n<!-- \/ Yoast SEO plugin. -->","yoast_head_json":{"title":"[:en]Red de Liderazgo[:es]Red de Liderazgo[:] - Spain","robots":{"index":"index","follow":"follow","max-snippet":"max-snippet:-1","max-image-preview":"max-image-preview:large","max-video-preview":"max-video-preview:-1"},"canonical":"https:\/\/hillsong.com\/spain\/reddeliderazgo\/","og_locale":"sv_SE","og_type":"article","og_title":"[:en]Red de Liderazgo[:es]Red de Liderazgo[:] - Spain","og_description":"Tyv\u00e4rr \u00e4r denna artikel enbart tillg\u00e4nglig p\u00e5 Amerikansk Engelska.","og_url":"https:\/\/hillsong.com\/spain\/reddeliderazgo\/","og_site_name":"Spain","article_modified_time":"2025-05-07T11:29:55+00:00","twitter_card":"summary_large_image","schema":{"@context":"https:\/\/schema.org","@graph":[{"@type":"WebSite","@id":"https:\/\/hillsong.com\/spain\/da\/#website","url":"https:\/\/hillsong.com\/spain\/da\/","name":"Spain","description":"","potentialAction":[{"@type":"SearchAction","target":{"@type":"EntryPoint","urlTemplate":"https:\/\/hillsong.com\/spain\/da\/?s={search_term_string}"},"query-input":"required name=search_term_string"}],"inLanguage":"sv-SE"},{"@type":"WebPage","@id":"https:\/\/hillsong.com\/spain\/reddeliderazgo\/#webpage","url":"https:\/\/hillsong.com\/spain\/reddeliderazgo\/","name":"[:en]Red de Liderazgo[:es]Red de Liderazgo[:] - Spain","isPartOf":{"@id":"https:\/\/hillsong.com\/spain\/da\/#website"},"datePublished":"2017-11-30T00:00:00+00:00","dateModified":"2025-05-07T11:29:55+00:00","breadcrumb":{"@id":"https:\/\/hillsong.com\/spain\/reddeliderazgo\/#breadcrumb"},"inLanguage":"sv-SE","potentialAction":[{"@type":"ReadAction","target":["https:\/\/hillsong.com\/spain\/reddeliderazgo\/"]}]},{"@type":"BreadcrumbList","@id":"https:\/\/hillsong.com\/spain\/reddeliderazgo\/#breadcrumb","itemListElement":[{"@type":"ListItem","position":1,"name":"Home","item":"https:\/\/hillsong.com\/spain\/da\/"},{"@type":"ListItem","position":2,"name":"Red de Liderazgo"}]}]}},"_links":{"self":[{"href":"https:\/\/hillsong.com\/spain\/sv\/wp-json\/wp\/v2\/pages\/441690"}],"collection":[{"href":"https:\/\/hillsong.com\/spain\/sv\/wp-json\/wp\/v2\/pages"}],"about":[{"href":"https:\/\/hillsong.com\/spain\/sv\/wp-json\/wp\/v2\/types\/page"}],"author":[{"embeddable":true,"href":"https:\/\/hillsong.com\/spain\/sv\/wp-json\/wp\/v2\/users\/1"}],"replies":[{"embeddable":true,"href":"https:\/\/hillsong.com\/spain\/sv\/wp-json\/wp\/v2\/comments?post=441690"}],"version-history":[{"count":5,"href":"https:\/\/hillsong.com\/spain\/sv\/wp-json\/wp\/v2\/pages\/441690\/revisions"}],"predecessor-version":[{"id":640235,"href":"https:\/\/hillsong.com\/spain\/sv\/wp-json\/wp\/v2\/pages\/441690\/revisions\/640235"}],"wp:attachment":[{"href":"https:\/\/hillsong.com\/spain\/sv\/wp-json\/wp\/v2\/media?parent=441690"}],"curies":[{"name":"wp","href":"https:\/\/api.w.org\/{rel}","templated":true}]}}