{"id":633800,"date":"2021-09-17T10:02:16","date_gmt":"2021-09-17T10:02:16","guid":{"rendered":"https:\/\/hillsong.com\/spain\/?page_id=633800"},"modified":"2022-01-28T15:57:27","modified_gmt":"2022-01-28T15:57:27","slug":"estandar","status":"publish","type":"page","link":"https:\/\/hillsong.com\/spain\/sv\/estandar\/","title":{"rendered":"Est\u00e1ndar de Liderazgo y Cultura"},"content":{"rendered":"<p class=\"qtranxs-available-languages-message qtranxs-available-languages-message-sv\">Tyv\u00e4rr \u00e4r denna artikel enbart tillg\u00e4nglig p\u00e5 <a href=\"https:\/\/hillsong.com\/spain\/en\/wp-json\/wp\/v2\/pages\/633800\/\" class=\"qtranxs-available-language-link qtranxs-available-language-link-en\" title=\"English\">Amerikansk Engelska<\/a> och <a href=\"https:\/\/hillsong.com\/spain\/es\/wp-json\/wp\/v2\/pages\/633800\/\" class=\"qtranxs-available-language-link qtranxs-available-language-link-es\" title=\"Espa\u00f1ol\">Europeisk Spanska<\/a>.<\/p><p><script>\nwindow.location.href = \"https:\/\/cdn.hillsong.com\/wp-content\/uploads\/sites\/37\/2022\/01\/28155513\/estandar.pdf\";\n<\/script><\/p>","protected":false},"excerpt":{"rendered":"<p>Tyv\u00e4rr \u00e4r denna artikel enbart tillg\u00e4nglig p\u00e5 Amerikansk Engelska och Europeisk Spanska.<\/p>\n","protected":false},"author":1553,"featured_media":0,"parent":0,"menu_order":0,"comment_status":"closed","ping_status":"closed","template":"","meta":{"footnotes":""},"acf":[],"yoast_head":"<!-- This site is optimized with the Yoast SEO plugin v18.9 - https:\/\/yoast.com\/wordpress\/plugins\/seo\/ -->\n<title><\/title>\n<meta name=\"robots\" content=\"index, follow, max-snippet:-1, max-image-preview:large, max-video-preview:-1\" \/>\n<link rel=\"canonical\" href=\"https:\/\/hillsong.com\/spain\/estandar\/\" \/>\n<meta property=\"og:locale\" content=\"sv_SE\" \/>\n<meta property=\"og:type\" content=\"article\" \/>\n<meta property=\"og:title\" content=\"[:es]Est\u00e1ndar de Liderazgo y Cultura[:] - Spain\" \/>\n<meta property=\"og:description\" content=\"Tyv\u00e4rr \u00e4r denna artikel enbart tillg\u00e4nglig p\u00e5 Amerikansk Engelska och Europeisk Spanska.\" \/>\n<meta property=\"og:url\" content=\"https:\/\/hillsong.com\/spain\/estandar\/\" \/>\n<meta property=\"og:site_name\" content=\"Spain\" \/>\n<meta property=\"article:modified_time\" content=\"2022-01-28T15:57:27+00:00\" \/>\n<meta name=\"twitter:card\" content=\"summary_large_image\" \/>\n<script type=\"application\/ld+json\" class=\"yoast-schema-graph\">{\"@context\":\"https:\/\/schema.org\",\"@graph\":[{\"@type\":\"WebSite\",\"@id\":\"https:\/\/hillsong.com\/spain\/da\/#website\",\"url\":\"https:\/\/hillsong.com\/spain\/da\/\",\"name\":\"Spain\",\"description\":\"\",\"potentialAction\":[{\"@type\":\"SearchAction\",\"target\":{\"@type\":\"EntryPoint\",\"urlTemplate\":\"https:\/\/hillsong.com\/spain\/da\/?s={search_term_string}\"},\"query-input\":\"required name=search_term_string\"}],\"inLanguage\":\"sv-SE\"},{\"@type\":\"WebPage\",\"@id\":\"https:\/\/hillsong.com\/spain\/estandar\/#webpage\",\"url\":\"https:\/\/hillsong.com\/spain\/estandar\/\",\"name\":\"[:es]Est\u00e1ndar de Liderazgo y Cultura[:] - Spain\",\"isPartOf\":{\"@id\":\"https:\/\/hillsong.com\/spain\/da\/#website\"},\"datePublished\":\"2021-09-17T10:02:16+00:00\",\"dateModified\":\"2022-01-28T15:57:27+00:00\",\"breadcrumb\":{\"@id\":\"https:\/\/hillsong.com\/spain\/estandar\/#breadcrumb\"},\"inLanguage\":\"sv-SE\",\"potentialAction\":[{\"@type\":\"ReadAction\",\"target\":[\"https:\/\/hillsong.com\/spain\/estandar\/\"]}]},{\"@type\":\"BreadcrumbList\",\"@id\":\"https:\/\/hillsong.com\/spain\/estandar\/#breadcrumb\",\"itemListElement\":[{\"@type\":\"ListItem\",\"position\":1,\"name\":\"Home\",\"item\":\"https:\/\/hillsong.com\/spain\/\"},{\"@type\":\"ListItem\",\"position\":2,\"name\":\"Est\u00e1ndar de Liderazgo y Cultura\"}]}]}<\/script>\n<!-- \/ Yoast SEO plugin. -->","yoast_head_json":{"title":"[:es]Est\u00e1ndar de Liderazgo y Cultura[:] - Spain","robots":{"index":"index","follow":"follow","max-snippet":"max-snippet:-1","max-image-preview":"max-image-preview:large","max-video-preview":"max-video-preview:-1"},"canonical":"https:\/\/hillsong.com\/spain\/estandar\/","og_locale":"sv_SE","og_type":"article","og_title":"[:es]Est\u00e1ndar de Liderazgo y Cultura[:] - Spain","og_description":"Tyv\u00e4rr \u00e4r denna artikel enbart tillg\u00e4nglig p\u00e5 Amerikansk Engelska och Europeisk Spanska.","og_url":"https:\/\/hillsong.com\/spain\/estandar\/","og_site_name":"Spain","article_modified_time":"2022-01-28T15:57:27+00:00","twitter_card":"summary_large_image","schema":{"@context":"https:\/\/schema.org","@graph":[{"@type":"WebSite","@id":"https:\/\/hillsong.com\/spain\/da\/#website","url":"https:\/\/hillsong.com\/spain\/da\/","name":"Spain","description":"","potentialAction":[{"@type":"SearchAction","target":{"@type":"EntryPoint","urlTemplate":"https:\/\/hillsong.com\/spain\/da\/?s={search_term_string}"},"query-input":"required name=search_term_string"}],"inLanguage":"sv-SE"},{"@type":"WebPage","@id":"https:\/\/hillsong.com\/spain\/estandar\/#webpage","url":"https:\/\/hillsong.com\/spain\/estandar\/","name":"[:es]Est\u00e1ndar de Liderazgo y Cultura[:] - Spain","isPartOf":{"@id":"https:\/\/hillsong.com\/spain\/da\/#website"},"datePublished":"2021-09-17T10:02:16+00:00","dateModified":"2022-01-28T15:57:27+00:00","breadcrumb":{"@id":"https:\/\/hillsong.com\/spain\/estandar\/#breadcrumb"},"inLanguage":"sv-SE","potentialAction":[{"@type":"ReadAction","target":["https:\/\/hillsong.com\/spain\/estandar\/"]}]},{"@type":"BreadcrumbList","@id":"https:\/\/hillsong.com\/spain\/estandar\/#breadcrumb","itemListElement":[{"@type":"ListItem","position":1,"name":"Home","item":"https:\/\/hillsong.com\/spain\/"},{"@type":"ListItem","position":2,"name":"Est\u00e1ndar de Liderazgo y Cultura"}]}]}},"_links":{"self":[{"href":"https:\/\/hillsong.com\/spain\/sv\/wp-json\/wp\/v2\/pages\/633800"}],"collection":[{"href":"https:\/\/hillsong.com\/spain\/sv\/wp-json\/wp\/v2\/pages"}],"about":[{"href":"https:\/\/hillsong.com\/spain\/sv\/wp-json\/wp\/v2\/types\/page"}],"author":[{"embeddable":true,"href":"https:\/\/hillsong.com\/spain\/sv\/wp-json\/wp\/v2\/users\/1553"}],"replies":[{"embeddable":true,"href":"https:\/\/hillsong.com\/spain\/sv\/wp-json\/wp\/v2\/comments?post=633800"}],"version-history":[{"count":3,"href":"https:\/\/hillsong.com\/spain\/sv\/wp-json\/wp\/v2\/pages\/633800\/revisions"}],"predecessor-version":[{"id":634778,"href":"https:\/\/hillsong.com\/spain\/sv\/wp-json\/wp\/v2\/pages\/633800\/revisions\/634778"}],"wp:attachment":[{"href":"https:\/\/hillsong.com\/spain\/sv\/wp-json\/wp\/v2\/media?parent=633800"}],"curies":[{"name":"wp","href":"https:\/\/api.w.org\/{rel}","templated":true}]}}