{"id":631277,"date":"2023-07-05T17:22:20","date_gmt":"2023-07-05T17:22:20","guid":{"rendered":"https:\/\/hillsong.com\/uruguay\/?page_id=631277"},"modified":"2024-11-09T12:55:41","modified_gmt":"2024-11-09T12:55:41","slug":"sisterhood","status":"publish","type":"page","link":"https:\/\/hillsong.com\/uruguay\/pt\/montevideo\/sisterhood\/","title":{"rendered":"Sisterhood"},"content":{"rendered":"<p class=\"qtranxs-available-languages-message qtranxs-available-languages-message-pt\">Desculpe, este conte\u00fado s\u00f3 est\u00e1 dispon\u00edvel em <a href=\"https:\/\/hillsong.com\/uruguay\/en\/wp-json\/wp\/v2\/pages\/631277\/\" class=\"qtranxs-available-language-link qtranxs-available-language-link-en\" title=\"English\">Ingl\u00eas (Eua)<\/a>.<\/p><p><\/p>\n<style>\n    @font-face {\n        font-family: Diskus-Bold;\n        src: url('\/\/d9nqqwcssctr8.cloudfront.net\/fonts\/diskus\/Diskus-Bold.eot');\n        src: url('\/\/d9nqqwcssctr8.cloudfront.net\/fonts\/diskus\/Diskus-Bold.eot') format('embedded-opentype'),\n        url('\/\/d9nqqwcssctr8.cloudfront.net\/fonts\/diskus\/Diskus-Bold.woff') format('woff'),\n        url('\/\/d9nqqwcssctr8.cloudfront.net\/fonts\/diskus\/Diskus-Bold.woff2') format('woff2');\n        font-weight: normal;\n        font-style: normal;\n    }\n.wrapper {\n font-family: 'helveticaneue'!important;\n}\nspan.sisterhood-title {\n    font-style: normal;\n    font-weight: bold;\n    font-size: 120px!important;\n    line-height: 100px!important;\n    color: #e4312e;\n}\n@keyframes one {\n  0% {\n    transform: rotateZ(0);\n  }\n  100% {\n    transform: rotateZ(26deg);\n  }\n}\n.cherries {\n    max-width: 250px!important;\n}\n.one {\n  transform: rotateX(40deg);\n  animation: one 0.8s infinite;\n  animation-direction: alternate-reverse;\n}\n#sisterhood-night,#follow-love {\n background: #ffcde0;\n}\n#follow-us {\n  background-color: #8383c3;\n}\n#follow-us .title, #follow-us .rowtext, #follow-us .rowbutton a {\n    color: #ffcde0!important;\n}\n#follow-us .rowbutton a, #hillsong-sisterhood .rowbutton a{\n  border-color: #e4312e;\n  background-color: #e4312e;\n  font-family: 'helveticaneue';\n  font-weight: bold;\n  font-size: 16px;\n   width: 250px;\n}\n#hillsong-sisterhood .title-1  {\n  color: #ef4745;\n}\n#hillsong-sisterhood{\n  background-color: #f9e341;\n}\n#hillsong-sisterhood .rowtext {\n  color: #000;\n}\n.title {\n    font-weight: bold;\n    font-style: normal;\n    font-size: 68px;\n    line-height: 68px;\n    color: #fff;\n}\n.sub-title {\n    color: #fff;\n}\n.rowtitles {\n  text-align: center;\n}\n.section-wrap.white.content {\n    display: none;\n}\n.declaration {\n    font-family: Diskus-Bold;\n}\n<\/style>\n<p><\/p>","protected":false},"excerpt":{"rendered":"<p>Desculpe, este conte\u00fado s\u00f3 est\u00e1 dispon\u00edvel em Ingl\u00eas (Eua).<\/p>\n","protected":false},"author":49345,"featured_media":0,"parent":521256,"menu_order":0,"comment_status":"closed","ping_status":"closed","template":"","meta":{"footnotes":""},"acf":[],"yoast_head":"<!-- This site is optimized with the Yoast SEO plugin v18.9 - https:\/\/yoast.com\/wordpress\/plugins\/seo\/ -->\n<title>Sisterhood - Uruguay<\/title>\n<meta name=\"robots\" content=\"index, follow, max-snippet:-1, max-image-preview:large, max-video-preview:-1\" \/>\n<link rel=\"canonical\" href=\"https:\/\/hillsong.com\/uruguay\/montevideo\/sisterhood\/\" \/>\n<meta property=\"og:locale\" content=\"pt_PT\" \/>\n<meta property=\"og:type\" content=\"article\" \/>\n<meta property=\"og:title\" content=\"Sisterhood - Uruguay\" \/>\n<meta property=\"og:description\" content=\"Desculpe, este conte\u00fado s\u00f3 est\u00e1 dispon\u00edvel em Ingl\u00eas (Eua).\" \/>\n<meta property=\"og:url\" content=\"https:\/\/hillsong.com\/uruguay\/montevideo\/sisterhood\/\" \/>\n<meta property=\"og:site_name\" content=\"Uruguay\" \/>\n<meta property=\"article:modified_time\" content=\"2024-11-09T12:55:41+00:00\" \/>\n<meta name=\"twitter:card\" content=\"summary_large_image\" \/>\n<script type=\"application\/ld+json\" class=\"yoast-schema-graph\">{\"@context\":\"https:\/\/schema.org\",\"@graph\":[{\"@type\":\"WebSite\",\"@id\":\"https:\/\/hillsong.com\/uruguay\/nl\/#website\",\"url\":\"https:\/\/hillsong.com\/uruguay\/nl\/\",\"name\":\"Uruguay\",\"description\":\"\",\"potentialAction\":[{\"@type\":\"SearchAction\",\"target\":{\"@type\":\"EntryPoint\",\"urlTemplate\":\"https:\/\/hillsong.com\/uruguay\/nl\/?s={search_term_string}\"},\"query-input\":\"required name=search_term_string\"}],\"inLanguage\":\"pt-PT\"},{\"@type\":\"WebPage\",\"@id\":\"https:\/\/hillsong.com\/uruguay\/montevideo\/sisterhood\/#webpage\",\"url\":\"https:\/\/hillsong.com\/uruguay\/montevideo\/sisterhood\/\",\"name\":\"Sisterhood - Uruguay\",\"isPartOf\":{\"@id\":\"https:\/\/hillsong.com\/uruguay\/nl\/#website\"},\"datePublished\":\"2023-07-05T17:22:20+00:00\",\"dateModified\":\"2024-11-09T12:55:41+00:00\",\"breadcrumb\":{\"@id\":\"https:\/\/hillsong.com\/uruguay\/montevideo\/sisterhood\/#breadcrumb\"},\"inLanguage\":\"pt-PT\",\"potentialAction\":[{\"@type\":\"ReadAction\",\"target\":[\"https:\/\/hillsong.com\/uruguay\/montevideo\/sisterhood\/\"]}]},{\"@type\":\"BreadcrumbList\",\"@id\":\"https:\/\/hillsong.com\/uruguay\/montevideo\/sisterhood\/#breadcrumb\",\"itemListElement\":[{\"@type\":\"ListItem\",\"position\":1,\"name\":\"Home\",\"item\":\"https:\/\/hillsong.com\/uruguay\/nl\/\"},{\"@type\":\"ListItem\",\"position\":2,\"name\":\"Hillsong Montevideo\",\"item\":\"https:\/\/hillsong.com\/uruguay\/montevideo\/\"},{\"@type\":\"ListItem\",\"position\":3,\"name\":\"Sisterhood\"}]}]}<\/script>\n<!-- \/ Yoast SEO plugin. -->","yoast_head_json":{"title":"Sisterhood - Uruguay","robots":{"index":"index","follow":"follow","max-snippet":"max-snippet:-1","max-image-preview":"max-image-preview:large","max-video-preview":"max-video-preview:-1"},"canonical":"https:\/\/hillsong.com\/uruguay\/montevideo\/sisterhood\/","og_locale":"pt_PT","og_type":"article","og_title":"Sisterhood - Uruguay","og_description":"Desculpe, este conte\u00fado s\u00f3 est\u00e1 dispon\u00edvel em Ingl\u00eas (Eua).","og_url":"https:\/\/hillsong.com\/uruguay\/montevideo\/sisterhood\/","og_site_name":"Uruguay","article_modified_time":"2024-11-09T12:55:41+00:00","twitter_card":"summary_large_image","schema":{"@context":"https:\/\/schema.org","@graph":[{"@type":"WebSite","@id":"https:\/\/hillsong.com\/uruguay\/nl\/#website","url":"https:\/\/hillsong.com\/uruguay\/nl\/","name":"Uruguay","description":"","potentialAction":[{"@type":"SearchAction","target":{"@type":"EntryPoint","urlTemplate":"https:\/\/hillsong.com\/uruguay\/nl\/?s={search_term_string}"},"query-input":"required name=search_term_string"}],"inLanguage":"pt-PT"},{"@type":"WebPage","@id":"https:\/\/hillsong.com\/uruguay\/montevideo\/sisterhood\/#webpage","url":"https:\/\/hillsong.com\/uruguay\/montevideo\/sisterhood\/","name":"Sisterhood - Uruguay","isPartOf":{"@id":"https:\/\/hillsong.com\/uruguay\/nl\/#website"},"datePublished":"2023-07-05T17:22:20+00:00","dateModified":"2024-11-09T12:55:41+00:00","breadcrumb":{"@id":"https:\/\/hillsong.com\/uruguay\/montevideo\/sisterhood\/#breadcrumb"},"inLanguage":"pt-PT","potentialAction":[{"@type":"ReadAction","target":["https:\/\/hillsong.com\/uruguay\/montevideo\/sisterhood\/"]}]},{"@type":"BreadcrumbList","@id":"https:\/\/hillsong.com\/uruguay\/montevideo\/sisterhood\/#breadcrumb","itemListElement":[{"@type":"ListItem","position":1,"name":"Home","item":"https:\/\/hillsong.com\/uruguay\/nl\/"},{"@type":"ListItem","position":2,"name":"Hillsong Montevideo","item":"https:\/\/hillsong.com\/uruguay\/montevideo\/"},{"@type":"ListItem","position":3,"name":"Sisterhood"}]}]}},"_links":{"self":[{"href":"https:\/\/hillsong.com\/uruguay\/pt\/wp-json\/wp\/v2\/pages\/631277"}],"collection":[{"href":"https:\/\/hillsong.com\/uruguay\/pt\/wp-json\/wp\/v2\/pages"}],"about":[{"href":"https:\/\/hillsong.com\/uruguay\/pt\/wp-json\/wp\/v2\/types\/page"}],"author":[{"embeddable":true,"href":"https:\/\/hillsong.com\/uruguay\/pt\/wp-json\/wp\/v2\/users\/49345"}],"replies":[{"embeddable":true,"href":"https:\/\/hillsong.com\/uruguay\/pt\/wp-json\/wp\/v2\/comments?post=631277"}],"version-history":[{"count":3,"href":"https:\/\/hillsong.com\/uruguay\/pt\/wp-json\/wp\/v2\/pages\/631277\/revisions"}],"predecessor-version":[{"id":631734,"href":"https:\/\/hillsong.com\/uruguay\/pt\/wp-json\/wp\/v2\/pages\/631277\/revisions\/631734"}],"up":[{"embeddable":true,"href":"https:\/\/hillsong.com\/uruguay\/pt\/wp-json\/wp\/v2\/pages\/521256"}],"wp:attachment":[{"href":"https:\/\/hillsong.com\/uruguay\/pt\/wp-json\/wp\/v2\/media?parent=631277"}],"curies":[{"name":"wp","href":"https:\/\/api.w.org\/{rel}","templated":true}]}}