{"id":496461,"date":"2018-09-29T00:00:00","date_gmt":"2018-09-29T00:00:00","guid":{"rendered":"https:\/\/hillsong.com\/?page_id=496461"},"modified":"2020-08-30T11:04:57","modified_gmt":"2020-08-30T11:04:57","slug":"eastcoast","status":"publish","type":"page","link":"https:\/\/hillsong.com\/usa\/es\/eastcoast\/","title":{"rendered":"Hillsong Church East Coast &#8211; Locations and Service Times"},"content":{"rendered":"<p class=\"qtranxs-available-languages-message qtranxs-available-languages-message-es\">Disculpa, pero esta entrada est\u00e1 disponible s\u00f3lo en <a href=\"https:\/\/hillsong.com\/usa\/en\/wp-json\/wp\/v2\/pages\/496461\/\" class=\"qtranxs-available-language-link qtranxs-available-language-link-en\" title=\"English\">Ingl\u00e9s Estadounidense<\/a>.<\/p><p><script type=\"text\/javascript\">\n $crisp = [];\n CRISP_COOKIE_EXPIRE = 3600; \/\/ Expire time in seconds, here: 1 hour = 1800 seconds\n CRISP_WEBSITE_ID = '5f710888-551e-4b7e-8f06-ac33f7153731';\n (function(){d=document;s=d.createElement('script');s.src='\/\/client.crisp.chat\/l.js';s.async=1;d.getElementsByTagName('head')[0].appendChild(s);})();\n<\/script><\/p>","protected":false},"excerpt":{"rendered":"<p>Disculpa, pero esta entrada est\u00e1 disponible s\u00f3lo en Ingl\u00e9s Estadounidense.<\/p>\n","protected":false},"author":14609,"featured_media":0,"parent":0,"menu_order":0,"comment_status":"open","ping_status":"closed","template":"page-campus.php","meta":{"footnotes":""},"acf":[],"yoast_head":"<!-- This site is optimized with the Yoast SEO plugin v18.9 - https:\/\/yoast.com\/wordpress\/plugins\/seo\/ -->\n<title>Hillsong Church East Coast - Locations and Service Times - USA<\/title>\n<meta name=\"robots\" content=\"index, follow, max-snippet:-1, max-image-preview:large, max-video-preview:-1\" \/>\n<link rel=\"canonical\" href=\"https:\/\/hillsong.com\/usa\/eastcoast\/\" \/>\n<meta property=\"og:locale\" content=\"es_ES\" \/>\n<meta property=\"og:type\" content=\"article\" \/>\n<meta property=\"og:title\" content=\"[:en]Hillsong Church East Coast - MASTER[:de]Hillsong Church East Coast - Locations and Service Times[:fr]Hillsong Church East Coast - Locations and Service Times[:es]Hillsong Church East Coast - Locations and Service Times[:pt]Hillsong Church East Coast - Locations and Service Times[:pb]Hillsong Church East Coast - Locations and Service Times[:ru]Hillsong Church East Coast - Locations and Service Times[:sv]Hillsong Church East Coast - Locations and Service Times[:id]Hillsong Church East Coast - Locations and Service Times[:da]Hillsong Church East Coast - Locations and Service Times[:no]Hillsong Church East Coast - Locations and Service Times[:nl]Hillsong Church East Coast - Locations and Service Times[:it]Hillsong Church East Coast - Locations and Service Times[:] - USA\" \/>\n<meta property=\"og:description\" content=\"Disculpa, pero esta entrada est\u00e1 disponible s\u00f3lo en Ingl\u00e9s Estadounidense.\" \/>\n<meta property=\"og:url\" content=\"https:\/\/hillsong.com\/usa\/eastcoast\/\" \/>\n<meta property=\"og:site_name\" content=\"USA\" \/>\n<meta property=\"article:modified_time\" content=\"2020-08-30T11:04:57+00:00\" \/>\n<meta name=\"twitter:card\" content=\"summary_large_image\" \/>\n<script type=\"application\/ld+json\" class=\"yoast-schema-graph\">{\"@context\":\"https:\/\/schema.org\",\"@graph\":[{\"@type\":\"WebSite\",\"@id\":\"https:\/\/hillsong.com\/usa\/#website\",\"url\":\"https:\/\/hillsong.com\/usa\/\",\"name\":\"USA\",\"description\":\"\",\"potentialAction\":[{\"@type\":\"SearchAction\",\"target\":{\"@type\":\"EntryPoint\",\"urlTemplate\":\"https:\/\/hillsong.com\/usa\/?s={search_term_string}\"},\"query-input\":\"required name=search_term_string\"}],\"inLanguage\":\"es-ES\"},{\"@type\":\"WebPage\",\"@id\":\"https:\/\/hillsong.com\/usa\/eastcoast\/#webpage\",\"url\":\"https:\/\/hillsong.com\/usa\/eastcoast\/\",\"name\":\"[:en]Hillsong Church East Coast - MASTER[:de]Hillsong Church East Coast - Locations and Service Times[:fr]Hillsong Church East Coast - Locations and Service Times[:es]Hillsong Church East Coast - Locations and Service Times[:pt]Hillsong Church East Coast - Locations and Service Times[:pb]Hillsong Church East Coast - Locations and Service Times[:ru]Hillsong Church East Coast - Locations and Service Times[:sv]Hillsong Church East Coast - Locations and Service Times[:id]Hillsong Church East Coast - Locations and Service Times[:da]Hillsong Church East Coast - Locations and Service Times[:no]Hillsong Church East Coast - Locations and Service Times[:nl]Hillsong Church East Coast - Locations and Service Times[:it]Hillsong Church East Coast - Locations and Service Times[:] - USA\",\"isPartOf\":{\"@id\":\"https:\/\/hillsong.com\/usa\/#website\"},\"datePublished\":\"2018-09-29T00:00:00+00:00\",\"dateModified\":\"2020-08-30T11:04:57+00:00\",\"breadcrumb\":{\"@id\":\"https:\/\/hillsong.com\/usa\/eastcoast\/#breadcrumb\"},\"inLanguage\":\"es-ES\",\"potentialAction\":[{\"@type\":\"ReadAction\",\"target\":[\"https:\/\/hillsong.com\/usa\/eastcoast\/\"]}]},{\"@type\":\"BreadcrumbList\",\"@id\":\"https:\/\/hillsong.com\/usa\/eastcoast\/#breadcrumb\",\"itemListElement\":[{\"@type\":\"ListItem\",\"position\":1,\"name\":\"Home\",\"item\":\"https:\/\/hillsong.com\/usa\/\"},{\"@type\":\"ListItem\",\"position\":2,\"name\":\"Hillsong Church East Coast &#8211; MASTER\"}]}]}<\/script>\n<!-- \/ Yoast SEO plugin. -->","yoast_head_json":{"title":"[:en]Hillsong Church East Coast - MASTER[:de]Hillsong Church East Coast - Locations and Service Times[:fr]Hillsong Church East Coast - Locations and Service Times[:es]Hillsong Church East Coast - Locations and Service Times[:pt]Hillsong Church East Coast - Locations and Service Times[:pb]Hillsong Church East Coast - Locations and Service Times[:ru]Hillsong Church East Coast - Locations and Service Times[:sv]Hillsong Church East Coast - Locations and Service Times[:id]Hillsong Church East Coast - Locations and Service Times[:da]Hillsong Church East Coast - Locations and Service Times[:no]Hillsong Church East Coast - Locations and Service Times[:nl]Hillsong Church East Coast - Locations and Service Times[:it]Hillsong Church East Coast - Locations and Service Times[:] - USA","robots":{"index":"index","follow":"follow","max-snippet":"max-snippet:-1","max-image-preview":"max-image-preview:large","max-video-preview":"max-video-preview:-1"},"canonical":"https:\/\/hillsong.com\/usa\/eastcoast\/","og_locale":"es_ES","og_type":"article","og_title":"[:en]Hillsong Church East Coast - MASTER[:de]Hillsong Church East Coast - Locations and Service Times[:fr]Hillsong Church East Coast - Locations and Service Times[:es]Hillsong Church East Coast - Locations and Service Times[:pt]Hillsong Church East Coast - Locations and Service Times[:pb]Hillsong Church East Coast - Locations and Service Times[:ru]Hillsong Church East Coast - Locations and Service Times[:sv]Hillsong Church East Coast - Locations and Service Times[:id]Hillsong Church East Coast - Locations and Service Times[:da]Hillsong Church East Coast - Locations and Service Times[:no]Hillsong Church East Coast - Locations and Service Times[:nl]Hillsong Church East Coast - Locations and Service Times[:it]Hillsong Church East Coast - Locations and Service Times[:] - USA","og_description":"Disculpa, pero esta entrada est\u00e1 disponible s\u00f3lo en Ingl\u00e9s Estadounidense.","og_url":"https:\/\/hillsong.com\/usa\/eastcoast\/","og_site_name":"USA","article_modified_time":"2020-08-30T11:04:57+00:00","twitter_card":"summary_large_image","schema":{"@context":"https:\/\/schema.org","@graph":[{"@type":"WebSite","@id":"https:\/\/hillsong.com\/usa\/#website","url":"https:\/\/hillsong.com\/usa\/","name":"USA","description":"","potentialAction":[{"@type":"SearchAction","target":{"@type":"EntryPoint","urlTemplate":"https:\/\/hillsong.com\/usa\/?s={search_term_string}"},"query-input":"required name=search_term_string"}],"inLanguage":"es-ES"},{"@type":"WebPage","@id":"https:\/\/hillsong.com\/usa\/eastcoast\/#webpage","url":"https:\/\/hillsong.com\/usa\/eastcoast\/","name":"[:en]Hillsong Church East Coast - MASTER[:de]Hillsong Church East Coast - Locations and Service Times[:fr]Hillsong Church East Coast - Locations and Service Times[:es]Hillsong Church East Coast - Locations and Service Times[:pt]Hillsong Church East Coast - Locations and Service Times[:pb]Hillsong Church East Coast - Locations and Service Times[:ru]Hillsong Church East Coast - Locations and Service Times[:sv]Hillsong Church East Coast - Locations and Service Times[:id]Hillsong Church East Coast - Locations and Service Times[:da]Hillsong Church East Coast - Locations and Service Times[:no]Hillsong Church East Coast - Locations and Service Times[:nl]Hillsong Church East Coast - Locations and Service Times[:it]Hillsong Church East Coast - Locations and Service Times[:] - USA","isPartOf":{"@id":"https:\/\/hillsong.com\/usa\/#website"},"datePublished":"2018-09-29T00:00:00+00:00","dateModified":"2020-08-30T11:04:57+00:00","breadcrumb":{"@id":"https:\/\/hillsong.com\/usa\/eastcoast\/#breadcrumb"},"inLanguage":"es-ES","potentialAction":[{"@type":"ReadAction","target":["https:\/\/hillsong.com\/usa\/eastcoast\/"]}]},{"@type":"BreadcrumbList","@id":"https:\/\/hillsong.com\/usa\/eastcoast\/#breadcrumb","itemListElement":[{"@type":"ListItem","position":1,"name":"Home","item":"https:\/\/hillsong.com\/usa\/"},{"@type":"ListItem","position":2,"name":"Hillsong Church East Coast &#8211; MASTER"}]}]}},"_links":{"self":[{"href":"https:\/\/hillsong.com\/usa\/es\/wp-json\/wp\/v2\/pages\/496461"}],"collection":[{"href":"https:\/\/hillsong.com\/usa\/es\/wp-json\/wp\/v2\/pages"}],"about":[{"href":"https:\/\/hillsong.com\/usa\/es\/wp-json\/wp\/v2\/types\/page"}],"author":[{"embeddable":true,"href":"https:\/\/hillsong.com\/usa\/es\/wp-json\/wp\/v2\/users\/14609"}],"replies":[{"embeddable":true,"href":"https:\/\/hillsong.com\/usa\/es\/wp-json\/wp\/v2\/comments?post=496461"}],"version-history":[{"count":3,"href":"https:\/\/hillsong.com\/usa\/es\/wp-json\/wp\/v2\/pages\/496461\/revisions"}],"predecessor-version":[{"id":641561,"href":"https:\/\/hillsong.com\/usa\/es\/wp-json\/wp\/v2\/pages\/496461\/revisions\/641561"}],"wp:attachment":[{"href":"https:\/\/hillsong.com\/usa\/es\/wp-json\/wp\/v2\/media?parent=496461"}],"curies":[{"name":"wp","href":"https:\/\/api.w.org\/{rel}","templated":true}]}}